{"id":1819,"date":"2024-03-29T13:05:04","date_gmt":"2024-03-29T11:05:04","guid":{"rendered":"https:\/\/mbosnovnaskola.mbuniverzitet.edu.rs\/?page_id=1819"},"modified":"2025-09-18T12:07:28","modified_gmt":"2025-09-18T10:07:28","slug":"nastavni-plan-i-program","status":"publish","type":"page","link":"https:\/\/mbosnovnaskola.mbuniverzitet.edu.rs\/en\/nastavni-plan-i-program\/","title":{"rendered":"Nastavni plan i program"},"content":{"rendered":"<div data-elementor-type=\"wp-page\" data-elementor-id=\"1819\" class=\"elementor elementor-1819\">\n\t\t\t\t<div class=\"elementor-element elementor-element-44730e1 e-flex e-con-boxed e-con e-parent\" data-id=\"44730e1\" data-element_type=\"container\" data-e-type=\"container\" data-settings=\"{&quot;background_background&quot;:&quot;classic&quot;}\">\n\t\t\t\t\t<div class=\"e-con-inner\">\n\t\t<div class=\"elementor-element elementor-element-89bcd3d e-con-full e-flex e-con e-child\" data-id=\"89bcd3d\" data-element_type=\"container\" data-e-type=\"container\">\n\t\t<div class=\"elementor-element elementor-element-b3fe7af e-con-full e-flex e-con e-child\" data-id=\"b3fe7af\" data-element_type=\"container\" data-e-type=\"container\">\n\t\t\t\t<div class=\"elementor-element elementor-element-12c2265 elementor-widget elementor-widget-heading\" data-id=\"12c2265\" data-element_type=\"widget\" data-e-type=\"widget\" data-widget_type=\"heading.default\">\n\t\t\t\t<div class=\"elementor-widget-container\">\n\t\t\t\t\t<h1 class=\"elementor-heading-title elementor-size-default\">\u0160TA VAM NUDI OSNOVNA \u0160KOLA ,,MB\u201c?<\/h1>\t\t\t\t<\/div>\n\t\t\t\t<\/div>\n\t\t\t\t<div class=\"elementor-element elementor-element-e17f168 elementor-widget elementor-widget-text-editor\" data-id=\"e17f168\" data-element_type=\"widget\" data-e-type=\"widget\" data-widget_type=\"text-editor.default\">\n\t\t\t\t<div class=\"elementor-widget-container\">\n\t\t\t\t\t\t\t\t\t<h4>At MB primary school, you can choose the National program.<\/h4><h4><strong>NATIONAL PROGRAM<\/strong><\/h4><h5>Taught in Serbian language<\/h5><h5>National diploma<\/h5><h6 class=\"translation-block\">Grades I\u2013IV<\/h6>\t\t\t\t\t\t\t\t<\/div>\n\t\t\t\t<\/div>\n\t\t\t\t<\/div>\n\t\t<div class=\"elementor-element elementor-element-ddecf76 e-con-full e-flex e-con e-child\" data-id=\"ddecf76\" data-element_type=\"container\" data-e-type=\"container\">\n\t\t\t\t<div class=\"elementor-element elementor-element-d439b12 elementor-widget elementor-widget-text-editor\" data-id=\"d439b12\" data-element_type=\"widget\" data-e-type=\"widget\" data-widget_type=\"text-editor.default\">\n\t\t\t\t<div class=\"elementor-widget-container\">\n\t\t\t\t\t\t\t\t\t<h4><strong>CURRICULUM<\/strong><\/h4><h6>From Grade I to Grade IV<\/h6><p>MB Primary School follows the official curriculum approved by the Ministry of Education, Science and Technological Development, continuously enriched with new teaching materials and creative workshops.<\/p><table width=\"604\"><thead><tr><td width=\"197\"><p>Subject<\/p><\/td><td width=\"88\"><p>Grade I<\/p><\/td><td width=\"95\"><p>Grade II<\/p><\/td><td width=\"100\"><p>Grade III<\/p><\/td><td width=\"125\"><p>Grade IV<\/p><\/td><\/tr><tr><td width=\"197\">\u00a0<\/td><td width=\"88\">\u00a0<\/td><td width=\"95\">\u00a0<\/td><td width=\"100\">\u00a0<\/td><td width=\"125\">\u00a0<\/td><\/tr><\/thead><tbody><tr><td><p><strong>Serbian Language<\/strong><\/p><\/td><td><p>180<\/p><\/td><td><p>180<\/p><\/td><td><p>180<\/p><\/td><td width=\"125\"><p>180<\/p><\/td><\/tr><tr><td><p><strong>Mathematics<\/strong><\/p><\/td><td><p>180<\/p><\/td><td><p>180<\/p><\/td><td><p>180<\/p><\/td><td width=\"125\"><p>180<\/p><\/td><\/tr><tr><td><p><strong>English Language<\/strong><\/p><\/td><td><p>72<\/p><\/td><td><p>72<\/p><\/td><td><p>72<\/p><\/td><td width=\"125\"><p>72<\/p><\/td><\/tr><tr><td><p><strong>The World Around Us<\/strong><\/p><\/td><td><p>72<\/p><\/td><td><p>72<\/p><\/td><td><p>\/<\/p><\/td><td width=\"125\"><p>\/<\/p><\/td><\/tr><tr><td><p><strong>Nature and Society<\/strong><\/p><\/td><td><p>\/<\/p><\/td><td><p>\/<\/p><\/td><td><p>72<\/p><\/td><td width=\"125\"><p>72<\/p><\/td><\/tr><tr><td><p><strong>Art Education<\/strong><\/p><\/td><td><p>36<\/p><\/td><td><p>72<\/p><\/td><td><p>72<\/p><\/td><td width=\"125\"><p>72<\/p><\/td><\/tr><tr><td><p class=\"translation-block\">Music Education<\/p><\/td><td><p>36<\/p><\/td><td><p>72<\/p><\/td><td><p>72<\/p><\/td><td width=\"125\"><p>72<\/p><\/td><\/tr><tr><td><p class=\"translation-block\">Physical Education<\/p><\/td><td><p>108<\/p><\/td><td><p>108<\/p><\/td><td><p>108<\/p><\/td><td width=\"125\"><p>108<\/p><\/td><\/tr><tr><td><p><strong>Digital World<\/strong><\/p><\/td><td><p>36<\/p><\/td><td><p>36<\/p><\/td><td><p>36<\/p><\/td><td width=\"125\"><p>36<\/p><\/td><\/tr><\/tbody><\/table><h6><strong>OTHER FORMS OF EDUCATIONAL ACTIVITIES (FIRST CYCLE OF PRIMARY EDUCATION)<\/strong><\/h6><table width=\"604\"><thead><tr><td width=\"243\"><p>Type of Activity<\/p><\/td><td width=\"85\"><p>Grade I<\/p><\/td><td width=\"85\"><p>Grade II<\/p><\/td><td width=\"85\"><p>Grade III<\/p><\/td><td width=\"106\"><p>Grade IV<\/p><\/td><\/tr><tr><td width=\"243\">\u00a0<\/td><td width=\"85\">\u00a0<\/td><td width=\"85\">\u00a0<\/td><td width=\"85\">\u00a0<\/td><td width=\"106\">\u00a0<\/td><\/tr><\/thead><tbody><tr><td><p class=\"translation-block\">Homeroom Class<\/p><\/td><td><p><strong>36<\/strong><\/p><\/td><td><p><strong>36<\/strong><\/p><\/td><td><p><strong>36<\/strong><\/p><\/td><td width=\"106\"><p><strong>34<\/strong><\/p><\/td><\/tr><tr><td><p><strong>Supplementary Lessons<\/strong><\/p><\/td><td><p><strong>36<\/strong><\/p><\/td><td><p><strong>36<\/strong><\/p><\/td><td><p><strong>36<\/strong><\/p><\/td><td width=\"106\"><p><strong>36<\/strong><\/p><\/td><\/tr><tr><td><p><strong>Additional Lessons<\/strong><\/p><\/td><td><p><strong>\/<\/strong><\/p><\/td><td><p><strong>\/<\/strong><\/p><\/td><td><p><strong>\/<\/strong><\/p><\/td><td width=\"106\"><p><strong>36<\/strong><\/p><\/td><\/tr><tr><td><p class=\"translation-block\">Extracurricular Activities (social, technical, humanitarian, sports, cultural \u2013 according to the school\u2019s annual plan)<\/p><\/td><td><p><strong>36 \u2013 72<\/strong><\/p><\/td><td><p><strong>36 \u2013 72<\/strong><\/p><\/td><td><p><strong>36 \u2013 72<\/strong><\/p><\/td><td width=\"106\"><p><strong>34 \u2013 68<\/strong><\/p><\/td><\/tr><tr><td><p><strong>Outdoor Schooling (field classes, nature trips)<\/strong><\/p><\/td><td><p><strong>7\u201310 days per year<\/strong><\/p><\/td><td><p><strong>7\u201310 days per year<\/strong><\/p><\/td><td><p><strong>7\u201310 days per year<\/strong><\/p><\/td><td width=\"106\"><p><strong>7\u201310 days per year<\/strong><\/p><\/td><\/tr><\/tbody><\/table>\t\t\t\t\t\t\t\t<\/div>\n\t\t\t\t<\/div>\n\t\t<div class=\"elementor-element elementor-element-7811ac6 e-con-full e-flex e-con e-child\" data-id=\"7811ac6\" data-element_type=\"container\" data-e-type=\"container\">\n\t\t<div class=\"elementor-element elementor-element-20a4514 e-con-full e-flex e-con e-child\" data-id=\"20a4514\" data-element_type=\"container\" data-e-type=\"container\">\n\t\t<div class=\"elementor-element elementor-element-2d8187f e-con-full e-flex e-con e-child\" data-id=\"2d8187f\" data-element_type=\"container\" data-e-type=\"container\">\n\t\t\t\t<div class=\"elementor-element elementor-element-e882c86 elementor-widget elementor-widget-text-editor\" data-id=\"e882c86\" data-element_type=\"widget\" data-e-type=\"widget\" data-widget_type=\"text-editor.default\">\n\t\t\t\t<div class=\"elementor-widget-container\">\n\t\t\t\t\t\t\t\t\t<p>U\u010denici Osnovne \u0161kole ,,MB\u201c zavole\u0107e u\u010denje i celokupno \u0161kolovanje uz jedinstveni i kreativni pristup usvajanja novih znanja. Pristup gradivu iz razli\u010ditih perspektiva omogu\u0107i\u0107e u\u010denicima da efikasno ispunjavaju svoje obaveze i postave va\u017ean temelj za budu\u0107nost.<\/p><p>Snala\u017eenje u\u010denika u po\u010detnim razredima osnovne \u0161kole je veoma va\u017eno za ostvarivanje njihovog potencijala.<\/p><p>Multidisciplinarno u\u010denje, moderno okru\u017eenje, softver za u\u010denje i brojne druge pogodnosi va\u0161e dete \u0107e podsta\u0107i na logi\u010dko razmi\u0161ljanje i samostalnost prilikom sticanja ve\u0161tina.<\/p><h5>I\u2013IV RAZRED<\/h5><p>Rani razredi osnovne \u0161kole posebno su va\u017eni za formiranje de\u010dje li\u010dnosti, zbog \u010dega je program u Osnovnoj \u0161koli ,,MB\u201c posebno prilago\u0111en ovom osetljivom periodu. Inovativnim pristupom im poma\u017eemo da na lak i zanimljiv na\u010din steknu potrebna znanja, ali i razviju ispravne principe i vrednosti.<\/p><p>Prepoznavanje i razvijanje talenata, kompletan de\u010dji razvoj, individualan pristup, multidisciplinarno u\u010denje i ve\u0161tine za 21. vek. I mnogo ljubavi. Da nam u\u010denici budu sre\u0107ni, uz radost i veliku ljubav<\/p>\t\t\t\t\t\t\t\t<\/div>\n\t\t\t\t<\/div>\n\t\t<div class=\"elementor-element elementor-element-6e0fa15 e-con-full e-flex e-con e-child\" data-id=\"6e0fa15\" data-element_type=\"container\" data-e-type=\"container\">\n\t\t\t\t<\/div>\n\t\t\t\t<\/div>\n\t\t\t\t<\/div>\n\t\t\t\t<\/div>\n\t\t\t\t<\/div>\n\t\t\t\t<\/div>\n\t\t\t\t\t<\/div>\n\t\t\t\t<\/div>\n\t\t\t\t<\/div>","protected":false},"excerpt":{"rendered":"<p>\u0160TA VAM NUDI OSNOVNA \u0160KOLA ,,MB\u201c? U Osnovnoj \u0161koli ,,MB\u201c mo\u017eete birati Nacionalni program NACIONALNI PROGRAM Na srpskom jeziku Nacionalna diploma I \u2013 IV\u00a0 RAZREDA NASTAVNI PLAN I PROGRAM OD PRVOG DO \u010cETVRTOG RAZREDA Osnovna \u0161kola radi po nastavnom planu i programu koji je odobrilo Ministarstvo prosvete, nauke i tehnolo\u0161kog razvoja, a koji\u00a0neprekidno oboga\u0107ujemo novim [&hellip;]<\/p>\n","protected":false},"author":1,"featured_media":0,"parent":0,"menu_order":0,"comment_status":"closed","ping_status":"closed","template":"","meta":{"site-sidebar-layout":"no-sidebar","site-content-layout":"page-builder","ast-site-content-layout":"full-width-container","site-content-style":"unboxed","site-sidebar-style":"unboxed","ast-global-header-display":"","ast-banner-title-visibility":"","ast-main-header-display":"","ast-hfb-above-header-display":"","ast-hfb-below-header-display":"","ast-hfb-mobile-header-display":"","site-post-title":"disabled","ast-breadcrumbs-content":"","ast-featured-img":"disabled","footer-sml-layout":"","ast-disable-related-posts":"","theme-transparent-header-meta":"enabled","adv-header-id-meta":"","stick-header-meta":"","header-above-stick-meta":"","header-main-stick-meta":"","header-below-stick-meta":"","astra-migrate-meta-layouts":"set","ast-page-background-enabled":"default","ast-page-background-meta":{"desktop":{"background-color":"var(--ast-global-color-4)","background-image":"","background-repeat":"repeat","background-position":"center center","background-size":"auto","background-attachment":"scroll","background-type":"","background-media":"","overlay-type":"","overlay-color":"","overlay-opacity":"","overlay-gradient":""},"tablet":{"background-color":"","background-image":"","background-repeat":"repeat","background-position":"center center","background-size":"auto","background-attachment":"scroll","background-type":"","background-media":"","overlay-type":"","overlay-color":"","overlay-opacity":"","overlay-gradient":""},"mobile":{"background-color":"","background-image":"","background-repeat":"repeat","background-position":"center center","background-size":"auto","background-attachment":"scroll","background-type":"","background-media":"","overlay-type":"","overlay-color":"","overlay-opacity":"","overlay-gradient":""}},"ast-content-background-meta":{"desktop":{"background-color":"var(--ast-global-color-5)","background-image":"","background-repeat":"repeat","background-position":"center center","background-size":"auto","background-attachment":"scroll","background-type":"","background-media":"","overlay-type":"","overlay-color":"","overlay-opacity":"","overlay-gradient":""},"tablet":{"background-color":"var(--ast-global-color-5)","background-image":"","background-repeat":"repeat","background-position":"center center","background-size":"auto","background-attachment":"scroll","background-type":"","background-media":"","overlay-type":"","overlay-color":"","overlay-opacity":"","overlay-gradient":""},"mobile":{"background-color":"var(--ast-global-color-5)","background-image":"","background-repeat":"repeat","background-position":"center center","background-size":"auto","background-attachment":"scroll","background-type":"","background-media":"","overlay-type":"","overlay-color":"","overlay-opacity":"","overlay-gradient":""}},"footnotes":""},"class_list":["post-1819","page","type-page","status-publish","hentry"],"yoast_head":"<!-- This site is optimized with the Yoast SEO plugin v27.4 - https:\/\/yoast.com\/product\/yoast-seo-wordpress\/ -->\n<title>Nastavni plan i program - Osnovna \u0161kola &quot;MB&quot;<\/title>\n<meta name=\"robots\" content=\"index, follow, max-snippet:-1, max-image-preview:large, max-video-preview:-1\" \/>\n<link rel=\"canonical\" href=\"https:\/\/mbosnovnaskola.mbuniverzitet.edu.rs\/en\/nastavni-plan-i-program\/\" \/>\n<meta property=\"og:locale\" content=\"en_GB\" \/>\n<meta property=\"og:type\" content=\"article\" \/>\n<meta property=\"og:title\" content=\"Nastavni plan i program - Osnovna \u0161kola &quot;MB&quot;\" \/>\n<meta property=\"og:description\" content=\"\u0160TA VAM NUDI OSNOVNA \u0160KOLA ,,MB\u201c? U Osnovnoj \u0161koli ,,MB\u201c mo\u017eete birati Nacionalni program NACIONALNI PROGRAM Na srpskom jeziku Nacionalna diploma I \u2013 IV\u00a0 RAZREDA NASTAVNI PLAN I PROGRAM OD PRVOG DO \u010cETVRTOG RAZREDA Osnovna \u0161kola radi po nastavnom planu i programu koji je odobrilo Ministarstvo prosvete, nauke i tehnolo\u0161kog razvoja, a koji\u00a0neprekidno oboga\u0107ujemo novim [&hellip;]\" \/>\n<meta property=\"og:url\" content=\"https:\/\/mbosnovnaskola.mbuniverzitet.edu.rs\/en\/nastavni-plan-i-program\/\" \/>\n<meta property=\"og:site_name\" content=\"Osnovna \u0161kola &quot;MB&quot;\" \/>\n<meta property=\"article:modified_time\" content=\"2025-09-18T10:07:28+00:00\" \/>\n<meta name=\"twitter:card\" content=\"summary_large_image\" \/>\n<meta name=\"twitter:label1\" content=\"Estimated reading time\" \/>\n\t<meta name=\"twitter:data1\" content=\"2 minutes\" \/>\n<script type=\"application\/ld+json\" class=\"yoast-schema-graph\">{\"@context\":\"https:\\\/\\\/schema.org\",\"@graph\":[{\"@type\":\"WebPage\",\"@id\":\"https:\\\/\\\/mbosnovnaskola.mbuniverzitet.edu.rs\\\/nastavni-plan-i-program\\\/\",\"url\":\"https:\\\/\\\/mbosnovnaskola.mbuniverzitet.edu.rs\\\/nastavni-plan-i-program\\\/\",\"name\":\"Nastavni plan i program - Osnovna \u0161kola &quot;MB&quot;\",\"isPartOf\":{\"@id\":\"https:\\\/\\\/mbosnovnaskola.mbuniverzitet.edu.rs\\\/#website\"},\"datePublished\":\"2024-03-29T11:05:04+00:00\",\"dateModified\":\"2025-09-18T10:07:28+00:00\",\"breadcrumb\":{\"@id\":\"https:\\\/\\\/mbosnovnaskola.mbuniverzitet.edu.rs\\\/nastavni-plan-i-program\\\/#breadcrumb\"},\"inLanguage\":\"en-GB\",\"potentialAction\":[{\"@type\":\"ReadAction\",\"target\":[\"https:\\\/\\\/mbosnovnaskola.mbuniverzitet.edu.rs\\\/nastavni-plan-i-program\\\/\"]}]},{\"@type\":\"BreadcrumbList\",\"@id\":\"https:\\\/\\\/mbosnovnaskola.mbuniverzitet.edu.rs\\\/nastavni-plan-i-program\\\/#breadcrumb\",\"itemListElement\":[{\"@type\":\"ListItem\",\"position\":1,\"name\":\"Home\",\"item\":\"https:\\\/\\\/mbosnovnaskola.mbuniverzitet.edu.rs\\\/\"},{\"@type\":\"ListItem\",\"position\":2,\"name\":\"Nastavni plan i program\"}]},{\"@type\":\"WebSite\",\"@id\":\"https:\\\/\\\/mbosnovnaskola.mbuniverzitet.edu.rs\\\/#website\",\"url\":\"https:\\\/\\\/mbosnovnaskola.mbuniverzitet.edu.rs\\\/\",\"name\":\"mbosnovnaskola.mbuniverzitet.edu.rs\",\"description\":\"\",\"publisher\":{\"@id\":\"https:\\\/\\\/mbosnovnaskola.mbuniverzitet.edu.rs\\\/#organization\"},\"potentialAction\":[{\"@type\":\"SearchAction\",\"target\":{\"@type\":\"EntryPoint\",\"urlTemplate\":\"https:\\\/\\\/mbosnovnaskola.mbuniverzitet.edu.rs\\\/?s={search_term_string}\"},\"query-input\":{\"@type\":\"PropertyValueSpecification\",\"valueRequired\":true,\"valueName\":\"search_term_string\"}}],\"inLanguage\":\"en-GB\"},{\"@type\":\"Organization\",\"@id\":\"https:\\\/\\\/mbosnovnaskola.mbuniverzitet.edu.rs\\\/#organization\",\"name\":\"Osnovna \u0161kola \\\"MB\\\"\",\"url\":\"https:\\\/\\\/mbosnovnaskola.mbuniverzitet.edu.rs\\\/\",\"logo\":{\"@type\":\"ImageObject\",\"inLanguage\":\"en-GB\",\"@id\":\"https:\\\/\\\/mbosnovnaskola.mbuniverzitet.edu.rs\\\/#\\\/schema\\\/logo\\\/image\\\/\",\"url\":\"https:\\\/\\\/mbosnovnaskola.mbuniverzitet.edu.rs\\\/wp-content\\\/uploads\\\/2024\\\/10\\\/OS-MB-logo.png\",\"contentUrl\":\"https:\\\/\\\/mbosnovnaskola.mbuniverzitet.edu.rs\\\/wp-content\\\/uploads\\\/2024\\\/10\\\/OS-MB-logo.png\",\"width\":200,\"height\":134,\"caption\":\"Osnovna \u0161kola \\\"MB\\\"\"},\"image\":{\"@id\":\"https:\\\/\\\/mbosnovnaskola.mbuniverzitet.edu.rs\\\/#\\\/schema\\\/logo\\\/image\\\/\"}}]}<\/script>\n<!-- \/ Yoast SEO plugin. -->","yoast_head_json":{"title":"Nastavni plan i program - Osnovna \u0161kola &quot;MB&quot;","robots":{"index":"index","follow":"follow","max-snippet":"max-snippet:-1","max-image-preview":"max-image-preview:large","max-video-preview":"max-video-preview:-1"},"canonical":"https:\/\/mbosnovnaskola.mbuniverzitet.edu.rs\/en\/nastavni-plan-i-program\/","og_locale":"en_GB","og_type":"article","og_title":"Nastavni plan i program - Osnovna \u0161kola &quot;MB&quot;","og_description":"\u0160TA VAM NUDI OSNOVNA \u0160KOLA ,,MB\u201c? U Osnovnoj \u0161koli ,,MB\u201c mo\u017eete birati Nacionalni program NACIONALNI PROGRAM Na srpskom jeziku Nacionalna diploma I \u2013 IV\u00a0 RAZREDA NASTAVNI PLAN I PROGRAM OD PRVOG DO \u010cETVRTOG RAZREDA Osnovna \u0161kola radi po nastavnom planu i programu koji je odobrilo Ministarstvo prosvete, nauke i tehnolo\u0161kog razvoja, a koji\u00a0neprekidno oboga\u0107ujemo novim [&hellip;]","og_url":"https:\/\/mbosnovnaskola.mbuniverzitet.edu.rs\/en\/nastavni-plan-i-program\/","og_site_name":"Osnovna \u0161kola &quot;MB&quot;","article_modified_time":"2025-09-18T10:07:28+00:00","twitter_card":"summary_large_image","twitter_misc":{"Estimated reading time":"2 minutes"},"schema":{"@context":"https:\/\/schema.org","@graph":[{"@type":"WebPage","@id":"https:\/\/mbosnovnaskola.mbuniverzitet.edu.rs\/nastavni-plan-i-program\/","url":"https:\/\/mbosnovnaskola.mbuniverzitet.edu.rs\/nastavni-plan-i-program\/","name":"Nastavni plan i program - Osnovna \u0161kola &quot;MB&quot;","isPartOf":{"@id":"https:\/\/mbosnovnaskola.mbuniverzitet.edu.rs\/#website"},"datePublished":"2024-03-29T11:05:04+00:00","dateModified":"2025-09-18T10:07:28+00:00","breadcrumb":{"@id":"https:\/\/mbosnovnaskola.mbuniverzitet.edu.rs\/nastavni-plan-i-program\/#breadcrumb"},"inLanguage":"en-GB","potentialAction":[{"@type":"ReadAction","target":["https:\/\/mbosnovnaskola.mbuniverzitet.edu.rs\/nastavni-plan-i-program\/"]}]},{"@type":"BreadcrumbList","@id":"https:\/\/mbosnovnaskola.mbuniverzitet.edu.rs\/nastavni-plan-i-program\/#breadcrumb","itemListElement":[{"@type":"ListItem","position":1,"name":"Home","item":"https:\/\/mbosnovnaskola.mbuniverzitet.edu.rs\/"},{"@type":"ListItem","position":2,"name":"Nastavni plan i program"}]},{"@type":"WebSite","@id":"https:\/\/mbosnovnaskola.mbuniverzitet.edu.rs\/#website","url":"https:\/\/mbosnovnaskola.mbuniverzitet.edu.rs\/","name":"mbosnovnaskola.mbuniverzitet.edu.rs","description":"","publisher":{"@id":"https:\/\/mbosnovnaskola.mbuniverzitet.edu.rs\/#organization"},"potentialAction":[{"@type":"SearchAction","target":{"@type":"EntryPoint","urlTemplate":"https:\/\/mbosnovnaskola.mbuniverzitet.edu.rs\/?s={search_term_string}"},"query-input":{"@type":"PropertyValueSpecification","valueRequired":true,"valueName":"search_term_string"}}],"inLanguage":"en-GB"},{"@type":"Organization","@id":"https:\/\/mbosnovnaskola.mbuniverzitet.edu.rs\/#organization","name":"Osnovna \u0161kola \"MB\"","url":"https:\/\/mbosnovnaskola.mbuniverzitet.edu.rs\/","logo":{"@type":"ImageObject","inLanguage":"en-GB","@id":"https:\/\/mbosnovnaskola.mbuniverzitet.edu.rs\/#\/schema\/logo\/image\/","url":"https:\/\/mbosnovnaskola.mbuniverzitet.edu.rs\/wp-content\/uploads\/2024\/10\/OS-MB-logo.png","contentUrl":"https:\/\/mbosnovnaskola.mbuniverzitet.edu.rs\/wp-content\/uploads\/2024\/10\/OS-MB-logo.png","width":200,"height":134,"caption":"Osnovna \u0161kola \"MB\""},"image":{"@id":"https:\/\/mbosnovnaskola.mbuniverzitet.edu.rs\/#\/schema\/logo\/image\/"}}]}},"_links":{"self":[{"href":"https:\/\/mbosnovnaskola.mbuniverzitet.edu.rs\/en\/wp-json\/wp\/v2\/pages\/1819","targetHints":{"allow":["GET"]}}],"collection":[{"href":"https:\/\/mbosnovnaskola.mbuniverzitet.edu.rs\/en\/wp-json\/wp\/v2\/pages"}],"about":[{"href":"https:\/\/mbosnovnaskola.mbuniverzitet.edu.rs\/en\/wp-json\/wp\/v2\/types\/page"}],"author":[{"embeddable":true,"href":"https:\/\/mbosnovnaskola.mbuniverzitet.edu.rs\/en\/wp-json\/wp\/v2\/users\/1"}],"replies":[{"embeddable":true,"href":"https:\/\/mbosnovnaskola.mbuniverzitet.edu.rs\/en\/wp-json\/wp\/v2\/comments?post=1819"}],"version-history":[{"count":0,"href":"https:\/\/mbosnovnaskola.mbuniverzitet.edu.rs\/en\/wp-json\/wp\/v2\/pages\/1819\/revisions"}],"wp:attachment":[{"href":"https:\/\/mbosnovnaskola.mbuniverzitet.edu.rs\/en\/wp-json\/wp\/v2\/media?parent=1819"}],"curies":[{"name":"wp","href":"https:\/\/api.w.org\/{rel}","templated":true}]}}