{"id":1831,"date":"2024-03-29T13:04:53","date_gmt":"2024-03-29T11:04:53","guid":{"rendered":"https:\/\/mbosnovnaskola.mbuniverzitet.edu.rs\/?page_id=1831"},"modified":"2025-09-18T13:03:11","modified_gmt":"2025-09-18T11:03:11","slug":"direktor-i-strucne-sluzbe","status":"publish","type":"page","link":"https:\/\/mbosnovnaskola.mbuniverzitet.edu.rs\/en\/direktor-i-strucne-sluzbe\/","title":{"rendered":"Direktor i stru\u010dne slu\u017ebe"},"content":{"rendered":"<div data-elementor-type=\"wp-page\" data-elementor-id=\"1831\" class=\"elementor elementor-1831\">\n\t\t\t\t<div class=\"elementor-element elementor-element-8479f1f e-flex e-con-boxed e-con e-parent\" data-id=\"8479f1f\" data-element_type=\"container\" data-e-type=\"container\">\n\t\t\t\t\t<div class=\"e-con-inner\">\n\t\t\t\t<div class=\"elementor-element elementor-element-e02ea2b elementor-widget elementor-widget-image\" data-id=\"e02ea2b\" data-element_type=\"widget\" data-e-type=\"widget\" data-widget_type=\"image.default\">\n\t\t\t\t<div class=\"elementor-widget-container\">\n\t\t\t\t\t\t\t\t\t\t\t\t<figure class=\"wp-caption\">\n\t\t\t\t\t\t\t\t\t\t<img fetchpriority=\"high\" decoding=\"async\" width=\"300\" height=\"266\" src=\"https:\/\/mbosnovnaskola.mbuniverzitet.edu.rs\/wp-content\/uploads\/2024\/03\/Stranica-u-izradi-300x266.png\" class=\"attachment-medium size-medium wp-image-1801\" alt=\"\" srcset=\"https:\/\/mbosnovnaskola.mbuniverzitet.edu.rs\/wp-content\/uploads\/2024\/03\/Stranica-u-izradi-300x266.png 300w, https:\/\/mbosnovnaskola.mbuniverzitet.edu.rs\/wp-content\/uploads\/2024\/03\/Stranica-u-izradi-768x680.png 768w, https:\/\/mbosnovnaskola.mbuniverzitet.edu.rs\/wp-content\/uploads\/2024\/03\/elementor\/thumbs\/Stranica-u-izradi-qlx5vfwke7nvvsf4orltndorqxgkbdqsmwtqmbk9vg.png 260w, https:\/\/mbosnovnaskola.mbuniverzitet.edu.rs\/wp-content\/uploads\/2024\/03\/Stranica-u-izradi.png 1000w\" sizes=\"(max-width: 300px) 100vw, 300px\" \/>\t\t\t\t\t\t\t\t\t\t\t<figcaption class=\"widget-image-caption wp-caption-text\">Stranica u izradi<\/figcaption>\n\t\t\t\t\t\t\t\t\t\t<\/figure>\n\t\t\t\t\t\t\t\t\t<\/div>\n\t\t\t\t<\/div>\n\t\t\t\t\t<\/div>\n\t\t\t\t<\/div>\n\t\t<div class=\"elementor-element elementor-element-1ef3798 elementor-hidden-desktop elementor-hidden-tablet elementor-hidden-mobile e-flex e-con-boxed e-con e-parent\" data-id=\"1ef3798\" data-element_type=\"container\" data-e-type=\"container\" data-settings=\"{&quot;background_background&quot;:&quot;classic&quot;}\">\n\t\t\t\t\t<div class=\"e-con-inner\">\n\t\t<div class=\"elementor-element elementor-element-f78715b e-con-full e-flex e-con e-child\" data-id=\"f78715b\" data-element_type=\"container\" data-e-type=\"container\">\n\t\t<div class=\"elementor-element elementor-element-7b0cab2 e-con-full e-flex e-con e-child\" data-id=\"7b0cab2\" data-element_type=\"container\" data-e-type=\"container\">\n\t\t\t\t<div class=\"elementor-element elementor-element-09c112c elementor-widget elementor-widget-text-editor\" data-id=\"09c112c\" data-element_type=\"widget\" data-e-type=\"widget\" data-widget_type=\"text-editor.default\">\n\t\t\t\t<div class=\"elementor-widget-container\">\n\t\t\t\t\t\t\t\t\t<h4>DODATNE USLUGE<\/h4><p>Osnovci \u0161kole ,,MB\u201c koriste brojne razli\u010dite usluge koje imaju za cilj da njihov boravak u \u0161koli u\u010dine maksimalno komfornim i stvore \u0161to bolje uslove za u\u010denje.<\/p><p>Od prevoza, ishrane, ekskurzija i rekreativne nastave, Fun and study time-a za sve na\u0161e u\u010denike, do razli\u010ditih radionica \u2013 Osnovna \u0161kola ,,MB\u201c \u00a0stoji na raspolaganju vama i va\u0161em detetu.<\/p><h6>ORGANIZOVAN PREVOZ<\/h6><p>Osnovna \u0161kola ,,MB\u201c \u00a0nudi uslugu\u00a0organizovanog prevoza\u00a0u\u010denika od ku\u0107e do \u0161kole i od \u0161kole do ku\u0107e.<\/p><p>Cena se formira u odnosu na broj u\u010denika koji idu u istom pravcu, broj dana za koje je potreban prevoz i razdaljinu koja se prelazi.<\/p><h6>FUN AND STUDY TIME<\/h6><p>Osnovna \u0161kola ,,MB\u201c \u00a0pru\u017ea mogu\u0107nost u\u010denicima\u00a0Fun and study time-a.<\/p><p>Posve\u0107en tim u\u010ditelja, nastavnika i pedagoga postara\u0107e se da vreme provedeno u \u0161koli van redovne nastave bude sadr\u017eajno i relaksiraju\u0107e. U\u010denici \u0107e zavr\u0161iti svoje doma\u0107e zadatke, a preostalo vreme mogu da se odmaraju u prostorijama za relaksaciju ili da sti\u010du dodatno znanje iz oblasti koje ih interesuju.<\/p><p><img decoding=\"async\" class=\"aligncenter wp-image-2615 size-full\" src=\"https:\/\/mbosnovnaskola.mbuniverzitet.edu.rs\/wp-content\/uploads\/2024\/04\/OS-MB_slika-15.jpg\" alt=\"\" width=\"800\" height=\"533\" srcset=\"https:\/\/mbosnovnaskola.mbuniverzitet.edu.rs\/wp-content\/uploads\/2024\/04\/OS-MB_slika-15.jpg 800w, https:\/\/mbosnovnaskola.mbuniverzitet.edu.rs\/wp-content\/uploads\/2024\/04\/OS-MB_slika-15-300x200.jpg 300w, https:\/\/mbosnovnaskola.mbuniverzitet.edu.rs\/wp-content\/uploads\/2024\/04\/OS-MB_slika-15-768x512.jpg 768w, https:\/\/mbosnovnaskola.mbuniverzitet.edu.rs\/wp-content\/uploads\/2024\/04\/elementor\/thumbs\/OS-MB_slika-15-qmjmiayhim3jabj2c2owyxy3qkoguif1xh6mcv4lnk.jpg 600w\" sizes=\"(max-width: 800px) 100vw, 800px\" \/><\/p><h6>\u00a0<\/h6><h6>ZDRAVA ISHRANA<\/h6><p>U\u010denici Osnovne \u0161kole ,,MB\u201c \u00a0mogu da se pretplate na\u00a0zdrav dnevni meni u \u0161koli\u00a0koji sadr\u017ei doru\u010dak (zdrave pite, ukusne vo\u0107ne ka\u0161e\u2026) i ru\u010dak (supa, glavno jelo, salata, pecivo), a koji se formira u dogovoru sa roditeljima \u010dije sugestije oslu\u0161kuje dostavlja\u010d keteringa.<\/p><p>Svakog meseca roditelj bira koja jela \u017eeli da budu na meniju njegovog deteta. Obroke doprema odabrana ketering slu\u017eba, a hrana se servira u \u0161kolskom restoranu.<\/p><p>\u00a0<\/p><h6><img decoding=\"async\" class=\"aligncenter wp-image-2648 size-full\" src=\"https:\/\/mbosnovnaskola.mbuniverzitet.edu.rs\/wp-content\/uploads\/2024\/04\/OS-MB-Ishrana-slika.jpg\" alt=\"\" width=\"600\" height=\"400\" srcset=\"https:\/\/mbosnovnaskola.mbuniverzitet.edu.rs\/wp-content\/uploads\/2024\/04\/OS-MB-Ishrana-slika.jpg 600w, https:\/\/mbosnovnaskola.mbuniverzitet.edu.rs\/wp-content\/uploads\/2024\/04\/OS-MB-Ishrana-slika-300x200.jpg 300w\" sizes=\"(max-width: 600px) 100vw, 600px\" \/><\/h6><h6>\u00a0<\/h6><h6>REKREATIVNA NASTAVA<\/h6><p>Za u\u010denike Osnovne \u0161kole ,,MB\u201c \u00a0od I do IV razreda organizujemo rekreativnu nastavu, \u010dime im omogu\u0107avamo da na zanimljivim destinacijama sti\u010du nova znanja i u\u010dvr\u0161\u0107uju prijateljstva.<\/p><p>Zajedno sa roditeljima biramo destinaciju i period godine u kom \u0107e se nastava realizovati, kao i agenciju koja realizacuje program rekreativne nastave.\u00a0<\/p><p><img loading=\"lazy\" decoding=\"async\" class=\"aligncenter wp-image-2623 size-full\" src=\"https:\/\/mbosnovnaskola.mbuniverzitet.edu.rs\/wp-content\/uploads\/2024\/04\/OS-MB_slika-rekreativna-nastava.jpg\" alt=\"\" width=\"600\" height=\"400\" srcset=\"https:\/\/mbosnovnaskola.mbuniverzitet.edu.rs\/wp-content\/uploads\/2024\/04\/OS-MB_slika-rekreativna-nastava.jpg 600w, https:\/\/mbosnovnaskola.mbuniverzitet.edu.rs\/wp-content\/uploads\/2024\/04\/OS-MB_slika-rekreativna-nastava-300x200.jpg 300w\" sizes=\"(max-width: 600px) 100vw, 600px\" \/><\/p><h6>\u00a0<\/h6><h6>EKSKURZIJE I IZLETI<\/h6><p>Svake godine Osnovna \u0161kola ,,MB\u201c vodi u\u010denike na jednodnevne izlete ili vi\u0161ednevne ekskurzije, izlete ili studijska putovanja. U dogovoru sa roditeljima i u\u010denicima odre\u0111uju se mesta od kulturnog, istorijskog i turisti\u010dkog zna\u010daja koja \u0107e biti pose\u0107ena. U zavisnosti od destinacije i ponude agencija, formira se i cena. Za izbor agencije zadu\u017een je isklju\u010divo Savet roditelja \u0161kole.<\/p><p>Za u\u010denike koji ostaju u Beogradu obezbe\u0111uje se prilago\u0111ena nastava.<\/p><p><img loading=\"lazy\" decoding=\"async\" class=\"aligncenter wp-image-2628 size-full\" src=\"https:\/\/mbosnovnaskola.mbuniverzitet.edu.rs\/wp-content\/uploads\/2024\/04\/OS-MB-Ekskurzija-slika.jpg\" alt=\"\" width=\"600\" height=\"400\" srcset=\"https:\/\/mbosnovnaskola.mbuniverzitet.edu.rs\/wp-content\/uploads\/2024\/04\/OS-MB-Ekskurzija-slika.jpg 600w, https:\/\/mbosnovnaskola.mbuniverzitet.edu.rs\/wp-content\/uploads\/2024\/04\/OS-MB-Ekskurzija-slika-300x200.jpg 300w\" sizes=\"(max-width: 600px) 100vw, 600px\" \/><\/p><h6>\u00a0<\/h6><h6>\u00a0<\/h6><h6>REDOVNA ZDRAVSTVENA ZA\u0160TITA I PREGLEDI<\/h6><p>U Osnovnoj \u0161koli ,,MB\u201c \u00a0zdravstvenoj za\u0161titi pridajemo posebnu pa\u017enju u svakom trenutku. Kako bi svojim u\u010denicima obezbedila najkvalitetniju zdravstvenu za\u0161titu i doprinela zdravom odrastanju, Osnovna \u0161kola ,,MB\u201c \u00a0\u00a0je obezbedila saradnju sa najboljim zdravstvenim sistemom u na\u0161oj zemlji.<\/p><p>Redovan godi\u0161nji sistematski pregled u\u010denika mogu\u0107e je obaviti u samoj \u0161koli po najpovoljnijoj ceni u organizaciji partnerskog zdravstvenog sistema.<\/p>\t\t\t\t\t\t\t\t<\/div>\n\t\t\t\t<\/div>\n\t\t\t\t<\/div>\n\t\t<div class=\"elementor-element elementor-element-c716fdb e-con-full e-flex e-con e-child\" data-id=\"c716fdb\" data-element_type=\"container\" data-e-type=\"container\">\n\t\t<div class=\"elementor-element elementor-element-d25c4fb e-con-full e-flex e-con e-child\" data-id=\"d25c4fb\" data-element_type=\"container\" data-e-type=\"container\">\n\t\t\t\t<\/div>\n\t\t\t\t<\/div>\n\t\t\t\t<\/div>\n\t\t\t\t\t<\/div>\n\t\t\t\t<\/div>\n\t\t\t\t<\/div>","protected":false},"excerpt":{"rendered":"<p>Stranica u izradi DODATNE USLUGE Osnovci \u0161kole ,,MB\u201c koriste brojne razli\u010dite usluge koje imaju za cilj da njihov boravak u \u0161koli u\u010dine maksimalno komfornim i stvore \u0161to bolje uslove za u\u010denje. Od prevoza, ishrane, ekskurzija i rekreativne nastave, Fun and study time-a za sve na\u0161e u\u010denike, do razli\u010ditih radionica \u2013 Osnovna \u0161kola ,,MB\u201c \u00a0stoji na [&hellip;]<\/p>\n","protected":false},"author":1,"featured_media":0,"parent":0,"menu_order":0,"comment_status":"closed","ping_status":"closed","template":"","meta":{"site-sidebar-layout":"no-sidebar","site-content-layout":"page-builder","ast-site-content-layout":"full-width-container","site-content-style":"unboxed","site-sidebar-style":"unboxed","ast-global-header-display":"","ast-banner-title-visibility":"","ast-main-header-display":"","ast-hfb-above-header-display":"","ast-hfb-below-header-display":"","ast-hfb-mobile-header-display":"","site-post-title":"disabled","ast-breadcrumbs-content":"","ast-featured-img":"disabled","footer-sml-layout":"","ast-disable-related-posts":"","theme-transparent-header-meta":"enabled","adv-header-id-meta":"","stick-header-meta":"","header-above-stick-meta":"","header-main-stick-meta":"","header-below-stick-meta":"","astra-migrate-meta-layouts":"set","ast-page-background-enabled":"default","ast-page-background-meta":{"desktop":{"background-color":"var(--ast-global-color-4)","background-image":"","background-repeat":"repeat","background-position":"center center","background-size":"auto","background-attachment":"scroll","background-type":"","background-media":"","overlay-type":"","overlay-color":"","overlay-opacity":"","overlay-gradient":""},"tablet":{"background-color":"","background-image":"","background-repeat":"repeat","background-position":"center center","background-size":"auto","background-attachment":"scroll","background-type":"","background-media":"","overlay-type":"","overlay-color":"","overlay-opacity":"","overlay-gradient":""},"mobile":{"background-color":"","background-image":"","background-repeat":"repeat","background-position":"center center","background-size":"auto","background-attachment":"scroll","background-type":"","background-media":"","overlay-type":"","overlay-color":"","overlay-opacity":"","overlay-gradient":""}},"ast-content-background-meta":{"desktop":{"background-color":"var(--ast-global-color-5)","background-image":"","background-repeat":"repeat","background-position":"center center","background-size":"auto","background-attachment":"scroll","background-type":"","background-media":"","overlay-type":"","overlay-color":"","overlay-opacity":"","overlay-gradient":""},"tablet":{"background-color":"var(--ast-global-color-5)","background-image":"","background-repeat":"repeat","background-position":"center center","background-size":"auto","background-attachment":"scroll","background-type":"","background-media":"","overlay-type":"","overlay-color":"","overlay-opacity":"","overlay-gradient":""},"mobile":{"background-color":"var(--ast-global-color-5)","background-image":"","background-repeat":"repeat","background-position":"center center","background-size":"auto","background-attachment":"scroll","background-type":"","background-media":"","overlay-type":"","overlay-color":"","overlay-opacity":"","overlay-gradient":""}},"footnotes":""},"class_list":["post-1831","page","type-page","status-publish","hentry"],"yoast_head":"<!-- This site is optimized with the Yoast SEO plugin v27.4 - https:\/\/yoast.com\/product\/yoast-seo-wordpress\/ -->\n<title>Direktor i stru\u010dne slu\u017ebe - Osnovna \u0161kola &quot;MB&quot;<\/title>\n<meta name=\"robots\" content=\"index, follow, max-snippet:-1, max-image-preview:large, max-video-preview:-1\" \/>\n<link rel=\"canonical\" href=\"https:\/\/mbosnovnaskola.mbuniverzitet.edu.rs\/en\/direktor-i-strucne-sluzbe\/\" \/>\n<meta property=\"og:locale\" content=\"en_GB\" \/>\n<meta property=\"og:type\" content=\"article\" \/>\n<meta property=\"og:title\" content=\"Direktor i stru\u010dne slu\u017ebe - Osnovna \u0161kola &quot;MB&quot;\" \/>\n<meta property=\"og:description\" content=\"Stranica u izradi DODATNE USLUGE Osnovci \u0161kole ,,MB\u201c koriste brojne razli\u010dite usluge koje imaju za cilj da njihov boravak u \u0161koli u\u010dine maksimalno komfornim i stvore \u0161to bolje uslove za u\u010denje. Od prevoza, ishrane, ekskurzija i rekreativne nastave, Fun and study time-a za sve na\u0161e u\u010denike, do razli\u010ditih radionica \u2013 Osnovna \u0161kola ,,MB\u201c \u00a0stoji na [&hellip;]\" \/>\n<meta property=\"og:url\" content=\"https:\/\/mbosnovnaskola.mbuniverzitet.edu.rs\/en\/direktor-i-strucne-sluzbe\/\" \/>\n<meta property=\"og:site_name\" content=\"Osnovna \u0161kola &quot;MB&quot;\" \/>\n<meta property=\"article:modified_time\" content=\"2025-09-18T11:03:11+00:00\" \/>\n<meta property=\"og:image\" content=\"https:\/\/mbosnovnaskola.mbuniverzitet.edu.rs\/wp-content\/uploads\/2024\/03\/Stranica-u-izradi.png\" \/>\n\t<meta property=\"og:image:width\" content=\"1000\" \/>\n\t<meta property=\"og:image:height\" content=\"886\" \/>\n\t<meta property=\"og:image:type\" content=\"image\/png\" \/>\n<meta name=\"twitter:card\" content=\"summary_large_image\" \/>\n<meta name=\"twitter:label1\" content=\"Estimated reading time\" \/>\n\t<meta name=\"twitter:data1\" content=\"3 minutes\" \/>\n<script type=\"application\/ld+json\" class=\"yoast-schema-graph\">{\"@context\":\"https:\\\/\\\/schema.org\",\"@graph\":[{\"@type\":\"WebPage\",\"@id\":\"https:\\\/\\\/mbosnovnaskola.mbuniverzitet.edu.rs\\\/direktor-i-strucne-sluzbe\\\/\",\"url\":\"https:\\\/\\\/mbosnovnaskola.mbuniverzitet.edu.rs\\\/direktor-i-strucne-sluzbe\\\/\",\"name\":\"Direktor i stru\u010dne slu\u017ebe - Osnovna \u0161kola &quot;MB&quot;\",\"isPartOf\":{\"@id\":\"https:\\\/\\\/mbosnovnaskola.mbuniverzitet.edu.rs\\\/#website\"},\"primaryImageOfPage\":{\"@id\":\"https:\\\/\\\/mbosnovnaskola.mbuniverzitet.edu.rs\\\/direktor-i-strucne-sluzbe\\\/#primaryimage\"},\"image\":{\"@id\":\"https:\\\/\\\/mbosnovnaskola.mbuniverzitet.edu.rs\\\/direktor-i-strucne-sluzbe\\\/#primaryimage\"},\"thumbnailUrl\":\"https:\\\/\\\/mbosnovnaskola.mbuniverzitet.edu.rs\\\/wp-content\\\/uploads\\\/2024\\\/03\\\/Stranica-u-izradi-300x266.png\",\"datePublished\":\"2024-03-29T11:04:53+00:00\",\"dateModified\":\"2025-09-18T11:03:11+00:00\",\"breadcrumb\":{\"@id\":\"https:\\\/\\\/mbosnovnaskola.mbuniverzitet.edu.rs\\\/direktor-i-strucne-sluzbe\\\/#breadcrumb\"},\"inLanguage\":\"en-GB\",\"potentialAction\":[{\"@type\":\"ReadAction\",\"target\":[\"https:\\\/\\\/mbosnovnaskola.mbuniverzitet.edu.rs\\\/direktor-i-strucne-sluzbe\\\/\"]}]},{\"@type\":\"ImageObject\",\"inLanguage\":\"en-GB\",\"@id\":\"https:\\\/\\\/mbosnovnaskola.mbuniverzitet.edu.rs\\\/direktor-i-strucne-sluzbe\\\/#primaryimage\",\"url\":\"https:\\\/\\\/mbosnovnaskola.mbuniverzitet.edu.rs\\\/wp-content\\\/uploads\\\/2024\\\/03\\\/Stranica-u-izradi-300x266.png\",\"contentUrl\":\"https:\\\/\\\/mbosnovnaskola.mbuniverzitet.edu.rs\\\/wp-content\\\/uploads\\\/2024\\\/03\\\/Stranica-u-izradi-300x266.png\"},{\"@type\":\"BreadcrumbList\",\"@id\":\"https:\\\/\\\/mbosnovnaskola.mbuniverzitet.edu.rs\\\/direktor-i-strucne-sluzbe\\\/#breadcrumb\",\"itemListElement\":[{\"@type\":\"ListItem\",\"position\":1,\"name\":\"Home\",\"item\":\"https:\\\/\\\/mbosnovnaskola.mbuniverzitet.edu.rs\\\/\"},{\"@type\":\"ListItem\",\"position\":2,\"name\":\"Direktor i stru\u010dne slu\u017ebe\"}]},{\"@type\":\"WebSite\",\"@id\":\"https:\\\/\\\/mbosnovnaskola.mbuniverzitet.edu.rs\\\/#website\",\"url\":\"https:\\\/\\\/mbosnovnaskola.mbuniverzitet.edu.rs\\\/\",\"name\":\"mbosnovnaskola.mbuniverzitet.edu.rs\",\"description\":\"\",\"publisher\":{\"@id\":\"https:\\\/\\\/mbosnovnaskola.mbuniverzitet.edu.rs\\\/#organization\"},\"potentialAction\":[{\"@type\":\"SearchAction\",\"target\":{\"@type\":\"EntryPoint\",\"urlTemplate\":\"https:\\\/\\\/mbosnovnaskola.mbuniverzitet.edu.rs\\\/?s={search_term_string}\"},\"query-input\":{\"@type\":\"PropertyValueSpecification\",\"valueRequired\":true,\"valueName\":\"search_term_string\"}}],\"inLanguage\":\"en-GB\"},{\"@type\":\"Organization\",\"@id\":\"https:\\\/\\\/mbosnovnaskola.mbuniverzitet.edu.rs\\\/#organization\",\"name\":\"Osnovna \u0161kola \\\"MB\\\"\",\"url\":\"https:\\\/\\\/mbosnovnaskola.mbuniverzitet.edu.rs\\\/\",\"logo\":{\"@type\":\"ImageObject\",\"inLanguage\":\"en-GB\",\"@id\":\"https:\\\/\\\/mbosnovnaskola.mbuniverzitet.edu.rs\\\/#\\\/schema\\\/logo\\\/image\\\/\",\"url\":\"https:\\\/\\\/mbosnovnaskola.mbuniverzitet.edu.rs\\\/wp-content\\\/uploads\\\/2024\\\/10\\\/OS-MB-logo.png\",\"contentUrl\":\"https:\\\/\\\/mbosnovnaskola.mbuniverzitet.edu.rs\\\/wp-content\\\/uploads\\\/2024\\\/10\\\/OS-MB-logo.png\",\"width\":200,\"height\":134,\"caption\":\"Osnovna \u0161kola \\\"MB\\\"\"},\"image\":{\"@id\":\"https:\\\/\\\/mbosnovnaskola.mbuniverzitet.edu.rs\\\/#\\\/schema\\\/logo\\\/image\\\/\"}}]}<\/script>\n<!-- \/ Yoast SEO plugin. -->","yoast_head_json":{"title":"Direktor i stru\u010dne slu\u017ebe - Osnovna \u0161kola &quot;MB&quot;","robots":{"index":"index","follow":"follow","max-snippet":"max-snippet:-1","max-image-preview":"max-image-preview:large","max-video-preview":"max-video-preview:-1"},"canonical":"https:\/\/mbosnovnaskola.mbuniverzitet.edu.rs\/en\/direktor-i-strucne-sluzbe\/","og_locale":"en_GB","og_type":"article","og_title":"Direktor i stru\u010dne slu\u017ebe - Osnovna \u0161kola &quot;MB&quot;","og_description":"Stranica u izradi DODATNE USLUGE Osnovci \u0161kole ,,MB\u201c koriste brojne razli\u010dite usluge koje imaju za cilj da njihov boravak u \u0161koli u\u010dine maksimalno komfornim i stvore \u0161to bolje uslove za u\u010denje. Od prevoza, ishrane, ekskurzija i rekreativne nastave, Fun and study time-a za sve na\u0161e u\u010denike, do razli\u010ditih radionica \u2013 Osnovna \u0161kola ,,MB\u201c \u00a0stoji na [&hellip;]","og_url":"https:\/\/mbosnovnaskola.mbuniverzitet.edu.rs\/en\/direktor-i-strucne-sluzbe\/","og_site_name":"Osnovna \u0161kola &quot;MB&quot;","article_modified_time":"2025-09-18T11:03:11+00:00","og_image":[{"width":1000,"height":886,"url":"https:\/\/mbosnovnaskola.mbuniverzitet.edu.rs\/wp-content\/uploads\/2024\/03\/Stranica-u-izradi.png","type":"image\/png"}],"twitter_card":"summary_large_image","twitter_misc":{"Estimated reading time":"3 minutes"},"schema":{"@context":"https:\/\/schema.org","@graph":[{"@type":"WebPage","@id":"https:\/\/mbosnovnaskola.mbuniverzitet.edu.rs\/direktor-i-strucne-sluzbe\/","url":"https:\/\/mbosnovnaskola.mbuniverzitet.edu.rs\/direktor-i-strucne-sluzbe\/","name":"Direktor i stru\u010dne slu\u017ebe - Osnovna \u0161kola &quot;MB&quot;","isPartOf":{"@id":"https:\/\/mbosnovnaskola.mbuniverzitet.edu.rs\/#website"},"primaryImageOfPage":{"@id":"https:\/\/mbosnovnaskola.mbuniverzitet.edu.rs\/direktor-i-strucne-sluzbe\/#primaryimage"},"image":{"@id":"https:\/\/mbosnovnaskola.mbuniverzitet.edu.rs\/direktor-i-strucne-sluzbe\/#primaryimage"},"thumbnailUrl":"https:\/\/mbosnovnaskola.mbuniverzitet.edu.rs\/wp-content\/uploads\/2024\/03\/Stranica-u-izradi-300x266.png","datePublished":"2024-03-29T11:04:53+00:00","dateModified":"2025-09-18T11:03:11+00:00","breadcrumb":{"@id":"https:\/\/mbosnovnaskola.mbuniverzitet.edu.rs\/direktor-i-strucne-sluzbe\/#breadcrumb"},"inLanguage":"en-GB","potentialAction":[{"@type":"ReadAction","target":["https:\/\/mbosnovnaskola.mbuniverzitet.edu.rs\/direktor-i-strucne-sluzbe\/"]}]},{"@type":"ImageObject","inLanguage":"en-GB","@id":"https:\/\/mbosnovnaskola.mbuniverzitet.edu.rs\/direktor-i-strucne-sluzbe\/#primaryimage","url":"https:\/\/mbosnovnaskola.mbuniverzitet.edu.rs\/wp-content\/uploads\/2024\/03\/Stranica-u-izradi-300x266.png","contentUrl":"https:\/\/mbosnovnaskola.mbuniverzitet.edu.rs\/wp-content\/uploads\/2024\/03\/Stranica-u-izradi-300x266.png"},{"@type":"BreadcrumbList","@id":"https:\/\/mbosnovnaskola.mbuniverzitet.edu.rs\/direktor-i-strucne-sluzbe\/#breadcrumb","itemListElement":[{"@type":"ListItem","position":1,"name":"Home","item":"https:\/\/mbosnovnaskola.mbuniverzitet.edu.rs\/"},{"@type":"ListItem","position":2,"name":"Direktor i stru\u010dne slu\u017ebe"}]},{"@type":"WebSite","@id":"https:\/\/mbosnovnaskola.mbuniverzitet.edu.rs\/#website","url":"https:\/\/mbosnovnaskola.mbuniverzitet.edu.rs\/","name":"mbosnovnaskola.mbuniverzitet.edu.rs","description":"","publisher":{"@id":"https:\/\/mbosnovnaskola.mbuniverzitet.edu.rs\/#organization"},"potentialAction":[{"@type":"SearchAction","target":{"@type":"EntryPoint","urlTemplate":"https:\/\/mbosnovnaskola.mbuniverzitet.edu.rs\/?s={search_term_string}"},"query-input":{"@type":"PropertyValueSpecification","valueRequired":true,"valueName":"search_term_string"}}],"inLanguage":"en-GB"},{"@type":"Organization","@id":"https:\/\/mbosnovnaskola.mbuniverzitet.edu.rs\/#organization","name":"Osnovna \u0161kola \"MB\"","url":"https:\/\/mbosnovnaskola.mbuniverzitet.edu.rs\/","logo":{"@type":"ImageObject","inLanguage":"en-GB","@id":"https:\/\/mbosnovnaskola.mbuniverzitet.edu.rs\/#\/schema\/logo\/image\/","url":"https:\/\/mbosnovnaskola.mbuniverzitet.edu.rs\/wp-content\/uploads\/2024\/10\/OS-MB-logo.png","contentUrl":"https:\/\/mbosnovnaskola.mbuniverzitet.edu.rs\/wp-content\/uploads\/2024\/10\/OS-MB-logo.png","width":200,"height":134,"caption":"Osnovna \u0161kola \"MB\""},"image":{"@id":"https:\/\/mbosnovnaskola.mbuniverzitet.edu.rs\/#\/schema\/logo\/image\/"}}]}},"_links":{"self":[{"href":"https:\/\/mbosnovnaskola.mbuniverzitet.edu.rs\/en\/wp-json\/wp\/v2\/pages\/1831","targetHints":{"allow":["GET"]}}],"collection":[{"href":"https:\/\/mbosnovnaskola.mbuniverzitet.edu.rs\/en\/wp-json\/wp\/v2\/pages"}],"about":[{"href":"https:\/\/mbosnovnaskola.mbuniverzitet.edu.rs\/en\/wp-json\/wp\/v2\/types\/page"}],"author":[{"embeddable":true,"href":"https:\/\/mbosnovnaskola.mbuniverzitet.edu.rs\/en\/wp-json\/wp\/v2\/users\/1"}],"replies":[{"embeddable":true,"href":"https:\/\/mbosnovnaskola.mbuniverzitet.edu.rs\/en\/wp-json\/wp\/v2\/comments?post=1831"}],"version-history":[{"count":0,"href":"https:\/\/mbosnovnaskola.mbuniverzitet.edu.rs\/en\/wp-json\/wp\/v2\/pages\/1831\/revisions"}],"wp:attachment":[{"href":"https:\/\/mbosnovnaskola.mbuniverzitet.edu.rs\/en\/wp-json\/wp\/v2\/media?parent=1831"}],"curies":[{"name":"wp","href":"https:\/\/api.w.org\/{rel}","templated":true}]}}