{"id":1833,"date":"2024-03-29T13:04:24","date_gmt":"2024-03-29T11:04:24","guid":{"rendered":"https:\/\/mbosnovnaskola.mbuniverzitet.edu.rs\/?page_id=1833"},"modified":"2025-02-12T17:11:06","modified_gmt":"2025-02-12T15:11:06","slug":"prijavite-se","status":"publish","type":"page","link":"https:\/\/mbosnovnaskola.mbuniverzitet.edu.rs\/en\/prijavite-se\/","title":{"rendered":"Prijavite se!"},"content":{"rendered":"\t\t<div data-elementor-type=\"wp-page\" data-elementor-id=\"1833\" class=\"elementor elementor-1833\">\n\t\t\t\t<div class=\"elementor-element elementor-element-ffde757 e-flex e-con-boxed e-con e-parent\" data-id=\"ffde757\" data-element_type=\"container\" data-e-type=\"container\" data-settings=\"{&quot;background_background&quot;:&quot;classic&quot;}\">\n\t\t\t\t\t<div class=\"e-con-inner\">\n\t\t<div class=\"elementor-element elementor-element-e774cd1 e-con-full e-flex e-con e-child\" data-id=\"e774cd1\" data-element_type=\"container\" data-e-type=\"container\">\n\t\t<div class=\"elementor-element elementor-element-ec9b73e e-con-full e-flex e-con e-child\" data-id=\"ec9b73e\" data-element_type=\"container\" data-e-type=\"container\">\n\t\t\t\t<div class=\"elementor-element elementor-element-456dce9 elementor-widget elementor-widget-text-editor\" data-id=\"456dce9\" data-element_type=\"widget\" data-e-type=\"widget\" data-widget_type=\"text-editor.default\">\n\t\t\t\t<div class=\"elementor-widget-container\">\n\t\t\t\t\t\t\t\t\t<h4><strong>PRIJAVA ZA UPIS U OSNOVNU \u0160KOLU ,,MB\u201c<\/strong><\/h4><p>Popunjavanjem ovog formulara ne upisujete svoje dete u \u0161kolu formalno, ve\u0107 pokazujete interesovanje za upis. U roku od 48 sati po prijemu ovog formulara, stru\u010dni tim na\u0161e \u0161kole \u0107e Vas kontaktirati kako bismo se dogovorili o daljim koracima za formalni upis u \u0161kolu.<\/p>\t\t\t\t\t\t\t\t<\/div>\n\t\t\t\t<\/div>\n\t\t\t\t<\/div>\n\t\t<div class=\"elementor-element elementor-element-407985d e-con-full e-flex e-con e-child\" data-id=\"407985d\" data-element_type=\"container\" data-e-type=\"container\">\n\t\t<div class=\"elementor-element elementor-element-c14f558 e-con-full e-flex e-con e-child\" data-id=\"c14f558\" data-element_type=\"container\" data-e-type=\"container\">\n\t\t\t\t<\/div>\n\t\t\t\t<\/div>\n\t\t\t\t<\/div>\n\t\t\t\t\t<\/div>\n\t\t\t\t<\/div>\n\t\t<div class=\"elementor-element elementor-element-44d1be7 e-flex e-con-boxed e-con e-parent\" data-id=\"44d1be7\" data-element_type=\"container\" data-e-type=\"container\">\n\t\t\t\t\t<div class=\"e-con-inner\">\n\t\t\t\t<div class=\"elementor-element elementor-element-f5c90b9 elementor-widget elementor-widget-wpforms\" data-id=\"f5c90b9\" data-element_type=\"widget\" data-e-type=\"widget\" data-widget_type=\"wpforms.default\">\n\t\t\t\t<div class=\"elementor-widget-container\">\n\t\t\t\t\t<div class=\"wpforms-container \" id=\"wpforms-7\"><form id=\"wpforms-form-7\" class=\"wpforms-validate wpforms-form wpforms-ajax-form\" data-formid=\"7\" method=\"post\" enctype=\"multipart\/form-data\" action=\"\/en\/wp-json\/wp\/v2\/pages\/1833\" data-token=\"a2b31cd22c209afbdca42e3541ff1f8b\" data-token-time=\"1778056245\"><div class=\"wpforms-head-container\"><div class=\"wpforms-title\">Podaci o u\u010deniku:<\/div><\/div><noscript class=\"wpforms-error-noscript\">Please enable JavaScript in your browser to complete this form.<\/noscript><div class=\"wpforms-field-container\"><div id=\"wpforms-7-field_0-container\" class=\"wpforms-field wpforms-field-name\" data-field-id=\"0\"><label class=\"wpforms-field-label\" for=\"wpforms-7-field_0\">Ime i prezime: <span class=\"wpforms-required-label\">*<\/span><\/label><input type=\"text\" id=\"wpforms-7-field_0\" class=\"wpforms-field-large wpforms-field-required\" name=\"wpforms[fields][0]\" required><\/div><div id=\"wpforms-7-field_4-container\" class=\"wpforms-field wpforms-field-name\" data-field-id=\"4\"><label class=\"wpforms-field-label\" for=\"wpforms-7-field_4\">Ulica i broj: <span class=\"wpforms-required-label\">*<\/span><\/label><input type=\"text\" id=\"wpforms-7-field_4\" class=\"wpforms-field-large wpforms-field-required\" name=\"wpforms[fields][4]\" required><\/div><div id=\"wpforms-7-field_5-container\" class=\"wpforms-field wpforms-field-name\" data-field-id=\"5\"><label class=\"wpforms-field-label\" for=\"wpforms-7-field_5\">Grad: <span class=\"wpforms-required-label\">*<\/span><\/label><input type=\"text\" id=\"wpforms-7-field_5\" class=\"wpforms-field-large wpforms-field-required\" name=\"wpforms[fields][5]\" required><\/div><div id=\"wpforms-7-field_8-container\" class=\"wpforms-field wpforms-field-name\" data-field-id=\"8\"><label class=\"wpforms-field-label\" for=\"wpforms-7-field_8\">Telefon: <span class=\"wpforms-required-label\">*<\/span><\/label><input type=\"text\" id=\"wpforms-7-field_8\" class=\"wpforms-field-large wpforms-field-required\" name=\"wpforms[fields][8]\" required><\/div><div id=\"wpforms-7-field_1-container\" class=\"wpforms-field wpforms-field-email\" data-field-id=\"1\"><label class=\"wpforms-field-label\" for=\"wpforms-7-field_1\">Email roditelja: <span class=\"wpforms-required-label\">*<\/span><\/label><input type=\"email\" id=\"wpforms-7-field_1\" class=\"wpforms-field-large wpforms-field-required\" name=\"wpforms[fields][1]\" spellcheck=\"false\" required><\/div><div id=\"wpforms-7-field_10-container\" class=\"wpforms-field wpforms-field-checkbox\" data-field-id=\"10\"><label class=\"wpforms-field-label\">Izaberite na\u010din pla\u0107anja: <span class=\"wpforms-required-label\">*<\/span><\/label><ul id=\"wpforms-7-field_10\" class=\"wpforms-field-required\"><li class=\"choice-1 depth-1\"><input type=\"checkbox\" id=\"wpforms-7-field_10_1\" name=\"wpforms[fields][10][]\" value=\"Odjednom\" required ><label class=\"wpforms-field-label-inline\" for=\"wpforms-7-field_10_1\">Odjednom<\/label><\/li><li class=\"choice-2 depth-1\"><input type=\"checkbox\" id=\"wpforms-7-field_10_2\" name=\"wpforms[fields][10][]\" value=\"Na 12 rata\" required ><label class=\"wpforms-field-label-inline\" for=\"wpforms-7-field_10_2\">Na 12 rata<\/label><\/li><\/ul><\/div><\/div><!-- .wpforms-field-container --><div class=\"wpforms-submit-container\" ><input type=\"hidden\" name=\"wpforms[id]\" value=\"7\"><input type=\"hidden\" name=\"page_title\" value=\"\"><input type=\"hidden\" name=\"page_url\" value=\"https:\/\/mbosnovnaskola.mbuniverzitet.edu.rs\/en\/wp-json\/wp\/v2\/pages\/1833\"><input type=\"hidden\" name=\"url_referer\" value=\"\"><button type=\"submit\" name=\"wpforms[submit]\" id=\"wpforms-submit-7\" class=\"wpforms-submit\" data-alt-text=\"Slanje...\" data-submit-text=\"PRIJAVITE SE!\" aria-live=\"assertive\" value=\"wpforms-submit\">PRIJAVITE SE!<\/button><img decoding=\"async\" src=\"https:\/\/mbosnovnaskola.mbuniverzitet.edu.rs\/wp-content\/plugins\/wpforms-lite\/assets\/images\/submit-spin.svg\" class=\"wpforms-submit-spinner\" style=\"display: none;\" width=\"26\" height=\"26\" alt=\"Loading\"><\/div><\/form><\/div>  <!-- .wpforms-container -->\t\t\t\t<\/div>\n\t\t\t\t<\/div>\n\t\t\t\t\t<\/div>\n\t\t\t\t<\/div>\n\t\t<div class=\"elementor-element elementor-element-4f01923 e-flex e-con-boxed e-con e-parent\" data-id=\"4f01923\" data-element_type=\"container\" data-e-type=\"container\">\n\t\t\t\t\t<div class=\"e-con-inner\">\n\t\t\t\t<div class=\"elementor-element elementor-element-48ea732 elementor-widget elementor-widget-spacer\" data-id=\"48ea732\" data-element_type=\"widget\" data-e-type=\"widget\" data-widget_type=\"spacer.default\">\n\t\t\t\t<div class=\"elementor-widget-container\">\n\t\t\t\t\t\t\t<div class=\"elementor-spacer\">\n\t\t\t<div class=\"elementor-spacer-inner\"><\/div>\n\t\t<\/div>\n\t\t\t\t\t\t<\/div>\n\t\t\t\t<\/div>\n\t\t\t\t\t<\/div>\n\t\t\t\t<\/div>\n\t\t\t\t<\/div>\n\t\t","protected":false},"excerpt":{"rendered":"<p>PRIJAVA ZA UPIS U OSNOVNU \u0160KOLU ,,MB\u201c Popunjavanjem ovog formulara ne upisujete svoje dete u \u0161kolu formalno, ve\u0107 pokazujete interesovanje za upis. U roku od 48 sati po prijemu ovog formulara, stru\u010dni tim na\u0161e \u0161kole \u0107e Vas kontaktirati kako bismo se dogovorili o daljim koracima za formalni upis u \u0161kolu. Podaci o u\u010deniku:Please enable JavaScript [&hellip;]<\/p>\n","protected":false},"author":1,"featured_media":0,"parent":0,"menu_order":0,"comment_status":"closed","ping_status":"closed","template":"","meta":{"site-sidebar-layout":"no-sidebar","site-content-layout":"page-builder","ast-site-content-layout":"full-width-container","site-content-style":"unboxed","site-sidebar-style":"unboxed","ast-global-header-display":"","ast-banner-title-visibility":"","ast-main-header-display":"","ast-hfb-above-header-display":"","ast-hfb-below-header-display":"","ast-hfb-mobile-header-display":"","site-post-title":"disabled","ast-breadcrumbs-content":"","ast-featured-img":"disabled","footer-sml-layout":"","ast-disable-related-posts":"","theme-transparent-header-meta":"enabled","adv-header-id-meta":"","stick-header-meta":"","header-above-stick-meta":"","header-main-stick-meta":"","header-below-stick-meta":"","astra-migrate-meta-layouts":"set","ast-page-background-enabled":"default","ast-page-background-meta":{"desktop":{"background-color":"var(--ast-global-color-4)","background-image":"","background-repeat":"repeat","background-position":"center center","background-size":"auto","background-attachment":"scroll","background-type":"","background-media":"","overlay-type":"","overlay-color":"","overlay-opacity":"","overlay-gradient":""},"tablet":{"background-color":"","background-image":"","background-repeat":"repeat","background-position":"center center","background-size":"auto","background-attachment":"scroll","background-type":"","background-media":"","overlay-type":"","overlay-color":"","overlay-opacity":"","overlay-gradient":""},"mobile":{"background-color":"","background-image":"","background-repeat":"repeat","background-position":"center center","background-size":"auto","background-attachment":"scroll","background-type":"","background-media":"","overlay-type":"","overlay-color":"","overlay-opacity":"","overlay-gradient":""}},"ast-content-background-meta":{"desktop":{"background-color":"var(--ast-global-color-5)","background-image":"","background-repeat":"repeat","background-position":"center center","background-size":"auto","background-attachment":"scroll","background-type":"","background-media":"","overlay-type":"","overlay-color":"","overlay-opacity":"","overlay-gradient":""},"tablet":{"background-color":"var(--ast-global-color-5)","background-image":"","background-repeat":"repeat","background-position":"center center","background-size":"auto","background-attachment":"scroll","background-type":"","background-media":"","overlay-type":"","overlay-color":"","overlay-opacity":"","overlay-gradient":""},"mobile":{"background-color":"var(--ast-global-color-5)","background-image":"","background-repeat":"repeat","background-position":"center center","background-size":"auto","background-attachment":"scroll","background-type":"","background-media":"","overlay-type":"","overlay-color":"","overlay-opacity":"","overlay-gradient":""}},"footnotes":""},"class_list":["post-1833","page","type-page","status-publish","hentry"],"yoast_head":"<!-- This site is optimized with the Yoast SEO plugin v27.5 - https:\/\/yoast.com\/product\/yoast-seo-wordpress\/ -->\n<title>Prijavite se! - Osnovna \u0161kola &quot;MB&quot;<\/title>\n<meta name=\"robots\" content=\"index, follow, max-snippet:-1, max-image-preview:large, max-video-preview:-1\" \/>\n<link rel=\"canonical\" href=\"https:\/\/mbosnovnaskola.mbuniverzitet.edu.rs\/en\/prijavite-se\/\" \/>\n<meta property=\"og:locale\" content=\"en_GB\" \/>\n<meta property=\"og:type\" content=\"article\" \/>\n<meta property=\"og:title\" content=\"Prijavite se! - Osnovna \u0161kola &quot;MB&quot;\" \/>\n<meta property=\"og:description\" content=\"PRIJAVA ZA UPIS U OSNOVNU \u0160KOLU ,,MB\u201c Popunjavanjem ovog formulara ne upisujete svoje dete u \u0161kolu formalno, ve\u0107 pokazujete interesovanje za upis. U roku od 48 sati po prijemu ovog formulara, stru\u010dni tim na\u0161e \u0161kole \u0107e Vas kontaktirati kako bismo se dogovorili o daljim koracima za formalni upis u \u0161kolu. Podaci o u\u010deniku:Please enable JavaScript [&hellip;]\" \/>\n<meta property=\"og:url\" content=\"https:\/\/mbosnovnaskola.mbuniverzitet.edu.rs\/en\/prijavite-se\/\" \/>\n<meta property=\"og:site_name\" content=\"Osnovna \u0161kola &quot;MB&quot;\" \/>\n<meta property=\"article:modified_time\" content=\"2025-02-12T15:11:06+00:00\" \/>\n<meta property=\"og:image\" content=\"https:\/\/mbosnovnaskola.mbuniverzitet.edu.rs\/wp-content\/plugins\/wpforms-lite\/assets\/images\/submit-spin.svg\" \/>\n<meta name=\"twitter:card\" content=\"summary_large_image\" \/>\n<meta name=\"twitter:label1\" content=\"Estimated reading time\" \/>\n\t<meta name=\"twitter:data1\" content=\"1 minute\" \/>\n<script type=\"application\/ld+json\" class=\"yoast-schema-graph\">{\"@context\":\"https:\\\/\\\/schema.org\",\"@graph\":[{\"@type\":\"WebPage\",\"@id\":\"https:\\\/\\\/mbosnovnaskola.mbuniverzitet.edu.rs\\\/prijavite-se\\\/\",\"url\":\"https:\\\/\\\/mbosnovnaskola.mbuniverzitet.edu.rs\\\/prijavite-se\\\/\",\"name\":\"Prijavite se! - Osnovna \u0161kola &quot;MB&quot;\",\"isPartOf\":{\"@id\":\"https:\\\/\\\/mbosnovnaskola.mbuniverzitet.edu.rs\\\/#website\"},\"primaryImageOfPage\":{\"@id\":\"https:\\\/\\\/mbosnovnaskola.mbuniverzitet.edu.rs\\\/prijavite-se\\\/#primaryimage\"},\"image\":{\"@id\":\"https:\\\/\\\/mbosnovnaskola.mbuniverzitet.edu.rs\\\/prijavite-se\\\/#primaryimage\"},\"thumbnailUrl\":\"https:\\\/\\\/mbosnovnaskola.mbuniverzitet.edu.rs\\\/wp-content\\\/plugins\\\/wpforms-lite\\\/assets\\\/images\\\/submit-spin.svg\",\"datePublished\":\"2024-03-29T11:04:24+00:00\",\"dateModified\":\"2025-02-12T15:11:06+00:00\",\"breadcrumb\":{\"@id\":\"https:\\\/\\\/mbosnovnaskola.mbuniverzitet.edu.rs\\\/prijavite-se\\\/#breadcrumb\"},\"inLanguage\":\"en-GB\",\"potentialAction\":[{\"@type\":\"ReadAction\",\"target\":[\"https:\\\/\\\/mbosnovnaskola.mbuniverzitet.edu.rs\\\/prijavite-se\\\/\"]}]},{\"@type\":\"ImageObject\",\"inLanguage\":\"en-GB\",\"@id\":\"https:\\\/\\\/mbosnovnaskola.mbuniverzitet.edu.rs\\\/prijavite-se\\\/#primaryimage\",\"url\":\"https:\\\/\\\/mbosnovnaskola.mbuniverzitet.edu.rs\\\/wp-content\\\/plugins\\\/wpforms-lite\\\/assets\\\/images\\\/submit-spin.svg\",\"contentUrl\":\"https:\\\/\\\/mbosnovnaskola.mbuniverzitet.edu.rs\\\/wp-content\\\/plugins\\\/wpforms-lite\\\/assets\\\/images\\\/submit-spin.svg\"},{\"@type\":\"BreadcrumbList\",\"@id\":\"https:\\\/\\\/mbosnovnaskola.mbuniverzitet.edu.rs\\\/prijavite-se\\\/#breadcrumb\",\"itemListElement\":[{\"@type\":\"ListItem\",\"position\":1,\"name\":\"Home\",\"item\":\"https:\\\/\\\/mbosnovnaskola.mbuniverzitet.edu.rs\\\/\"},{\"@type\":\"ListItem\",\"position\":2,\"name\":\"Prijavite se!\"}]},{\"@type\":\"WebSite\",\"@id\":\"https:\\\/\\\/mbosnovnaskola.mbuniverzitet.edu.rs\\\/#website\",\"url\":\"https:\\\/\\\/mbosnovnaskola.mbuniverzitet.edu.rs\\\/\",\"name\":\"mbosnovnaskola.mbuniverzitet.edu.rs\",\"description\":\"\",\"publisher\":{\"@id\":\"https:\\\/\\\/mbosnovnaskola.mbuniverzitet.edu.rs\\\/#organization\"},\"potentialAction\":[{\"@type\":\"SearchAction\",\"target\":{\"@type\":\"EntryPoint\",\"urlTemplate\":\"https:\\\/\\\/mbosnovnaskola.mbuniverzitet.edu.rs\\\/?s={search_term_string}\"},\"query-input\":{\"@type\":\"PropertyValueSpecification\",\"valueRequired\":true,\"valueName\":\"search_term_string\"}}],\"inLanguage\":\"en-GB\"},{\"@type\":\"Organization\",\"@id\":\"https:\\\/\\\/mbosnovnaskola.mbuniverzitet.edu.rs\\\/#organization\",\"name\":\"Osnovna \u0161kola \\\"MB\\\"\",\"url\":\"https:\\\/\\\/mbosnovnaskola.mbuniverzitet.edu.rs\\\/\",\"logo\":{\"@type\":\"ImageObject\",\"inLanguage\":\"en-GB\",\"@id\":\"https:\\\/\\\/mbosnovnaskola.mbuniverzitet.edu.rs\\\/#\\\/schema\\\/logo\\\/image\\\/\",\"url\":\"https:\\\/\\\/mbosnovnaskola.mbuniverzitet.edu.rs\\\/wp-content\\\/uploads\\\/2024\\\/10\\\/OS-MB-logo.png\",\"contentUrl\":\"https:\\\/\\\/mbosnovnaskola.mbuniverzitet.edu.rs\\\/wp-content\\\/uploads\\\/2024\\\/10\\\/OS-MB-logo.png\",\"width\":200,\"height\":134,\"caption\":\"Osnovna \u0161kola \\\"MB\\\"\"},\"image\":{\"@id\":\"https:\\\/\\\/mbosnovnaskola.mbuniverzitet.edu.rs\\\/#\\\/schema\\\/logo\\\/image\\\/\"}}]}<\/script>\n<!-- \/ Yoast SEO plugin. -->","yoast_head_json":{"title":"Prijavite se! - Osnovna \u0161kola &quot;MB&quot;","robots":{"index":"index","follow":"follow","max-snippet":"max-snippet:-1","max-image-preview":"max-image-preview:large","max-video-preview":"max-video-preview:-1"},"canonical":"https:\/\/mbosnovnaskola.mbuniverzitet.edu.rs\/en\/prijavite-se\/","og_locale":"en_GB","og_type":"article","og_title":"Prijavite se! - Osnovna \u0161kola &quot;MB&quot;","og_description":"PRIJAVA ZA UPIS U OSNOVNU \u0160KOLU ,,MB\u201c Popunjavanjem ovog formulara ne upisujete svoje dete u \u0161kolu formalno, ve\u0107 pokazujete interesovanje za upis. U roku od 48 sati po prijemu ovog formulara, stru\u010dni tim na\u0161e \u0161kole \u0107e Vas kontaktirati kako bismo se dogovorili o daljim koracima za formalni upis u \u0161kolu. Podaci o u\u010deniku:Please enable JavaScript [&hellip;]","og_url":"https:\/\/mbosnovnaskola.mbuniverzitet.edu.rs\/en\/prijavite-se\/","og_site_name":"Osnovna \u0161kola &quot;MB&quot;","article_modified_time":"2025-02-12T15:11:06+00:00","og_image":[{"url":"https:\/\/mbosnovnaskola.mbuniverzitet.edu.rs\/wp-content\/plugins\/wpforms-lite\/assets\/images\/submit-spin.svg","type":"","width":"","height":""}],"twitter_card":"summary_large_image","twitter_misc":{"Estimated reading time":"1 minute"},"schema":{"@context":"https:\/\/schema.org","@graph":[{"@type":"WebPage","@id":"https:\/\/mbosnovnaskola.mbuniverzitet.edu.rs\/prijavite-se\/","url":"https:\/\/mbosnovnaskola.mbuniverzitet.edu.rs\/prijavite-se\/","name":"Prijavite se! - Osnovna \u0161kola &quot;MB&quot;","isPartOf":{"@id":"https:\/\/mbosnovnaskola.mbuniverzitet.edu.rs\/#website"},"primaryImageOfPage":{"@id":"https:\/\/mbosnovnaskola.mbuniverzitet.edu.rs\/prijavite-se\/#primaryimage"},"image":{"@id":"https:\/\/mbosnovnaskola.mbuniverzitet.edu.rs\/prijavite-se\/#primaryimage"},"thumbnailUrl":"https:\/\/mbosnovnaskola.mbuniverzitet.edu.rs\/wp-content\/plugins\/wpforms-lite\/assets\/images\/submit-spin.svg","datePublished":"2024-03-29T11:04:24+00:00","dateModified":"2025-02-12T15:11:06+00:00","breadcrumb":{"@id":"https:\/\/mbosnovnaskola.mbuniverzitet.edu.rs\/prijavite-se\/#breadcrumb"},"inLanguage":"en-GB","potentialAction":[{"@type":"ReadAction","target":["https:\/\/mbosnovnaskola.mbuniverzitet.edu.rs\/prijavite-se\/"]}]},{"@type":"ImageObject","inLanguage":"en-GB","@id":"https:\/\/mbosnovnaskola.mbuniverzitet.edu.rs\/prijavite-se\/#primaryimage","url":"https:\/\/mbosnovnaskola.mbuniverzitet.edu.rs\/wp-content\/plugins\/wpforms-lite\/assets\/images\/submit-spin.svg","contentUrl":"https:\/\/mbosnovnaskola.mbuniverzitet.edu.rs\/wp-content\/plugins\/wpforms-lite\/assets\/images\/submit-spin.svg"},{"@type":"BreadcrumbList","@id":"https:\/\/mbosnovnaskola.mbuniverzitet.edu.rs\/prijavite-se\/#breadcrumb","itemListElement":[{"@type":"ListItem","position":1,"name":"Home","item":"https:\/\/mbosnovnaskola.mbuniverzitet.edu.rs\/"},{"@type":"ListItem","position":2,"name":"Prijavite se!"}]},{"@type":"WebSite","@id":"https:\/\/mbosnovnaskola.mbuniverzitet.edu.rs\/#website","url":"https:\/\/mbosnovnaskola.mbuniverzitet.edu.rs\/","name":"mbosnovnaskola.mbuniverzitet.edu.rs","description":"","publisher":{"@id":"https:\/\/mbosnovnaskola.mbuniverzitet.edu.rs\/#organization"},"potentialAction":[{"@type":"SearchAction","target":{"@type":"EntryPoint","urlTemplate":"https:\/\/mbosnovnaskola.mbuniverzitet.edu.rs\/?s={search_term_string}"},"query-input":{"@type":"PropertyValueSpecification","valueRequired":true,"valueName":"search_term_string"}}],"inLanguage":"en-GB"},{"@type":"Organization","@id":"https:\/\/mbosnovnaskola.mbuniverzitet.edu.rs\/#organization","name":"Osnovna \u0161kola \"MB\"","url":"https:\/\/mbosnovnaskola.mbuniverzitet.edu.rs\/","logo":{"@type":"ImageObject","inLanguage":"en-GB","@id":"https:\/\/mbosnovnaskola.mbuniverzitet.edu.rs\/#\/schema\/logo\/image\/","url":"https:\/\/mbosnovnaskola.mbuniverzitet.edu.rs\/wp-content\/uploads\/2024\/10\/OS-MB-logo.png","contentUrl":"https:\/\/mbosnovnaskola.mbuniverzitet.edu.rs\/wp-content\/uploads\/2024\/10\/OS-MB-logo.png","width":200,"height":134,"caption":"Osnovna \u0161kola \"MB\""},"image":{"@id":"https:\/\/mbosnovnaskola.mbuniverzitet.edu.rs\/#\/schema\/logo\/image\/"}}]}},"_links":{"self":[{"href":"https:\/\/mbosnovnaskola.mbuniverzitet.edu.rs\/en\/wp-json\/wp\/v2\/pages\/1833","targetHints":{"allow":["GET"]}}],"collection":[{"href":"https:\/\/mbosnovnaskola.mbuniverzitet.edu.rs\/en\/wp-json\/wp\/v2\/pages"}],"about":[{"href":"https:\/\/mbosnovnaskola.mbuniverzitet.edu.rs\/en\/wp-json\/wp\/v2\/types\/page"}],"author":[{"embeddable":true,"href":"https:\/\/mbosnovnaskola.mbuniverzitet.edu.rs\/en\/wp-json\/wp\/v2\/users\/1"}],"replies":[{"embeddable":true,"href":"https:\/\/mbosnovnaskola.mbuniverzitet.edu.rs\/en\/wp-json\/wp\/v2\/comments?post=1833"}],"version-history":[{"count":0,"href":"https:\/\/mbosnovnaskola.mbuniverzitet.edu.rs\/en\/wp-json\/wp\/v2\/pages\/1833\/revisions"}],"wp:attachment":[{"href":"https:\/\/mbosnovnaskola.mbuniverzitet.edu.rs\/en\/wp-json\/wp\/v2\/media?parent=1833"}],"curies":[{"name":"wp","href":"https:\/\/api.w.org\/{rel}","templated":true}]}}