{"id":1897,"date":"2024-03-29T13:23:00","date_gmt":"2024-03-29T11:23:00","guid":{"rendered":"https:\/\/mbosnovnaskola.mbuniverzitet.edu.rs\/?page_id=1897"},"modified":"2025-09-18T11:43:49","modified_gmt":"2025-09-18T09:43:49","slug":"raspored-realizacije-dopunske-i-dodatne-nastave","status":"publish","type":"page","link":"https:\/\/mbosnovnaskola.mbuniverzitet.edu.rs\/en\/raspored-realizacije-dopunske-i-dodatne-nastave\/","title":{"rendered":"Raspored realizacije dopunske i dodatne nastave"},"content":{"rendered":"<div data-elementor-type=\"wp-page\" data-elementor-id=\"1897\" class=\"elementor elementor-1897\">\n\t\t\t\t<div class=\"elementor-element elementor-element-0d462c3 e-flex e-con-boxed e-con e-parent\" data-id=\"0d462c3\" data-element_type=\"container\" data-e-type=\"container\" data-settings=\"{&quot;background_background&quot;:&quot;classic&quot;}\">\n\t\t\t\t\t<div class=\"e-con-inner\">\n\t\t<div class=\"elementor-element elementor-element-a98486b e-con-full e-flex e-con e-child\" data-id=\"a98486b\" data-element_type=\"container\" data-e-type=\"container\">\n\t\t<div class=\"elementor-element elementor-element-b2d1542 e-con-full e-flex e-con e-child\" data-id=\"b2d1542\" data-element_type=\"container\" data-e-type=\"container\">\n\t\t\t\t<div class=\"elementor-element elementor-element-621208f elementor-widget elementor-widget-heading\" data-id=\"621208f\" data-element_type=\"widget\" data-e-type=\"widget\" data-widget_type=\"heading.default\">\n\t\t\t\t<div class=\"elementor-widget-container\">\n\t\t\t\t\t<h1 class=\"elementor-heading-title elementor-size-default\">OSNOVNA \u0160KOLA ,,MB\u201d KORISTI NOVE OBRAZOVNE PRAKSE<\/h1>\t\t\t\t<\/div>\n\t\t\t\t<\/div>\n\t\t\t\t<div class=\"elementor-element elementor-element-7f1fe75 elementor-widget elementor-widget-text-editor\" data-id=\"7f1fe75\" data-element_type=\"widget\" data-e-type=\"widget\" data-widget_type=\"text-editor.default\">\n\t\t\t\t<div class=\"elementor-widget-container\">\n\t\t\t\t\t\t\t\t\t<p>Osnovna \u0161kola ,,MB\u201d svoje u\u010denike priprema za budu\u0107nost zahvaljuju\u0107i inovativnim obrazovnim praksama, koje nas izdvajaju kao lidera u regionu kada je o obrazovanju re\u010d. Osnovnu \u0161kolu ,,MB\u201d \u010dini \u0161kolom 21. veka i ono \u0161to nastavu u njoj izdvaja od drugih jeste moderan metodi\u010dki pristup u nastavi i najmodernija tehnologija.<\/p><p>Ovaj nesvakida\u0161nji proces obrazovanja, koji spaja nove tehnologiju sa modernim pristupom obrazovanju, savremeni je model \u0161kolovanja, koji je razvio Univerzitet MB, koja se vi\u0161e od 20 godina uspe\u0161no bavi visokim obrazovanjem, a koja je ujedno i osniva\u010d Osnovne \u0161kole ,,MB\u201d.<\/p>\t\t\t\t\t\t\t\t<\/div>\n\t\t\t\t<\/div>\n\t\t\t\t<\/div>\n\t\t<div class=\"elementor-element elementor-element-7da914c e-con-full e-flex e-con e-child\" data-id=\"7da914c\" data-element_type=\"container\" data-e-type=\"container\">\n\t\t\t\t<div class=\"elementor-element elementor-element-791cc0f elementor-widget elementor-widget-heading\" data-id=\"791cc0f\" data-element_type=\"widget\" data-e-type=\"widget\" data-widget_type=\"heading.default\">\n\t\t\t\t<div class=\"elementor-widget-container\">\n\t\t\t\t\t<h1 class=\"elementor-heading-title elementor-size-default\">SAVREMENA NASTAVA OBOGA\u0106ENA TEHNOLOGIJOM<\/h1>\t\t\t\t<\/div>\n\t\t\t\t<\/div>\n\t\t\t\t<div class=\"elementor-element elementor-element-88d7551 elementor-widget elementor-widget-text-editor\" data-id=\"88d7551\" data-element_type=\"widget\" data-e-type=\"widget\" data-widget_type=\"text-editor.default\">\n\t\t\t\t<div class=\"elementor-widget-container\">\n\t\t\t\t\t\t\t\t\t<p>Na osnovu najnovija svetska dostignu\u0107a i tendencija u razvoju obrazovanja, izgra\u0111en je kreativan i inovativan pristup u kom je u\u010denik u centru pa\u017enje i svih aktivnosti.<\/p><p>Personalizovani pristup\u00a0u nastavi je omogu\u0107io da se sposobnosti, talenat i interesovanje svakog u\u010denika istaknu u prvi plan.\u00a0<\/p><p>Proces obrazovanja u Osnovnoj \u0161koli ,,MB\u201d \u00a0podr\u017ean je\u00a0modernim tehniologijama\u00a0i potpuno je prilago\u0111en zanimljivijem, lak\u0161em i efikasnijem usvajaju znanja od strane novih generacija. Zahvaljuju\u0107i savremenoj tehnologiji u nastavi, deca se u\u010de informacionoj pismenosti od prvog razreda i tako prave svoje prve korake u IT svetu. Ovakva inovativna praksa daje vi\u0161estruko bolje rezultate i konkretne odgovore na obrazovne i profesionalne potrebe svojih u\u010denika.<\/p><p>Deo savremenih tehnologija omogu\u0107ava u\u010denicima da vizuelizuju ono \u0161to se radi na \u010dasu i na taj na\u010din dugoro\u010dno usvoje gradivo.<\/p>\t\t\t\t\t\t\t\t<\/div>\n\t\t\t\t<\/div>\n\t\t<div class=\"elementor-element elementor-element-9dcb3cd e-con-full e-flex e-con e-child\" data-id=\"9dcb3cd\" data-element_type=\"container\" data-e-type=\"container\">\n\t\t\t\t<div class=\"elementor-element elementor-element-11b7cc0 elementor-widget elementor-widget-heading\" data-id=\"11b7cc0\" data-element_type=\"widget\" data-e-type=\"widget\" data-widget_type=\"heading.default\">\n\t\t\t\t<div class=\"elementor-widget-container\">\n\t\t\t\t\t<h1 class=\"elementor-heading-title elementor-size-default\">PRIMENJUJEMO SVEOBUHVATNO OBRAZOVANJE ZA BUDU\u0106NOST <\/h1>\t\t\t\t<\/div>\n\t\t\t\t<\/div>\n\t\t\t\t<div class=\"elementor-element elementor-element-1d170b2 elementor-widget elementor-widget-text-editor\" data-id=\"1d170b2\" data-element_type=\"widget\" data-e-type=\"widget\" data-widget_type=\"text-editor.default\">\n\t\t\t\t<div class=\"elementor-widget-container\">\n\t\t\t\t\t\t\t\t\t<p>U Osnovnoj \u0161koli ,,MB\u201d realizuje se fleksibilan pristup obrazovanju koji se neprestano razvija osposobljavaju\u0107i u\u010denike za sticanje ve\u0161tina za 21. Vek. Ta znanja \u0107e im pomo\u0107i da uspe\u0161no odgovore na sve izazove budu\u0107nosti.<\/p><p>Osnovnu \u0161kolu ,,MB\u201d \u010dine stvarno druga\u010dijom: posve\u0107eni u\u010ditelji, partnerstvo sa roditeljima, podsticajno okru\u017eenje za\u00a0razvoj vi\u0161estruke inteligencije,\u00a0kreativni pristup obrazovanju,\u00a0\u00a0samo su neki od sadr\u017eaja koji su deo inovativne obrazovne prakse.<\/p><p>Zahvaljuju\u0107i svim inovativnostima koje postupno I stalno uvodi Osnovna \u0161kola,,MB\u201d, uspevamo da ispunimo svoju misiju, a to je da svako dete stekne kvalitetno obrazovanje koje \u0107e ga pripremiti za nastavak \u0161kolovanja i sre\u0107no odrastanje.<\/p>\t\t\t\t\t\t\t\t<\/div>\n\t\t\t\t<\/div>\n\t\t\t\t<\/div>\n\t\t\t\t<\/div>\n\t\t\t\t<\/div>\n\t\t\t\t\t<\/div>\n\t\t\t\t<\/div>\n\t\t\t\t<\/div>","protected":false},"excerpt":{"rendered":"<p>OSNOVNA \u0160KOLA ,,MB\u201d KORISTI NOVE OBRAZOVNE PRAKSE Osnovna \u0161kola ,,MB\u201d svoje u\u010denike priprema za budu\u0107nost zahvaljuju\u0107i inovativnim obrazovnim praksama, koje nas izdvajaju kao lidera u regionu kada je o obrazovanju re\u010d. Osnovnu \u0161kolu ,,MB\u201d \u010dini \u0161kolom 21. veka i ono \u0161to nastavu u njoj izdvaja od drugih jeste moderan metodi\u010dki pristup u nastavi i najmodernija [&hellip;]<\/p>\n","protected":false},"author":1,"featured_media":0,"parent":0,"menu_order":0,"comment_status":"closed","ping_status":"closed","template":"","meta":{"site-sidebar-layout":"no-sidebar","site-content-layout":"page-builder","ast-site-content-layout":"full-width-container","site-content-style":"unboxed","site-sidebar-style":"unboxed","ast-global-header-display":"","ast-banner-title-visibility":"","ast-main-header-display":"","ast-hfb-above-header-display":"","ast-hfb-below-header-display":"","ast-hfb-mobile-header-display":"","site-post-title":"disabled","ast-breadcrumbs-content":"","ast-featured-img":"disabled","footer-sml-layout":"","ast-disable-related-posts":"","theme-transparent-header-meta":"enabled","adv-header-id-meta":"","stick-header-meta":"","header-above-stick-meta":"","header-main-stick-meta":"","header-below-stick-meta":"","astra-migrate-meta-layouts":"set","ast-page-background-enabled":"default","ast-page-background-meta":{"desktop":{"background-color":"var(--ast-global-color-4)","background-image":"","background-repeat":"repeat","background-position":"center center","background-size":"auto","background-attachment":"scroll","background-type":"","background-media":"","overlay-type":"","overlay-color":"","overlay-opacity":"","overlay-gradient":""},"tablet":{"background-color":"","background-image":"","background-repeat":"repeat","background-position":"center center","background-size":"auto","background-attachment":"scroll","background-type":"","background-media":"","overlay-type":"","overlay-color":"","overlay-opacity":"","overlay-gradient":""},"mobile":{"background-color":"","background-image":"","background-repeat":"repeat","background-position":"center center","background-size":"auto","background-attachment":"scroll","background-type":"","background-media":"","overlay-type":"","overlay-color":"","overlay-opacity":"","overlay-gradient":""}},"ast-content-background-meta":{"desktop":{"background-color":"var(--ast-global-color-5)","background-image":"","background-repeat":"repeat","background-position":"center center","background-size":"auto","background-attachment":"scroll","background-type":"","background-media":"","overlay-type":"","overlay-color":"","overlay-opacity":"","overlay-gradient":""},"tablet":{"background-color":"var(--ast-global-color-5)","background-image":"","background-repeat":"repeat","background-position":"center center","background-size":"auto","background-attachment":"scroll","background-type":"","background-media":"","overlay-type":"","overlay-color":"","overlay-opacity":"","overlay-gradient":""},"mobile":{"background-color":"var(--ast-global-color-5)","background-image":"","background-repeat":"repeat","background-position":"center center","background-size":"auto","background-attachment":"scroll","background-type":"","background-media":"","overlay-type":"","overlay-color":"","overlay-opacity":"","overlay-gradient":""}},"footnotes":""},"class_list":["post-1897","page","type-page","status-publish","hentry"],"yoast_head":"<!-- This site is optimized with the Yoast SEO plugin v27.4 - https:\/\/yoast.com\/product\/yoast-seo-wordpress\/ -->\n<title>Raspored realizacije dopunske i dodatne nastave - Osnovna \u0161kola &quot;MB&quot;<\/title>\n<meta name=\"robots\" content=\"index, follow, max-snippet:-1, max-image-preview:large, max-video-preview:-1\" \/>\n<link rel=\"canonical\" href=\"https:\/\/mbosnovnaskola.mbuniverzitet.edu.rs\/en\/raspored-realizacije-dopunske-i-dodatne-nastave\/\" \/>\n<meta property=\"og:locale\" content=\"en_GB\" \/>\n<meta property=\"og:type\" content=\"article\" \/>\n<meta property=\"og:title\" content=\"Raspored realizacije dopunske i dodatne nastave - Osnovna \u0161kola &quot;MB&quot;\" \/>\n<meta property=\"og:description\" content=\"OSNOVNA \u0160KOLA ,,MB\u201d KORISTI NOVE OBRAZOVNE PRAKSE Osnovna \u0161kola ,,MB\u201d svoje u\u010denike priprema za budu\u0107nost zahvaljuju\u0107i inovativnim obrazovnim praksama, koje nas izdvajaju kao lidera u regionu kada je o obrazovanju re\u010d. Osnovnu \u0161kolu ,,MB\u201d \u010dini \u0161kolom 21. veka i ono \u0161to nastavu u njoj izdvaja od drugih jeste moderan metodi\u010dki pristup u nastavi i najmodernija [&hellip;]\" \/>\n<meta property=\"og:url\" content=\"https:\/\/mbosnovnaskola.mbuniverzitet.edu.rs\/en\/raspored-realizacije-dopunske-i-dodatne-nastave\/\" \/>\n<meta property=\"og:site_name\" content=\"Osnovna \u0161kola &quot;MB&quot;\" \/>\n<meta property=\"article:modified_time\" content=\"2025-09-18T09:43:49+00:00\" \/>\n<meta name=\"twitter:card\" content=\"summary_large_image\" \/>\n<meta name=\"twitter:label1\" content=\"Estimated reading time\" \/>\n\t<meta name=\"twitter:data1\" content=\"2 minutes\" \/>\n<script type=\"application\/ld+json\" class=\"yoast-schema-graph\">{\"@context\":\"https:\\\/\\\/schema.org\",\"@graph\":[{\"@type\":\"WebPage\",\"@id\":\"https:\\\/\\\/mbosnovnaskola.mbuniverzitet.edu.rs\\\/raspored-realizacije-dopunske-i-dodatne-nastave\\\/\",\"url\":\"https:\\\/\\\/mbosnovnaskola.mbuniverzitet.edu.rs\\\/raspored-realizacije-dopunske-i-dodatne-nastave\\\/\",\"name\":\"Raspored realizacije dopunske i dodatne nastave - Osnovna \u0161kola &quot;MB&quot;\",\"isPartOf\":{\"@id\":\"https:\\\/\\\/mbosnovnaskola.mbuniverzitet.edu.rs\\\/#website\"},\"datePublished\":\"2024-03-29T11:23:00+00:00\",\"dateModified\":\"2025-09-18T09:43:49+00:00\",\"breadcrumb\":{\"@id\":\"https:\\\/\\\/mbosnovnaskola.mbuniverzitet.edu.rs\\\/raspored-realizacije-dopunske-i-dodatne-nastave\\\/#breadcrumb\"},\"inLanguage\":\"en-GB\",\"potentialAction\":[{\"@type\":\"ReadAction\",\"target\":[\"https:\\\/\\\/mbosnovnaskola.mbuniverzitet.edu.rs\\\/raspored-realizacije-dopunske-i-dodatne-nastave\\\/\"]}]},{\"@type\":\"BreadcrumbList\",\"@id\":\"https:\\\/\\\/mbosnovnaskola.mbuniverzitet.edu.rs\\\/raspored-realizacije-dopunske-i-dodatne-nastave\\\/#breadcrumb\",\"itemListElement\":[{\"@type\":\"ListItem\",\"position\":1,\"name\":\"Home\",\"item\":\"https:\\\/\\\/mbosnovnaskola.mbuniverzitet.edu.rs\\\/\"},{\"@type\":\"ListItem\",\"position\":2,\"name\":\"Raspored realizacije dopunske i dodatne nastave\"}]},{\"@type\":\"WebSite\",\"@id\":\"https:\\\/\\\/mbosnovnaskola.mbuniverzitet.edu.rs\\\/#website\",\"url\":\"https:\\\/\\\/mbosnovnaskola.mbuniverzitet.edu.rs\\\/\",\"name\":\"mbosnovnaskola.mbuniverzitet.edu.rs\",\"description\":\"\",\"publisher\":{\"@id\":\"https:\\\/\\\/mbosnovnaskola.mbuniverzitet.edu.rs\\\/#organization\"},\"potentialAction\":[{\"@type\":\"SearchAction\",\"target\":{\"@type\":\"EntryPoint\",\"urlTemplate\":\"https:\\\/\\\/mbosnovnaskola.mbuniverzitet.edu.rs\\\/?s={search_term_string}\"},\"query-input\":{\"@type\":\"PropertyValueSpecification\",\"valueRequired\":true,\"valueName\":\"search_term_string\"}}],\"inLanguage\":\"en-GB\"},{\"@type\":\"Organization\",\"@id\":\"https:\\\/\\\/mbosnovnaskola.mbuniverzitet.edu.rs\\\/#organization\",\"name\":\"Osnovna \u0161kola \\\"MB\\\"\",\"url\":\"https:\\\/\\\/mbosnovnaskola.mbuniverzitet.edu.rs\\\/\",\"logo\":{\"@type\":\"ImageObject\",\"inLanguage\":\"en-GB\",\"@id\":\"https:\\\/\\\/mbosnovnaskola.mbuniverzitet.edu.rs\\\/#\\\/schema\\\/logo\\\/image\\\/\",\"url\":\"https:\\\/\\\/mbosnovnaskola.mbuniverzitet.edu.rs\\\/wp-content\\\/uploads\\\/2024\\\/10\\\/OS-MB-logo.png\",\"contentUrl\":\"https:\\\/\\\/mbosnovnaskola.mbuniverzitet.edu.rs\\\/wp-content\\\/uploads\\\/2024\\\/10\\\/OS-MB-logo.png\",\"width\":200,\"height\":134,\"caption\":\"Osnovna \u0161kola \\\"MB\\\"\"},\"image\":{\"@id\":\"https:\\\/\\\/mbosnovnaskola.mbuniverzitet.edu.rs\\\/#\\\/schema\\\/logo\\\/image\\\/\"}}]}<\/script>\n<!-- \/ Yoast SEO plugin. -->","yoast_head_json":{"title":"Raspored realizacije dopunske i dodatne nastave - Osnovna \u0161kola &quot;MB&quot;","robots":{"index":"index","follow":"follow","max-snippet":"max-snippet:-1","max-image-preview":"max-image-preview:large","max-video-preview":"max-video-preview:-1"},"canonical":"https:\/\/mbosnovnaskola.mbuniverzitet.edu.rs\/en\/raspored-realizacije-dopunske-i-dodatne-nastave\/","og_locale":"en_GB","og_type":"article","og_title":"Raspored realizacije dopunske i dodatne nastave - Osnovna \u0161kola &quot;MB&quot;","og_description":"OSNOVNA \u0160KOLA ,,MB\u201d KORISTI NOVE OBRAZOVNE PRAKSE Osnovna \u0161kola ,,MB\u201d svoje u\u010denike priprema za budu\u0107nost zahvaljuju\u0107i inovativnim obrazovnim praksama, koje nas izdvajaju kao lidera u regionu kada je o obrazovanju re\u010d. Osnovnu \u0161kolu ,,MB\u201d \u010dini \u0161kolom 21. veka i ono \u0161to nastavu u njoj izdvaja od drugih jeste moderan metodi\u010dki pristup u nastavi i najmodernija [&hellip;]","og_url":"https:\/\/mbosnovnaskola.mbuniverzitet.edu.rs\/en\/raspored-realizacije-dopunske-i-dodatne-nastave\/","og_site_name":"Osnovna \u0161kola &quot;MB&quot;","article_modified_time":"2025-09-18T09:43:49+00:00","twitter_card":"summary_large_image","twitter_misc":{"Estimated reading time":"2 minutes"},"schema":{"@context":"https:\/\/schema.org","@graph":[{"@type":"WebPage","@id":"https:\/\/mbosnovnaskola.mbuniverzitet.edu.rs\/raspored-realizacije-dopunske-i-dodatne-nastave\/","url":"https:\/\/mbosnovnaskola.mbuniverzitet.edu.rs\/raspored-realizacije-dopunske-i-dodatne-nastave\/","name":"Raspored realizacije dopunske i dodatne nastave - Osnovna \u0161kola &quot;MB&quot;","isPartOf":{"@id":"https:\/\/mbosnovnaskola.mbuniverzitet.edu.rs\/#website"},"datePublished":"2024-03-29T11:23:00+00:00","dateModified":"2025-09-18T09:43:49+00:00","breadcrumb":{"@id":"https:\/\/mbosnovnaskola.mbuniverzitet.edu.rs\/raspored-realizacije-dopunske-i-dodatne-nastave\/#breadcrumb"},"inLanguage":"en-GB","potentialAction":[{"@type":"ReadAction","target":["https:\/\/mbosnovnaskola.mbuniverzitet.edu.rs\/raspored-realizacije-dopunske-i-dodatne-nastave\/"]}]},{"@type":"BreadcrumbList","@id":"https:\/\/mbosnovnaskola.mbuniverzitet.edu.rs\/raspored-realizacije-dopunske-i-dodatne-nastave\/#breadcrumb","itemListElement":[{"@type":"ListItem","position":1,"name":"Home","item":"https:\/\/mbosnovnaskola.mbuniverzitet.edu.rs\/"},{"@type":"ListItem","position":2,"name":"Raspored realizacije dopunske i dodatne nastave"}]},{"@type":"WebSite","@id":"https:\/\/mbosnovnaskola.mbuniverzitet.edu.rs\/#website","url":"https:\/\/mbosnovnaskola.mbuniverzitet.edu.rs\/","name":"mbosnovnaskola.mbuniverzitet.edu.rs","description":"","publisher":{"@id":"https:\/\/mbosnovnaskola.mbuniverzitet.edu.rs\/#organization"},"potentialAction":[{"@type":"SearchAction","target":{"@type":"EntryPoint","urlTemplate":"https:\/\/mbosnovnaskola.mbuniverzitet.edu.rs\/?s={search_term_string}"},"query-input":{"@type":"PropertyValueSpecification","valueRequired":true,"valueName":"search_term_string"}}],"inLanguage":"en-GB"},{"@type":"Organization","@id":"https:\/\/mbosnovnaskola.mbuniverzitet.edu.rs\/#organization","name":"Osnovna \u0161kola \"MB\"","url":"https:\/\/mbosnovnaskola.mbuniverzitet.edu.rs\/","logo":{"@type":"ImageObject","inLanguage":"en-GB","@id":"https:\/\/mbosnovnaskola.mbuniverzitet.edu.rs\/#\/schema\/logo\/image\/","url":"https:\/\/mbosnovnaskola.mbuniverzitet.edu.rs\/wp-content\/uploads\/2024\/10\/OS-MB-logo.png","contentUrl":"https:\/\/mbosnovnaskola.mbuniverzitet.edu.rs\/wp-content\/uploads\/2024\/10\/OS-MB-logo.png","width":200,"height":134,"caption":"Osnovna \u0161kola \"MB\""},"image":{"@id":"https:\/\/mbosnovnaskola.mbuniverzitet.edu.rs\/#\/schema\/logo\/image\/"}}]}},"_links":{"self":[{"href":"https:\/\/mbosnovnaskola.mbuniverzitet.edu.rs\/en\/wp-json\/wp\/v2\/pages\/1897","targetHints":{"allow":["GET"]}}],"collection":[{"href":"https:\/\/mbosnovnaskola.mbuniverzitet.edu.rs\/en\/wp-json\/wp\/v2\/pages"}],"about":[{"href":"https:\/\/mbosnovnaskola.mbuniverzitet.edu.rs\/en\/wp-json\/wp\/v2\/types\/page"}],"author":[{"embeddable":true,"href":"https:\/\/mbosnovnaskola.mbuniverzitet.edu.rs\/en\/wp-json\/wp\/v2\/users\/1"}],"replies":[{"embeddable":true,"href":"https:\/\/mbosnovnaskola.mbuniverzitet.edu.rs\/en\/wp-json\/wp\/v2\/comments?post=1897"}],"version-history":[{"count":0,"href":"https:\/\/mbosnovnaskola.mbuniverzitet.edu.rs\/en\/wp-json\/wp\/v2\/pages\/1897\/revisions"}],"wp:attachment":[{"href":"https:\/\/mbosnovnaskola.mbuniverzitet.edu.rs\/en\/wp-json\/wp\/v2\/media?parent=1897"}],"curies":[{"name":"wp","href":"https:\/\/api.w.org\/{rel}","templated":true}]}}