{"id":2158,"date":"2024-04-02T14:24:04","date_gmt":"2024-04-02T12:24:04","guid":{"rendered":"https:\/\/mbosnovnaskola.mbuniverzitet.edu.rs\/?page_id=2158"},"modified":"2025-10-29T10:40:15","modified_gmt":"2025-10-29T08:40:15","slug":"verifikacija-osnovne-skole","status":"publish","type":"page","link":"https:\/\/mbosnovnaskola.mbuniverzitet.edu.rs\/en\/verifikacija-osnovne-skole\/","title":{"rendered":"Verifikacija Osnovne \u0161kole"},"content":{"rendered":"<div data-elementor-type=\"wp-page\" data-elementor-id=\"2158\" class=\"elementor elementor-2158\">\n\t\t\t\t<div class=\"elementor-element elementor-element-7c48a7e e-flex e-con-boxed e-con e-parent\" data-id=\"7c48a7e\" data-element_type=\"container\" data-e-type=\"container\">\n\t\t\t\t\t<div class=\"e-con-inner\">\n\t\t\t\t<div class=\"elementor-element elementor-element-200a9ed elementor-widget elementor-widget-spacer\" data-id=\"200a9ed\" data-element_type=\"widget\" data-e-type=\"widget\" data-widget_type=\"spacer.default\">\n\t\t\t\t<div class=\"elementor-widget-container\">\n\t\t\t\t\t\t\t<div class=\"elementor-spacer\">\n\t\t\t<div class=\"elementor-spacer-inner\"><\/div>\n\t\t<\/div>\n\t\t\t\t\t\t<\/div>\n\t\t\t\t<\/div>\n\t\t\t\t\t<\/div>\n\t\t\t\t<\/div>\n\t\t<div class=\"elementor-element elementor-element-1c797e4 e-flex e-con-boxed e-con e-parent\" data-id=\"1c797e4\" data-element_type=\"container\" data-e-type=\"container\">\n\t\t\t\t\t<div class=\"e-con-inner\">\n\t\t\t\t<div class=\"elementor-element elementor-element-d7f49b2 elementor-widget elementor-widget-heading\" data-id=\"d7f49b2\" data-element_type=\"widget\" data-e-type=\"widget\" data-widget_type=\"heading.default\">\n\t\t\t\t<div class=\"elementor-widget-container\">\n\t\t\t\t\t<h3 class=\"elementor-heading-title elementor-size-default\">ZVANI\u010cNE VERIFIKACIJE KAO DOKAZ KVALITETA<\/h3>\t\t\t\t<\/div>\n\t\t\t\t<\/div>\n\t\t\t\t<div class=\"elementor-element elementor-element-50d0b4f elementor-widget elementor-widget-heading\" data-id=\"50d0b4f\" data-element_type=\"widget\" data-e-type=\"widget\" data-widget_type=\"heading.default\">\n\t\t\t\t<div class=\"elementor-widget-container\">\n\t\t\t\t\t<h4 class=\"elementor-heading-title elementor-size-default\"><a href=\"https:\/\/mbosnovnaskola.mbuniverzitet.edu.rs\/wp-content\/uploads\/2024\/10\/Verifikacija-osnovne-MB_oktobar2024.pdf\" target=\"_blank\">VERIFIKACIJA MINISTARSTVA PROSVETE<\/a><\/h4>\t\t\t\t<\/div>\n\t\t\t\t<\/div>\n\t\t\t\t\t<\/div>\n\t\t\t\t<\/div>\n\t\t<div class=\"elementor-element elementor-element-ebacc11 e-flex e-con-boxed e-con e-parent\" data-id=\"ebacc11\" data-element_type=\"container\" data-e-type=\"container\">\n\t\t\t\t\t<div class=\"e-con-inner\">\n\t\t<div class=\"elementor-element elementor-element-bae028d e-con-full e-flex e-con e-child\" data-id=\"bae028d\" data-element_type=\"container\" data-e-type=\"container\" data-settings=\"{&quot;background_background&quot;:&quot;classic&quot;}\">\n\t\t\t\t<div class=\"elementor-element elementor-element-36f0a8a elementor-widget elementor-widget-text-editor\" data-id=\"36f0a8a\" data-element_type=\"widget\" data-e-type=\"widget\" data-widget_type=\"text-editor.default\">\n\t\t\t\t<div class=\"elementor-widget-container\">\n\t\t\t\t\t\t\t\t\t<p><a href=\"https:\/\/mbosnovnaskola.mbuniverzitet.edu.rs\/wp-content\/uploads\/2024\/10\/Verifikacija-osnovne-MB_oktobar2024.pdf\" target=\"_blank\" rel=\"noopener\">Re\u0161enjem Ministarstva prosvete Republike Srbije<\/a>, <strong>Osnovna \u0161kola \u201eMB\u201d verifikovana je za realizaciju nastavnog plana i programa od prvog do \u010detvrtog razreda<\/strong>.<\/p><p>Our educational program is continuously improved and modernized through new teaching materials, digital resources, and methods that support both student development and the professional growth of teachers.<\/p><p>The focus is on acquiring fundamental knowledge while also introducing students to national and global cultural values. Special emphasis is placed on <strong>interactive and multidisciplinary teaching<\/strong>, which, through the use of modern technologies, enables children to learn in an engaging, efficient, and contemporary way\u2014preparing them for the challenges of today\u2019s world and the future.<\/p>\t\t\t\t\t\t\t\t<\/div>\n\t\t\t\t<\/div>\n\t\t\t\t<\/div>\n\t\t<div class=\"elementor-element elementor-element-200620e e-con-full e-flex e-con e-child\" data-id=\"200620e\" data-element_type=\"container\" data-e-type=\"container\">\n\t\t\t\t<div class=\"elementor-element elementor-element-1d1d935 elementor-widget elementor-widget-image\" data-id=\"1d1d935\" data-element_type=\"widget\" data-e-type=\"widget\" data-widget_type=\"image.default\">\n\t\t\t\t<div class=\"elementor-widget-container\">\n\t\t\t\t\t\t\t\t\t\t\t\t\t\t\t\t<a href=\"https:\/\/prosveta.gov.rs\/\" target=\"_blank\">\n\t\t\t\t\t\t\t<img decoding=\"async\" width=\"222\" height=\"173\" src=\"https:\/\/mbosnovnaskola.mbuniverzitet.edu.rs\/wp-content\/uploads\/2024\/04\/GRB-RS_MP.jpg\" class=\"attachment-medium_large size-medium_large wp-image-2336\" alt=\"\" \/>\t\t\t\t\t\t\t\t<\/a>\n\t\t\t\t\t\t\t\t\t\t\t\t\t\t\t<\/div>\n\t\t\t\t<\/div>\n\t\t\t\t<\/div>\n\t\t\t\t\t<\/div>\n\t\t\t\t<\/div>\n\t\t<div class=\"elementor-element elementor-element-e557603 e-flex e-con-boxed e-con e-parent\" data-id=\"e557603\" data-element_type=\"container\" data-e-type=\"container\">\n\t\t\t\t\t<div class=\"e-con-inner\">\n\t\t\t\t<div class=\"elementor-element elementor-element-89ca327 elementor-widget elementor-widget-spacer\" data-id=\"89ca327\" data-element_type=\"widget\" data-e-type=\"widget\" data-widget_type=\"spacer.default\">\n\t\t\t\t<div class=\"elementor-widget-container\">\n\t\t\t\t\t\t\t<div class=\"elementor-spacer\">\n\t\t\t<div class=\"elementor-spacer-inner\"><\/div>\n\t\t<\/div>\n\t\t\t\t\t\t<\/div>\n\t\t\t\t<\/div>\n\t\t\t\t\t<\/div>\n\t\t\t\t<\/div>\n\t\t<div class=\"elementor-element elementor-element-974b6b3 e-flex e-con-boxed e-con e-parent\" data-id=\"974b6b3\" data-element_type=\"container\" data-e-type=\"container\">\n\t\t\t\t\t<div class=\"e-con-inner\">\n\t\t\t\t<div class=\"elementor-element elementor-element-38b0eaa elementor-widget elementor-widget-spacer\" data-id=\"38b0eaa\" data-element_type=\"widget\" data-e-type=\"widget\" data-widget_type=\"spacer.default\">\n\t\t\t\t<div class=\"elementor-widget-container\">\n\t\t\t\t\t\t\t<div class=\"elementor-spacer\">\n\t\t\t<div class=\"elementor-spacer-inner\"><\/div>\n\t\t<\/div>\n\t\t\t\t\t\t<\/div>\n\t\t\t\t<\/div>\n\t\t\t\t\t<\/div>\n\t\t\t\t<\/div>\n\t\t\t\t<\/div>","protected":false},"excerpt":{"rendered":"<p>ZVANI\u010cNE VERIFIKACIJE KAO DOKAZ KVALITETA VERIFIKACIJA MINISTARSTVA PROSVETE Re\u0161enjem Ministarstva prosvete Republike Srbije, Osnovna \u0161kola \u201eMB\u201d verifikovana je za realizaciju nastavnog plana i programa od prvog do \u010detvrtog razreda. Na\u0161 obrazovni program neprestano se unapre\u0111uje i osavremenjuje kroz nove nastavne materijale, digitalne resurse i metode koje podjednako podsti\u010du razvoj u\u010denika i profesionalni napredak nastavnika. Fokus [&hellip;]<\/p>\n","protected":false},"author":1,"featured_media":0,"parent":0,"menu_order":0,"comment_status":"closed","ping_status":"closed","template":"","meta":{"site-sidebar-layout":"no-sidebar","site-content-layout":"page-builder","ast-site-content-layout":"full-width-container","site-content-style":"unboxed","site-sidebar-style":"unboxed","ast-global-header-display":"","ast-banner-title-visibility":"","ast-main-header-display":"","ast-hfb-above-header-display":"","ast-hfb-below-header-display":"","ast-hfb-mobile-header-display":"","site-post-title":"disabled","ast-breadcrumbs-content":"","ast-featured-img":"disabled","footer-sml-layout":"","ast-disable-related-posts":"","theme-transparent-header-meta":"enabled","adv-header-id-meta":"","stick-header-meta":"","header-above-stick-meta":"","header-main-stick-meta":"","header-below-stick-meta":"","astra-migrate-meta-layouts":"set","ast-page-background-enabled":"default","ast-page-background-meta":{"desktop":{"background-color":"var(--ast-global-color-4)","background-image":"","background-repeat":"repeat","background-position":"center center","background-size":"auto","background-attachment":"scroll","background-type":"","background-media":"","overlay-type":"","overlay-color":"","overlay-opacity":"","overlay-gradient":""},"tablet":{"background-color":"","background-image":"","background-repeat":"repeat","background-position":"center center","background-size":"auto","background-attachment":"scroll","background-type":"","background-media":"","overlay-type":"","overlay-color":"","overlay-opacity":"","overlay-gradient":""},"mobile":{"background-color":"","background-image":"","background-repeat":"repeat","background-position":"center center","background-size":"auto","background-attachment":"scroll","background-type":"","background-media":"","overlay-type":"","overlay-color":"","overlay-opacity":"","overlay-gradient":""}},"ast-content-background-meta":{"desktop":{"background-color":"var(--ast-global-color-5)","background-image":"","background-repeat":"repeat","background-position":"center center","background-size":"auto","background-attachment":"scroll","background-type":"","background-media":"","overlay-type":"","overlay-color":"","overlay-opacity":"","overlay-gradient":""},"tablet":{"background-color":"var(--ast-global-color-5)","background-image":"","background-repeat":"repeat","background-position":"center center","background-size":"auto","background-attachment":"scroll","background-type":"","background-media":"","overlay-type":"","overlay-color":"","overlay-opacity":"","overlay-gradient":""},"mobile":{"background-color":"var(--ast-global-color-5)","background-image":"","background-repeat":"repeat","background-position":"center center","background-size":"auto","background-attachment":"scroll","background-type":"","background-media":"","overlay-type":"","overlay-color":"","overlay-opacity":"","overlay-gradient":""}},"footnotes":""},"class_list":["post-2158","page","type-page","status-publish","hentry"],"yoast_head":"<!-- This site is optimized with the Yoast SEO plugin v27.4 - https:\/\/yoast.com\/product\/yoast-seo-wordpress\/ -->\n<title>Verifikacija Osnovne \u0161kole - Osnovna \u0161kola &quot;MB&quot;<\/title>\n<meta name=\"robots\" content=\"index, follow, max-snippet:-1, max-image-preview:large, max-video-preview:-1\" \/>\n<link rel=\"canonical\" href=\"https:\/\/mbosnovnaskola.mbuniverzitet.edu.rs\/en\/verifikacija-osnovne-skole\/\" \/>\n<meta property=\"og:locale\" content=\"en_GB\" \/>\n<meta property=\"og:type\" content=\"article\" \/>\n<meta property=\"og:title\" content=\"Verifikacija Osnovne \u0161kole - Osnovna \u0161kola &quot;MB&quot;\" \/>\n<meta property=\"og:description\" content=\"ZVANI\u010cNE VERIFIKACIJE KAO DOKAZ KVALITETA VERIFIKACIJA MINISTARSTVA PROSVETE Re\u0161enjem Ministarstva prosvete Republike Srbije, Osnovna \u0161kola \u201eMB\u201d verifikovana je za realizaciju nastavnog plana i programa od prvog do \u010detvrtog razreda. Na\u0161 obrazovni program neprestano se unapre\u0111uje i osavremenjuje kroz nove nastavne materijale, digitalne resurse i metode koje podjednako podsti\u010du razvoj u\u010denika i profesionalni napredak nastavnika. Fokus [&hellip;]\" \/>\n<meta property=\"og:url\" content=\"https:\/\/mbosnovnaskola.mbuniverzitet.edu.rs\/en\/verifikacija-osnovne-skole\/\" \/>\n<meta property=\"og:site_name\" content=\"Osnovna \u0161kola &quot;MB&quot;\" \/>\n<meta property=\"article:modified_time\" content=\"2025-10-29T08:40:15+00:00\" \/>\n<meta property=\"og:image\" content=\"https:\/\/mbosnovnaskola.mbuniverzitet.edu.rs\/wp-content\/uploads\/2024\/04\/GRB-RS_MP.jpg\" \/>\n\t<meta property=\"og:image:width\" content=\"222\" \/>\n\t<meta property=\"og:image:height\" content=\"173\" \/>\n\t<meta property=\"og:image:type\" content=\"image\/jpeg\" \/>\n<meta name=\"twitter:card\" content=\"summary_large_image\" \/>\n<meta name=\"twitter:label1\" content=\"Estimated reading time\" \/>\n\t<meta name=\"twitter:data1\" content=\"1 minute\" \/>\n<script type=\"application\/ld+json\" class=\"yoast-schema-graph\">{\"@context\":\"https:\\\/\\\/schema.org\",\"@graph\":[{\"@type\":\"WebPage\",\"@id\":\"https:\\\/\\\/mbosnovnaskola.mbuniverzitet.edu.rs\\\/verifikacija-osnovne-skole\\\/\",\"url\":\"https:\\\/\\\/mbosnovnaskola.mbuniverzitet.edu.rs\\\/verifikacija-osnovne-skole\\\/\",\"name\":\"Verifikacija Osnovne \u0161kole - Osnovna \u0161kola &quot;MB&quot;\",\"isPartOf\":{\"@id\":\"https:\\\/\\\/mbosnovnaskola.mbuniverzitet.edu.rs\\\/#website\"},\"primaryImageOfPage\":{\"@id\":\"https:\\\/\\\/mbosnovnaskola.mbuniverzitet.edu.rs\\\/verifikacija-osnovne-skole\\\/#primaryimage\"},\"image\":{\"@id\":\"https:\\\/\\\/mbosnovnaskola.mbuniverzitet.edu.rs\\\/verifikacija-osnovne-skole\\\/#primaryimage\"},\"thumbnailUrl\":\"https:\\\/\\\/mbosnovnaskola.mbuniverzitet.edu.rs\\\/wp-content\\\/uploads\\\/2024\\\/04\\\/GRB-RS_MP.jpg\",\"datePublished\":\"2024-04-02T12:24:04+00:00\",\"dateModified\":\"2025-10-29T08:40:15+00:00\",\"breadcrumb\":{\"@id\":\"https:\\\/\\\/mbosnovnaskola.mbuniverzitet.edu.rs\\\/verifikacija-osnovne-skole\\\/#breadcrumb\"},\"inLanguage\":\"en-GB\",\"potentialAction\":[{\"@type\":\"ReadAction\",\"target\":[\"https:\\\/\\\/mbosnovnaskola.mbuniverzitet.edu.rs\\\/verifikacija-osnovne-skole\\\/\"]}]},{\"@type\":\"ImageObject\",\"inLanguage\":\"en-GB\",\"@id\":\"https:\\\/\\\/mbosnovnaskola.mbuniverzitet.edu.rs\\\/verifikacija-osnovne-skole\\\/#primaryimage\",\"url\":\"https:\\\/\\\/mbosnovnaskola.mbuniverzitet.edu.rs\\\/wp-content\\\/uploads\\\/2024\\\/04\\\/GRB-RS_MP.jpg\",\"contentUrl\":\"https:\\\/\\\/mbosnovnaskola.mbuniverzitet.edu.rs\\\/wp-content\\\/uploads\\\/2024\\\/04\\\/GRB-RS_MP.jpg\"},{\"@type\":\"BreadcrumbList\",\"@id\":\"https:\\\/\\\/mbosnovnaskola.mbuniverzitet.edu.rs\\\/verifikacija-osnovne-skole\\\/#breadcrumb\",\"itemListElement\":[{\"@type\":\"ListItem\",\"position\":1,\"name\":\"Home\",\"item\":\"https:\\\/\\\/mbosnovnaskola.mbuniverzitet.edu.rs\\\/\"},{\"@type\":\"ListItem\",\"position\":2,\"name\":\"Verifikacija Osnovne \u0161kole\"}]},{\"@type\":\"WebSite\",\"@id\":\"https:\\\/\\\/mbosnovnaskola.mbuniverzitet.edu.rs\\\/#website\",\"url\":\"https:\\\/\\\/mbosnovnaskola.mbuniverzitet.edu.rs\\\/\",\"name\":\"mbosnovnaskola.mbuniverzitet.edu.rs\",\"description\":\"\",\"publisher\":{\"@id\":\"https:\\\/\\\/mbosnovnaskola.mbuniverzitet.edu.rs\\\/#organization\"},\"potentialAction\":[{\"@type\":\"SearchAction\",\"target\":{\"@type\":\"EntryPoint\",\"urlTemplate\":\"https:\\\/\\\/mbosnovnaskola.mbuniverzitet.edu.rs\\\/?s={search_term_string}\"},\"query-input\":{\"@type\":\"PropertyValueSpecification\",\"valueRequired\":true,\"valueName\":\"search_term_string\"}}],\"inLanguage\":\"en-GB\"},{\"@type\":\"Organization\",\"@id\":\"https:\\\/\\\/mbosnovnaskola.mbuniverzitet.edu.rs\\\/#organization\",\"name\":\"Osnovna \u0161kola \\\"MB\\\"\",\"url\":\"https:\\\/\\\/mbosnovnaskola.mbuniverzitet.edu.rs\\\/\",\"logo\":{\"@type\":\"ImageObject\",\"inLanguage\":\"en-GB\",\"@id\":\"https:\\\/\\\/mbosnovnaskola.mbuniverzitet.edu.rs\\\/#\\\/schema\\\/logo\\\/image\\\/\",\"url\":\"https:\\\/\\\/mbosnovnaskola.mbuniverzitet.edu.rs\\\/wp-content\\\/uploads\\\/2024\\\/10\\\/OS-MB-logo.png\",\"contentUrl\":\"https:\\\/\\\/mbosnovnaskola.mbuniverzitet.edu.rs\\\/wp-content\\\/uploads\\\/2024\\\/10\\\/OS-MB-logo.png\",\"width\":200,\"height\":134,\"caption\":\"Osnovna \u0161kola \\\"MB\\\"\"},\"image\":{\"@id\":\"https:\\\/\\\/mbosnovnaskola.mbuniverzitet.edu.rs\\\/#\\\/schema\\\/logo\\\/image\\\/\"}}]}<\/script>\n<!-- \/ Yoast SEO plugin. -->","yoast_head_json":{"title":"Verifikacija Osnovne \u0161kole - Osnovna \u0161kola &quot;MB&quot;","robots":{"index":"index","follow":"follow","max-snippet":"max-snippet:-1","max-image-preview":"max-image-preview:large","max-video-preview":"max-video-preview:-1"},"canonical":"https:\/\/mbosnovnaskola.mbuniverzitet.edu.rs\/en\/verifikacija-osnovne-skole\/","og_locale":"en_GB","og_type":"article","og_title":"Verifikacija Osnovne \u0161kole - Osnovna \u0161kola &quot;MB&quot;","og_description":"ZVANI\u010cNE VERIFIKACIJE KAO DOKAZ KVALITETA VERIFIKACIJA MINISTARSTVA PROSVETE Re\u0161enjem Ministarstva prosvete Republike Srbije, Osnovna \u0161kola \u201eMB\u201d verifikovana je za realizaciju nastavnog plana i programa od prvog do \u010detvrtog razreda. Na\u0161 obrazovni program neprestano se unapre\u0111uje i osavremenjuje kroz nove nastavne materijale, digitalne resurse i metode koje podjednako podsti\u010du razvoj u\u010denika i profesionalni napredak nastavnika. Fokus [&hellip;]","og_url":"https:\/\/mbosnovnaskola.mbuniverzitet.edu.rs\/en\/verifikacija-osnovne-skole\/","og_site_name":"Osnovna \u0161kola &quot;MB&quot;","article_modified_time":"2025-10-29T08:40:15+00:00","og_image":[{"width":222,"height":173,"url":"https:\/\/mbosnovnaskola.mbuniverzitet.edu.rs\/wp-content\/uploads\/2024\/04\/GRB-RS_MP.jpg","type":"image\/jpeg"}],"twitter_card":"summary_large_image","twitter_misc":{"Estimated reading time":"1 minute"},"schema":{"@context":"https:\/\/schema.org","@graph":[{"@type":"WebPage","@id":"https:\/\/mbosnovnaskola.mbuniverzitet.edu.rs\/verifikacija-osnovne-skole\/","url":"https:\/\/mbosnovnaskola.mbuniverzitet.edu.rs\/verifikacija-osnovne-skole\/","name":"Verifikacija Osnovne \u0161kole - Osnovna \u0161kola &quot;MB&quot;","isPartOf":{"@id":"https:\/\/mbosnovnaskola.mbuniverzitet.edu.rs\/#website"},"primaryImageOfPage":{"@id":"https:\/\/mbosnovnaskola.mbuniverzitet.edu.rs\/verifikacija-osnovne-skole\/#primaryimage"},"image":{"@id":"https:\/\/mbosnovnaskola.mbuniverzitet.edu.rs\/verifikacija-osnovne-skole\/#primaryimage"},"thumbnailUrl":"https:\/\/mbosnovnaskola.mbuniverzitet.edu.rs\/wp-content\/uploads\/2024\/04\/GRB-RS_MP.jpg","datePublished":"2024-04-02T12:24:04+00:00","dateModified":"2025-10-29T08:40:15+00:00","breadcrumb":{"@id":"https:\/\/mbosnovnaskola.mbuniverzitet.edu.rs\/verifikacija-osnovne-skole\/#breadcrumb"},"inLanguage":"en-GB","potentialAction":[{"@type":"ReadAction","target":["https:\/\/mbosnovnaskola.mbuniverzitet.edu.rs\/verifikacija-osnovne-skole\/"]}]},{"@type":"ImageObject","inLanguage":"en-GB","@id":"https:\/\/mbosnovnaskola.mbuniverzitet.edu.rs\/verifikacija-osnovne-skole\/#primaryimage","url":"https:\/\/mbosnovnaskola.mbuniverzitet.edu.rs\/wp-content\/uploads\/2024\/04\/GRB-RS_MP.jpg","contentUrl":"https:\/\/mbosnovnaskola.mbuniverzitet.edu.rs\/wp-content\/uploads\/2024\/04\/GRB-RS_MP.jpg"},{"@type":"BreadcrumbList","@id":"https:\/\/mbosnovnaskola.mbuniverzitet.edu.rs\/verifikacija-osnovne-skole\/#breadcrumb","itemListElement":[{"@type":"ListItem","position":1,"name":"Home","item":"https:\/\/mbosnovnaskola.mbuniverzitet.edu.rs\/"},{"@type":"ListItem","position":2,"name":"Verifikacija Osnovne \u0161kole"}]},{"@type":"WebSite","@id":"https:\/\/mbosnovnaskola.mbuniverzitet.edu.rs\/#website","url":"https:\/\/mbosnovnaskola.mbuniverzitet.edu.rs\/","name":"mbosnovnaskola.mbuniverzitet.edu.rs","description":"","publisher":{"@id":"https:\/\/mbosnovnaskola.mbuniverzitet.edu.rs\/#organization"},"potentialAction":[{"@type":"SearchAction","target":{"@type":"EntryPoint","urlTemplate":"https:\/\/mbosnovnaskola.mbuniverzitet.edu.rs\/?s={search_term_string}"},"query-input":{"@type":"PropertyValueSpecification","valueRequired":true,"valueName":"search_term_string"}}],"inLanguage":"en-GB"},{"@type":"Organization","@id":"https:\/\/mbosnovnaskola.mbuniverzitet.edu.rs\/#organization","name":"Osnovna \u0161kola \"MB\"","url":"https:\/\/mbosnovnaskola.mbuniverzitet.edu.rs\/","logo":{"@type":"ImageObject","inLanguage":"en-GB","@id":"https:\/\/mbosnovnaskola.mbuniverzitet.edu.rs\/#\/schema\/logo\/image\/","url":"https:\/\/mbosnovnaskola.mbuniverzitet.edu.rs\/wp-content\/uploads\/2024\/10\/OS-MB-logo.png","contentUrl":"https:\/\/mbosnovnaskola.mbuniverzitet.edu.rs\/wp-content\/uploads\/2024\/10\/OS-MB-logo.png","width":200,"height":134,"caption":"Osnovna \u0161kola \"MB\""},"image":{"@id":"https:\/\/mbosnovnaskola.mbuniverzitet.edu.rs\/#\/schema\/logo\/image\/"}}]}},"_links":{"self":[{"href":"https:\/\/mbosnovnaskola.mbuniverzitet.edu.rs\/en\/wp-json\/wp\/v2\/pages\/2158","targetHints":{"allow":["GET"]}}],"collection":[{"href":"https:\/\/mbosnovnaskola.mbuniverzitet.edu.rs\/en\/wp-json\/wp\/v2\/pages"}],"about":[{"href":"https:\/\/mbosnovnaskola.mbuniverzitet.edu.rs\/en\/wp-json\/wp\/v2\/types\/page"}],"author":[{"embeddable":true,"href":"https:\/\/mbosnovnaskola.mbuniverzitet.edu.rs\/en\/wp-json\/wp\/v2\/users\/1"}],"replies":[{"embeddable":true,"href":"https:\/\/mbosnovnaskola.mbuniverzitet.edu.rs\/en\/wp-json\/wp\/v2\/comments?post=2158"}],"version-history":[{"count":0,"href":"https:\/\/mbosnovnaskola.mbuniverzitet.edu.rs\/en\/wp-json\/wp\/v2\/pages\/2158\/revisions"}],"wp:attachment":[{"href":"https:\/\/mbosnovnaskola.mbuniverzitet.edu.rs\/en\/wp-json\/wp\/v2\/media?parent=2158"}],"curies":[{"name":"wp","href":"https:\/\/api.w.org\/{rel}","templated":true}]}}