{"id":2917,"date":"2024-04-17T11:28:00","date_gmt":"2024-04-17T09:28:00","guid":{"rendered":"https:\/\/mbosnovnaskola.mbuniverzitet.edu.rs\/?page_id=2917"},"modified":"2025-09-18T11:48:42","modified_gmt":"2025-09-18T09:48:42","slug":"upis-u-prvi-razred","status":"publish","type":"page","link":"https:\/\/mbosnovnaskola.mbuniverzitet.edu.rs\/en\/upis-u-prvi-razred\/","title":{"rendered":"Upis u prvi razred"},"content":{"rendered":"<div data-elementor-type=\"wp-page\" data-elementor-id=\"2917\" class=\"elementor elementor-2917\">\n\t\t\t\t<div class=\"elementor-element elementor-element-4874ec7 e-flex e-con-boxed e-con e-parent\" data-id=\"4874ec7\" data-element_type=\"container\" data-e-type=\"container\" data-settings=\"{&quot;background_background&quot;:&quot;classic&quot;}\">\n\t\t\t\t\t<div class=\"e-con-inner\">\n\t\t<div class=\"elementor-element elementor-element-64980f5 e-con-full e-flex e-con e-child\" data-id=\"64980f5\" data-element_type=\"container\" data-e-type=\"container\">\n\t\t<div class=\"elementor-element elementor-element-f520bdb e-con-full e-flex e-con e-child\" data-id=\"f520bdb\" data-element_type=\"container\" data-e-type=\"container\">\n\t\t<div class=\"elementor-element elementor-element-2ee7f77 e-con-full e-flex e-con e-child\" data-id=\"2ee7f77\" data-element_type=\"container\" data-e-type=\"container\">\n\t\t<div class=\"elementor-element elementor-element-3c84c89 e-con-full e-flex e-con e-child\" data-id=\"3c84c89\" data-element_type=\"container\" data-e-type=\"container\" data-settings=\"{&quot;background_background&quot;:&quot;gradient&quot;}\">\n\t\t\t\t<div class=\"elementor-element elementor-element-273e697 elementor-widget elementor-widget-icon-box\" data-id=\"273e697\" data-element_type=\"widget\" data-e-type=\"widget\" data-widget_type=\"icon-box.default\">\n\t\t\t\t<div class=\"elementor-widget-container\">\n\t\t\t\t\t\t\t<div class=\"elementor-icon-box-wrapper\">\n\n\t\t\t\n\t\t\t\t\t\t<div class=\"elementor-icon-box-content\">\n\n\t\t\t\t\t\t\t\t\t<h5 class=\"elementor-icon-box-title\">\n\t\t\t\t\t\t<span  >\n\t\t\t\t\t\t\tINFORMACIONE TEHNOLOGIJE U OSNOVNOJ \u0160KOLI ,,MB\u201c DOPRINOSE KOMPLETNOM RAZVOJU U\u010cENIKA\t\t\t\t\t\t<\/span>\n\t\t\t\t\t<\/h5>\n\t\t\t\t\n\t\t\t\t\n\t\t\t<\/div>\n\t\t\t\n\t\t<\/div>\n\t\t\t\t\t\t<\/div>\n\t\t\t\t<\/div>\n\t\t\t\t<div class=\"elementor-element elementor-element-398a5d7 elementor-widget elementor-widget-text-editor\" data-id=\"398a5d7\" data-element_type=\"widget\" data-e-type=\"widget\" data-widget_type=\"text-editor.default\">\n\t\t\t\t<div class=\"elementor-widget-container\">\n\t\t\t\t\t\t\t\t\t<h5><strong>NAU\u010cNA ISTRA\u017dIVANJA SU POTVRDILA:<br \/>U\u010cENICI MORAJU \u0160TO PRE DA PO\u010cNU SA U\u010cENJEM PROGRAMIRANJA<\/strong><\/h5><p>U Osnovnoj \u0161koli ,,MB\u201c digitalne kompetencije \u00a0su ejdan od prioriteta. U\u010denici sti\u010du samopouzdanje za kriti\u010dko kori\u0161\u0107enje informacionih i komunikacionih tehnologija za rad, odmor i komunikaciju. Roditelji na\u0161ih u\u010denika, njih preko 95% su motivisani da njihova deca u\u010de programiranje jo\u0161 od prvog razreda osnovne \u0161kole. \u017delje su potpuno opravdane. Na\u0161a istra\u017eivanja potvr\u0111uju i najnovija istra\u017eivanja koja pokazuju da IT nastava mo\u017ee pobolj\u0161ati uspeh i iz ostalih predmeta:<\/p><ul><li>U\u010denici koji su imali programiranje u osnovnoj \u0161koli zabele\u017eili su bolji uspeh iz predmeta kakvi su\u00a0matematika,\u00a0jezik\u00a0i\u00a0knji\u017eevnost, ali i unapredili svoje ve\u0161tine\u00a0komunikacije,\u00a0re\u0161avanja problema, oja\u010dali\u00a0koncentraciju\u00a0i izo\u0161trili\u00a0fokus.<\/li><\/ul><p>Rano upoznavanje sa osnovama IT-ja\u00a0 ima pozitivne efekte na de\u010dji razvoj, ali i donosi dragocene ve\u0161tine neophodne za uspe\u0161an \u017eivot i rad u 21. veku kao \u0161to je digitalna pismenost. . U\u010denici sti\u010du osnove za \u00a0numeri\u010dko rezonovanje, razumevanje sveta prirode, sposobnost primene znanja i tehnologije za ljudske potrebe. Zahvaljuju\u0107i nastavi iz informacionih tehnologija u\u010denici se u\u010de bezbednom i odgovornom pona\u0161aju na internetu i prilikom susreta sa novim tehnologijama.<\/p><p>Odli\u010dno poznavanje IT i programiranje, predstavljaju ne samo dobro pla\u0107eno zanimanje budu\u0107nosti nego i doprinosi napretku dece u svim segmentima va\u017enim za njihov akademski i profesionalni uspeh.<\/p><p>Od izuzetnog je zna\u010daja da va\u0161e dete poha\u0111a osnovnu \u0161kolu u kojoj se IT u\u010di od najranijih razreda.<\/p>\t\t\t\t\t\t\t\t<\/div>\n\t\t\t\t<\/div>\n\t\t\t\t<\/div>\n\t\t\t\t<\/div>\n\t\t\t\t<\/div>\n\t\t\t\t<\/div>\n\t\t\t\t\t<\/div>\n\t\t\t\t<\/div>\n\t\t<div class=\"elementor-element elementor-element-0033e46 e-flex e-con-boxed e-con e-parent\" data-id=\"0033e46\" data-element_type=\"container\" data-e-type=\"container\" data-settings=\"{&quot;background_background&quot;:&quot;classic&quot;}\">\n\t\t\t\t\t<div class=\"e-con-inner\">\n\t\t<div class=\"elementor-element elementor-element-4a23daa e-con-full e-flex e-con e-child\" data-id=\"4a23daa\" data-element_type=\"container\" data-e-type=\"container\">\n\t\t<div class=\"elementor-element elementor-element-4536081 e-con-full e-flex e-con e-child\" data-id=\"4536081\" data-element_type=\"container\" data-e-type=\"container\">\n\t\t<div class=\"elementor-element elementor-element-3ccb566 e-con-full e-flex e-con e-child\" data-id=\"3ccb566\" data-element_type=\"container\" data-e-type=\"container\">\n\t\t<div class=\"elementor-element elementor-element-b293c4b e-con-full e-flex e-con e-child\" data-id=\"b293c4b\" data-element_type=\"container\" data-e-type=\"container\" data-settings=\"{&quot;background_background&quot;:&quot;gradient&quot;}\">\n\t\t\t\t<div class=\"elementor-element elementor-element-09d1ded elementor-widget elementor-widget-heading\" data-id=\"09d1ded\" data-element_type=\"widget\" data-e-type=\"widget\" data-widget_type=\"heading.default\">\n\t\t\t\t<div class=\"elementor-widget-container\">\n\t\t\t\t\t<h2 class=\"elementor-heading-title elementor-size-default\">KAKO PROGRAMIRANJE U OSNOVNOJ \u0160KOLI ,,MB\u201c POBOLJ\u0160AVA AKADEMSKI USPEH?<\/h2>\t\t\t\t<\/div>\n\t\t\t\t<\/div>\n\t\t\t\t<div class=\"elementor-element elementor-element-1e04760 elementor-widget elementor-widget-text-editor\" data-id=\"1e04760\" data-element_type=\"widget\" data-e-type=\"widget\" data-widget_type=\"text-editor.default\">\n\t\t\t\t<div class=\"elementor-widget-container\">\n\t\t\t\t\t\t\t\t\t<p>Stru\u010dnjaci za obrazovanje potvr\u0111uju da su osnovni principi na kojima se programiranje zasniva poput definisanje fizi\u010dkog i matemati\u010dkog modela, algoritma, koncentracije i istrajnosti u izradi koda, zna\u010dajni za sveukupni razvoj deteta. Stoga oni u\u010denici koji su se susreli sa programiranjem u ranom uzrastu, lak\u0161e usvajaju gradivo iz drugih predmeta kao \u0161to su:<\/p><ul><li><strong>Mathematics<\/strong>. Programiranje poma\u017ee deci da shvate kako se apstraktni matemati\u010dki modeli primenjuju u praksi zbog \u010dega se razvija ljubav prema matematici koji je mnogim u\u010denicima bauk.<\/li><li><strong>Jezik i knji\u017eevnost<\/strong>. Izrada koda je primena programskog jezika. Mnoge aplikacije za u\u010denje kodiranja kod u\u010denika baziraju na obja\u0161njenju fizi\u010dkih pojava koje u\u010denik samostalno kreira \u010dime sti\u010de ve\u0161tine i znanja o strukturi teksta i na\u010dinu funkcionisanja jezika.<\/li><li><strong>Likovno i umetnost<\/strong>. Programiranje razvija kod dece kreativnost tako \u0161to ih u\u010di da tra\u017ee re\u0161enja za razli\u010dite probleme, a kada se pove\u017ee sa grafi\u010dkom interpretacijom rezultata, web dizajnom omogu\u0107ava im da stvaraju sopstvene vizulene kreacije zbog \u010dega napreduju iz likovnog i sti\u010du umetni\u010dki pogled na svet.<\/li><li><strong>Transverzalne ve\u0161tine<\/strong>.\u00a0Fokus, timski rad, komunikacija i sposobnost re\u0161avanja problema spadaju u grupu ve\u0161tina koje su neophodne za bilo koji predmet, ve\u0107 ih dana\u0161nji poslodavci smatraju najva\u017enijim za dobijanje posla. Upravo kodiranje razvija ove ve\u0161tine kod va\u0161e dece i time ih osposobljava za \u017eivot i rad u 21. veku.<\/li><\/ul><p>Sti\u010du\u0107i osnovna znanja iz programiranja u\u010denici tokom nastupaju\u0107ih godina u \u017eivotu mogu imati afinitet za sasvim druge oblasti, nastava IT-ja u Osnovnoj \u0161koli ,,MB\u201c pomo\u0107i \u0107e im da budu uspe\u0161niji bez obzira na budu\u0107e zanimanje.<\/p>\t\t\t\t\t\t\t\t<\/div>\n\t\t\t\t<\/div>\n\t\t\t\t<div class=\"elementor-element elementor-element-5d3f0be elementor-widget elementor-widget-image\" data-id=\"5d3f0be\" data-element_type=\"widget\" data-e-type=\"widget\" data-widget_type=\"image.default\">\n\t\t\t\t<div class=\"elementor-widget-container\">\n\t\t\t\t\t\t\t\t\t\t\t\t\t\t\t<img decoding=\"async\" src=\"https:\/\/mbosnovnaskola.mbuniverzitet.edu.rs\/wp-content\/uploads\/elementor\/thumbs\/OS-MB-SLika-24-qmu5nny0vm9ft5kzepklxjqz73qb5r7iahmikpvb1o.jpg\" title=\"OS-MB-SLika-24\" alt=\"OS-MB-SLika-24\" loading=\"lazy\" \/>\t\t\t\t\t\t\t\t\t\t\t\t\t\t\t<\/div>\n\t\t\t\t<\/div>\n\t\t\t\t<\/div>\n\t\t\t\t<\/div>\n\t\t\t\t<\/div>\n\t\t\t\t<\/div>\n\t\t\t\t\t<\/div>\n\t\t\t\t<\/div>\n\t\t<div class=\"elementor-element elementor-element-a2f779f e-flex e-con-boxed e-con e-parent\" data-id=\"a2f779f\" data-element_type=\"container\" data-e-type=\"container\" data-settings=\"{&quot;background_background&quot;:&quot;classic&quot;}\">\n\t\t\t\t\t<div class=\"e-con-inner\">\n\t\t<div class=\"elementor-element elementor-element-4227bfd e-con-full e-flex e-con e-child\" data-id=\"4227bfd\" data-element_type=\"container\" data-e-type=\"container\">\n\t\t<div class=\"elementor-element elementor-element-8c5a2ad e-con-full e-flex e-con e-child\" data-id=\"8c5a2ad\" data-element_type=\"container\" data-e-type=\"container\">\n\t\t<div class=\"elementor-element elementor-element-6eb2714 e-con-full e-flex e-con e-child\" data-id=\"6eb2714\" data-element_type=\"container\" data-e-type=\"container\">\n\t\t<div class=\"elementor-element elementor-element-84a2c6c e-con-full e-flex e-con e-child\" data-id=\"84a2c6c\" data-element_type=\"container\" data-e-type=\"container\" data-settings=\"{&quot;background_background&quot;:&quot;gradient&quot;}\">\n\t\t\t\t<div class=\"elementor-element elementor-element-ed265c0 elementor-widget elementor-widget-heading\" data-id=\"ed265c0\" data-element_type=\"widget\" data-e-type=\"widget\" data-widget_type=\"heading.default\">\n\t\t\t\t<div class=\"elementor-widget-container\">\n\t\t\t\t\t<h2 class=\"elementor-heading-title elementor-size-default\">KAKO PROGRAMIRANJE PRIPREMA DECU ZA POSLOVE BUDU\u0106NOSTI?<\/h2>\t\t\t\t<\/div>\n\t\t\t\t<\/div>\n\t\t\t\t<div class=\"elementor-element elementor-element-0d8a9e1 elementor-widget elementor-widget-text-editor\" data-id=\"0d8a9e1\" data-element_type=\"widget\" data-e-type=\"widget\" data-widget_type=\"text-editor.default\">\n\t\t\t\t<div class=\"elementor-widget-container\">\n\t\t\t\t\t\t\t\t\t<p>Svaka dobra \u0161kola priprema decu za zanimanja budu\u0107nosti, a sude\u0107i prema podacima IT je i u Srbiji i u svetu jedna od najperspektivnijih oblasti. Da li ste znali da:<\/p><ol><li>IT industrija u Srbiji raste vi\u0161e od 25% godi\u0161nje ili se zaposli preko 7.000 novih IT stru\u010dnjaka.<\/li><li>U Srbiji plata Junior programera iznosi oko 980 evra, medior programera 1.650 evra i senior programera 2.670 evro. U inostranstvu su ove zarade \u010dak nekoliko puta ve\u0107e.<\/li><li>Programiranje \u010dini \u2154 projektovanih poslova iz STEM oblasti (Science, Technology, Engineering and Math)<\/li><li>Poslovi programera su me\u0111u najpla\u0107enijim odmah po zavr\u0161etku \u0161kolovanja, a ipak svega 8% svr\u0161enih \u0161kolaraca je obu\u010deno za rad u toj oblasti<\/li><\/ol><p>U\u010denjem programiranja od osnovne \u0161kole, u\u010denicima stavraju mogu\u0107nost da kasnije sa lako\u0107om savladavati slo\u017eenije IT koncepte i tako pove\u0107ati \u0161anse da postanu cenjeni i tra\u017eeni IT stru\u010dnjaci.<\/p><p>\u00a0<\/p><p>U OSNOVNOJ \u0160KOLI ,,MB\u201c \u00a0VA\u0160E DETE STI\u010cE ZNANJA ZA 21. VEK<\/p><p>\u00a0<\/p><p>Uva\u017eavaju\u010di najnovije obrazovne svetske trendove i usled Va\u0161e orijentisanosti da od va\u0161e dece izgradite ljude koji \u0107e mo\u0107i da se sa uspehom sna\u0111u u profesionalnom i akademskom svetu budu\u0107nosti, Osnovna \u0161kola ,,MB\u201c omogu\u0107ava usvajanje osnova programiranja i IT-ja od prvog razreda .<\/p><p>Ovladavanje ovim oblastima najbolji je na\u010din da se va\u0161e dete pripremi za \u017eivot i rad u 21. veku. Bez obzira da li \u0107e se baviti tehnologijom, programiranjem ili nekim drugim oblastima koje se \u010dine udaljene od IT, poznavanje programiranja pru\u017ei\u0107e mu kompetitivnu prednost, razviti va\u017ene akademske i profesionalne ve\u0161tine i otklju\u010dati njegove logi\u010dke, kreativne i intuitivne potencijale.<\/p><p>Omogu\u0107ite svom detetu da spremno do\u010deka budu\u0107nost.<\/p>\t\t\t\t\t\t\t\t<\/div>\n\t\t\t\t<\/div>\n\t\t\t\t<\/div>\n\t\t\t\t<\/div>\n\t\t\t\t<\/div>\n\t\t\t\t<\/div>\n\t\t\t\t\t<\/div>\n\t\t\t\t<\/div>\n\t\t\t\t<\/div>","protected":false},"excerpt":{"rendered":"<p>INFORMACIONE TEHNOLOGIJE U OSNOVNOJ \u0160KOLI ,,MB\u201c DOPRINOSE KOMPLETNOM RAZVOJU U\u010cENIKA NAU\u010cNA ISTRA\u017dIVANJA SU POTVRDILA:U\u010cENICI MORAJU \u0160TO PRE DA PO\u010cNU SA U\u010cENJEM PROGRAMIRANJA U Osnovnoj \u0161koli ,,MB\u201c digitalne kompetencije \u00a0su ejdan od prioriteta. U\u010denici sti\u010du samopouzdanje za kriti\u010dko kori\u0161\u0107enje informacionih i komunikacionih tehnologija za rad, odmor i komunikaciju. Roditelji na\u0161ih u\u010denika, njih preko 95% su motivisani [&hellip;]<\/p>\n","protected":false},"author":1,"featured_media":0,"parent":0,"menu_order":0,"comment_status":"closed","ping_status":"closed","template":"","meta":{"site-sidebar-layout":"no-sidebar","site-content-layout":"page-builder","ast-site-content-layout":"full-width-container","site-content-style":"unboxed","site-sidebar-style":"unboxed","ast-global-header-display":"","ast-banner-title-visibility":"","ast-main-header-display":"","ast-hfb-above-header-display":"","ast-hfb-below-header-display":"","ast-hfb-mobile-header-display":"","site-post-title":"disabled","ast-breadcrumbs-content":"","ast-featured-img":"disabled","footer-sml-layout":"","ast-disable-related-posts":"","theme-transparent-header-meta":"enabled","adv-header-id-meta":"","stick-header-meta":"","header-above-stick-meta":"","header-main-stick-meta":"","header-below-stick-meta":"","astra-migrate-meta-layouts":"set","ast-page-background-enabled":"default","ast-page-background-meta":{"desktop":{"background-color":"var(--ast-global-color-4)","background-image":"","background-repeat":"repeat","background-position":"center center","background-size":"auto","background-attachment":"scroll","background-type":"","background-media":"","overlay-type":"","overlay-color":"","overlay-opacity":"","overlay-gradient":""},"tablet":{"background-color":"","background-image":"","background-repeat":"repeat","background-position":"center center","background-size":"auto","background-attachment":"scroll","background-type":"","background-media":"","overlay-type":"","overlay-color":"","overlay-opacity":"","overlay-gradient":""},"mobile":{"background-color":"","background-image":"","background-repeat":"repeat","background-position":"center center","background-size":"auto","background-attachment":"scroll","background-type":"","background-media":"","overlay-type":"","overlay-color":"","overlay-opacity":"","overlay-gradient":""}},"ast-content-background-meta":{"desktop":{"background-color":"var(--ast-global-color-5)","background-image":"","background-repeat":"repeat","background-position":"center center","background-size":"auto","background-attachment":"scroll","background-type":"","background-media":"","overlay-type":"","overlay-color":"","overlay-opacity":"","overlay-gradient":""},"tablet":{"background-color":"var(--ast-global-color-5)","background-image":"","background-repeat":"repeat","background-position":"center center","background-size":"auto","background-attachment":"scroll","background-type":"","background-media":"","overlay-type":"","overlay-color":"","overlay-opacity":"","overlay-gradient":""},"mobile":{"background-color":"var(--ast-global-color-5)","background-image":"","background-repeat":"repeat","background-position":"center center","background-size":"auto","background-attachment":"scroll","background-type":"","background-media":"","overlay-type":"","overlay-color":"","overlay-opacity":"","overlay-gradient":""}},"footnotes":""},"class_list":["post-2917","page","type-page","status-publish","hentry"],"yoast_head":"<!-- This site is optimized with the Yoast SEO plugin v27.5 - https:\/\/yoast.com\/product\/yoast-seo-wordpress\/ -->\n<title>Upis u prvi razred - Osnovna \u0161kola &quot;MB&quot;<\/title>\n<meta name=\"robots\" content=\"index, follow, max-snippet:-1, max-image-preview:large, max-video-preview:-1\" \/>\n<link rel=\"canonical\" href=\"https:\/\/mbosnovnaskola.mbuniverzitet.edu.rs\/en\/upis-u-prvi-razred\/\" \/>\n<meta property=\"og:locale\" content=\"en_GB\" \/>\n<meta property=\"og:type\" content=\"article\" \/>\n<meta property=\"og:title\" content=\"Upis u prvi razred - Osnovna \u0161kola &quot;MB&quot;\" \/>\n<meta property=\"og:description\" content=\"INFORMACIONE TEHNOLOGIJE U OSNOVNOJ \u0160KOLI ,,MB\u201c DOPRINOSE KOMPLETNOM RAZVOJU U\u010cENIKA NAU\u010cNA ISTRA\u017dIVANJA SU POTVRDILA:U\u010cENICI MORAJU \u0160TO PRE DA PO\u010cNU SA U\u010cENJEM PROGRAMIRANJA U Osnovnoj \u0161koli ,,MB\u201c digitalne kompetencije \u00a0su ejdan od prioriteta. U\u010denici sti\u010du samopouzdanje za kriti\u010dko kori\u0161\u0107enje informacionih i komunikacionih tehnologija za rad, odmor i komunikaciju. Roditelji na\u0161ih u\u010denika, njih preko 95% su motivisani [&hellip;]\" \/>\n<meta property=\"og:url\" content=\"https:\/\/mbosnovnaskola.mbuniverzitet.edu.rs\/en\/upis-u-prvi-razred\/\" \/>\n<meta property=\"og:site_name\" content=\"Osnovna \u0161kola &quot;MB&quot;\" \/>\n<meta property=\"article:modified_time\" content=\"2025-09-18T09:48:42+00:00\" \/>\n<meta property=\"og:image\" content=\"https:\/\/mbosnovnaskola.mbuniverzitet.edu.rs\/wp-content\/uploads\/elementor\/thumbs\/OS-MB-SLika-24-qmu5nny0vm9ft5kzepklxjqz73qb5r7iahmikpvb1o.jpg\" \/>\n<meta name=\"twitter:card\" content=\"summary_large_image\" \/>\n<meta name=\"twitter:label1\" content=\"Estimated reading time\" \/>\n\t<meta name=\"twitter:data1\" content=\"2 minutes\" \/>\n<script type=\"application\/ld+json\" class=\"yoast-schema-graph\">{\"@context\":\"https:\\\/\\\/schema.org\",\"@graph\":[{\"@type\":\"WebPage\",\"@id\":\"https:\\\/\\\/mbosnovnaskola.mbuniverzitet.edu.rs\\\/upis-u-prvi-razred\\\/\",\"url\":\"https:\\\/\\\/mbosnovnaskola.mbuniverzitet.edu.rs\\\/upis-u-prvi-razred\\\/\",\"name\":\"Upis u prvi razred - Osnovna \u0161kola &quot;MB&quot;\",\"isPartOf\":{\"@id\":\"https:\\\/\\\/mbosnovnaskola.mbuniverzitet.edu.rs\\\/#website\"},\"primaryImageOfPage\":{\"@id\":\"https:\\\/\\\/mbosnovnaskola.mbuniverzitet.edu.rs\\\/upis-u-prvi-razred\\\/#primaryimage\"},\"image\":{\"@id\":\"https:\\\/\\\/mbosnovnaskola.mbuniverzitet.edu.rs\\\/upis-u-prvi-razred\\\/#primaryimage\"},\"thumbnailUrl\":\"https:\\\/\\\/mbosnovnaskola.mbuniverzitet.edu.rs\\\/wp-content\\\/uploads\\\/elementor\\\/thumbs\\\/OS-MB-SLika-24-qmu5nny0vm9ft5kzepklxjqz73qb5r7iahmikpvb1o.jpg\",\"datePublished\":\"2024-04-17T09:28:00+00:00\",\"dateModified\":\"2025-09-18T09:48:42+00:00\",\"breadcrumb\":{\"@id\":\"https:\\\/\\\/mbosnovnaskola.mbuniverzitet.edu.rs\\\/upis-u-prvi-razred\\\/#breadcrumb\"},\"inLanguage\":\"en-GB\",\"potentialAction\":[{\"@type\":\"ReadAction\",\"target\":[\"https:\\\/\\\/mbosnovnaskola.mbuniverzitet.edu.rs\\\/upis-u-prvi-razred\\\/\"]}]},{\"@type\":\"ImageObject\",\"inLanguage\":\"en-GB\",\"@id\":\"https:\\\/\\\/mbosnovnaskola.mbuniverzitet.edu.rs\\\/upis-u-prvi-razred\\\/#primaryimage\",\"url\":\"https:\\\/\\\/mbosnovnaskola.mbuniverzitet.edu.rs\\\/wp-content\\\/uploads\\\/elementor\\\/thumbs\\\/OS-MB-SLika-24-qmu5nny0vm9ft5kzepklxjqz73qb5r7iahmikpvb1o.jpg\",\"contentUrl\":\"https:\\\/\\\/mbosnovnaskola.mbuniverzitet.edu.rs\\\/wp-content\\\/uploads\\\/elementor\\\/thumbs\\\/OS-MB-SLika-24-qmu5nny0vm9ft5kzepklxjqz73qb5r7iahmikpvb1o.jpg\"},{\"@type\":\"BreadcrumbList\",\"@id\":\"https:\\\/\\\/mbosnovnaskola.mbuniverzitet.edu.rs\\\/upis-u-prvi-razred\\\/#breadcrumb\",\"itemListElement\":[{\"@type\":\"ListItem\",\"position\":1,\"name\":\"Home\",\"item\":\"https:\\\/\\\/mbosnovnaskola.mbuniverzitet.edu.rs\\\/\"},{\"@type\":\"ListItem\",\"position\":2,\"name\":\"Upis u prvi razred\"}]},{\"@type\":\"WebSite\",\"@id\":\"https:\\\/\\\/mbosnovnaskola.mbuniverzitet.edu.rs\\\/#website\",\"url\":\"https:\\\/\\\/mbosnovnaskola.mbuniverzitet.edu.rs\\\/\",\"name\":\"mbosnovnaskola.mbuniverzitet.edu.rs\",\"description\":\"\",\"publisher\":{\"@id\":\"https:\\\/\\\/mbosnovnaskola.mbuniverzitet.edu.rs\\\/#organization\"},\"potentialAction\":[{\"@type\":\"SearchAction\",\"target\":{\"@type\":\"EntryPoint\",\"urlTemplate\":\"https:\\\/\\\/mbosnovnaskola.mbuniverzitet.edu.rs\\\/?s={search_term_string}\"},\"query-input\":{\"@type\":\"PropertyValueSpecification\",\"valueRequired\":true,\"valueName\":\"search_term_string\"}}],\"inLanguage\":\"en-GB\"},{\"@type\":\"Organization\",\"@id\":\"https:\\\/\\\/mbosnovnaskola.mbuniverzitet.edu.rs\\\/#organization\",\"name\":\"Osnovna \u0161kola \\\"MB\\\"\",\"url\":\"https:\\\/\\\/mbosnovnaskola.mbuniverzitet.edu.rs\\\/\",\"logo\":{\"@type\":\"ImageObject\",\"inLanguage\":\"en-GB\",\"@id\":\"https:\\\/\\\/mbosnovnaskola.mbuniverzitet.edu.rs\\\/#\\\/schema\\\/logo\\\/image\\\/\",\"url\":\"https:\\\/\\\/mbosnovnaskola.mbuniverzitet.edu.rs\\\/wp-content\\\/uploads\\\/2024\\\/10\\\/OS-MB-logo.png\",\"contentUrl\":\"https:\\\/\\\/mbosnovnaskola.mbuniverzitet.edu.rs\\\/wp-content\\\/uploads\\\/2024\\\/10\\\/OS-MB-logo.png\",\"width\":200,\"height\":134,\"caption\":\"Osnovna \u0161kola \\\"MB\\\"\"},\"image\":{\"@id\":\"https:\\\/\\\/mbosnovnaskola.mbuniverzitet.edu.rs\\\/#\\\/schema\\\/logo\\\/image\\\/\"}}]}<\/script>\n<!-- \/ Yoast SEO plugin. -->","yoast_head_json":{"title":"Upis u prvi razred - Osnovna \u0161kola &quot;MB&quot;","robots":{"index":"index","follow":"follow","max-snippet":"max-snippet:-1","max-image-preview":"max-image-preview:large","max-video-preview":"max-video-preview:-1"},"canonical":"https:\/\/mbosnovnaskola.mbuniverzitet.edu.rs\/en\/upis-u-prvi-razred\/","og_locale":"en_GB","og_type":"article","og_title":"Upis u prvi razred - Osnovna \u0161kola &quot;MB&quot;","og_description":"INFORMACIONE TEHNOLOGIJE U OSNOVNOJ \u0160KOLI ,,MB\u201c DOPRINOSE KOMPLETNOM RAZVOJU U\u010cENIKA NAU\u010cNA ISTRA\u017dIVANJA SU POTVRDILA:U\u010cENICI MORAJU \u0160TO PRE DA PO\u010cNU SA U\u010cENJEM PROGRAMIRANJA U Osnovnoj \u0161koli ,,MB\u201c digitalne kompetencije \u00a0su ejdan od prioriteta. U\u010denici sti\u010du samopouzdanje za kriti\u010dko kori\u0161\u0107enje informacionih i komunikacionih tehnologija za rad, odmor i komunikaciju. Roditelji na\u0161ih u\u010denika, njih preko 95% su motivisani [&hellip;]","og_url":"https:\/\/mbosnovnaskola.mbuniverzitet.edu.rs\/en\/upis-u-prvi-razred\/","og_site_name":"Osnovna \u0161kola &quot;MB&quot;","article_modified_time":"2025-09-18T09:48:42+00:00","og_image":[{"url":"https:\/\/mbosnovnaskola.mbuniverzitet.edu.rs\/wp-content\/uploads\/elementor\/thumbs\/OS-MB-SLika-24-qmu5nny0vm9ft5kzepklxjqz73qb5r7iahmikpvb1o.jpg","type":"","width":"","height":""}],"twitter_card":"summary_large_image","twitter_misc":{"Estimated reading time":"2 minutes"},"schema":{"@context":"https:\/\/schema.org","@graph":[{"@type":"WebPage","@id":"https:\/\/mbosnovnaskola.mbuniverzitet.edu.rs\/upis-u-prvi-razred\/","url":"https:\/\/mbosnovnaskola.mbuniverzitet.edu.rs\/upis-u-prvi-razred\/","name":"Upis u prvi razred - Osnovna \u0161kola &quot;MB&quot;","isPartOf":{"@id":"https:\/\/mbosnovnaskola.mbuniverzitet.edu.rs\/#website"},"primaryImageOfPage":{"@id":"https:\/\/mbosnovnaskola.mbuniverzitet.edu.rs\/upis-u-prvi-razred\/#primaryimage"},"image":{"@id":"https:\/\/mbosnovnaskola.mbuniverzitet.edu.rs\/upis-u-prvi-razred\/#primaryimage"},"thumbnailUrl":"https:\/\/mbosnovnaskola.mbuniverzitet.edu.rs\/wp-content\/uploads\/elementor\/thumbs\/OS-MB-SLika-24-qmu5nny0vm9ft5kzepklxjqz73qb5r7iahmikpvb1o.jpg","datePublished":"2024-04-17T09:28:00+00:00","dateModified":"2025-09-18T09:48:42+00:00","breadcrumb":{"@id":"https:\/\/mbosnovnaskola.mbuniverzitet.edu.rs\/upis-u-prvi-razred\/#breadcrumb"},"inLanguage":"en-GB","potentialAction":[{"@type":"ReadAction","target":["https:\/\/mbosnovnaskola.mbuniverzitet.edu.rs\/upis-u-prvi-razred\/"]}]},{"@type":"ImageObject","inLanguage":"en-GB","@id":"https:\/\/mbosnovnaskola.mbuniverzitet.edu.rs\/upis-u-prvi-razred\/#primaryimage","url":"https:\/\/mbosnovnaskola.mbuniverzitet.edu.rs\/wp-content\/uploads\/elementor\/thumbs\/OS-MB-SLika-24-qmu5nny0vm9ft5kzepklxjqz73qb5r7iahmikpvb1o.jpg","contentUrl":"https:\/\/mbosnovnaskola.mbuniverzitet.edu.rs\/wp-content\/uploads\/elementor\/thumbs\/OS-MB-SLika-24-qmu5nny0vm9ft5kzepklxjqz73qb5r7iahmikpvb1o.jpg"},{"@type":"BreadcrumbList","@id":"https:\/\/mbosnovnaskola.mbuniverzitet.edu.rs\/upis-u-prvi-razred\/#breadcrumb","itemListElement":[{"@type":"ListItem","position":1,"name":"Home","item":"https:\/\/mbosnovnaskola.mbuniverzitet.edu.rs\/"},{"@type":"ListItem","position":2,"name":"Upis u prvi razred"}]},{"@type":"WebSite","@id":"https:\/\/mbosnovnaskola.mbuniverzitet.edu.rs\/#website","url":"https:\/\/mbosnovnaskola.mbuniverzitet.edu.rs\/","name":"mbosnovnaskola.mbuniverzitet.edu.rs","description":"","publisher":{"@id":"https:\/\/mbosnovnaskola.mbuniverzitet.edu.rs\/#organization"},"potentialAction":[{"@type":"SearchAction","target":{"@type":"EntryPoint","urlTemplate":"https:\/\/mbosnovnaskola.mbuniverzitet.edu.rs\/?s={search_term_string}"},"query-input":{"@type":"PropertyValueSpecification","valueRequired":true,"valueName":"search_term_string"}}],"inLanguage":"en-GB"},{"@type":"Organization","@id":"https:\/\/mbosnovnaskola.mbuniverzitet.edu.rs\/#organization","name":"Osnovna \u0161kola \"MB\"","url":"https:\/\/mbosnovnaskola.mbuniverzitet.edu.rs\/","logo":{"@type":"ImageObject","inLanguage":"en-GB","@id":"https:\/\/mbosnovnaskola.mbuniverzitet.edu.rs\/#\/schema\/logo\/image\/","url":"https:\/\/mbosnovnaskola.mbuniverzitet.edu.rs\/wp-content\/uploads\/2024\/10\/OS-MB-logo.png","contentUrl":"https:\/\/mbosnovnaskola.mbuniverzitet.edu.rs\/wp-content\/uploads\/2024\/10\/OS-MB-logo.png","width":200,"height":134,"caption":"Osnovna \u0161kola \"MB\""},"image":{"@id":"https:\/\/mbosnovnaskola.mbuniverzitet.edu.rs\/#\/schema\/logo\/image\/"}}]}},"_links":{"self":[{"href":"https:\/\/mbosnovnaskola.mbuniverzitet.edu.rs\/en\/wp-json\/wp\/v2\/pages\/2917","targetHints":{"allow":["GET"]}}],"collection":[{"href":"https:\/\/mbosnovnaskola.mbuniverzitet.edu.rs\/en\/wp-json\/wp\/v2\/pages"}],"about":[{"href":"https:\/\/mbosnovnaskola.mbuniverzitet.edu.rs\/en\/wp-json\/wp\/v2\/types\/page"}],"author":[{"embeddable":true,"href":"https:\/\/mbosnovnaskola.mbuniverzitet.edu.rs\/en\/wp-json\/wp\/v2\/users\/1"}],"replies":[{"embeddable":true,"href":"https:\/\/mbosnovnaskola.mbuniverzitet.edu.rs\/en\/wp-json\/wp\/v2\/comments?post=2917"}],"version-history":[{"count":0,"href":"https:\/\/mbosnovnaskola.mbuniverzitet.edu.rs\/en\/wp-json\/wp\/v2\/pages\/2917\/revisions"}],"wp:attachment":[{"href":"https:\/\/mbosnovnaskola.mbuniverzitet.edu.rs\/en\/wp-json\/wp\/v2\/media?parent=2917"}],"curies":[{"name":"wp","href":"https:\/\/api.w.org\/{rel}","templated":true}]}}