{"id":3062,"date":"2024-04-19T13:06:25","date_gmt":"2024-04-19T11:06:25","guid":{"rendered":"https:\/\/mbosnovnaskola.mbuniverzitet.edu.rs\/?page_id=3062"},"modified":"2025-09-18T11:44:18","modified_gmt":"2025-09-18T09:44:18","slug":"raspored-realizacije-slobodnih-nastavnih-aktivnosti","status":"publish","type":"page","link":"https:\/\/mbosnovnaskola.mbuniverzitet.edu.rs\/en\/raspored-realizacije-slobodnih-nastavnih-aktivnosti\/","title":{"rendered":"Raspored realizacije slobodnih nastavnih aktivnosti"},"content":{"rendered":"<div data-elementor-type=\"wp-page\" data-elementor-id=\"3062\" class=\"elementor elementor-3062\">\n\t\t\t\t<div class=\"elementor-element elementor-element-4874ec7 e-flex e-con-boxed e-con e-parent\" data-id=\"4874ec7\" data-element_type=\"container\" data-e-type=\"container\" data-settings=\"{&quot;background_background&quot;:&quot;classic&quot;}\">\n\t\t\t\t\t<div class=\"e-con-inner\">\n\t\t<div class=\"elementor-element elementor-element-64980f5 e-con-full e-flex e-con e-child\" data-id=\"64980f5\" data-element_type=\"container\" data-e-type=\"container\">\n\t\t<div class=\"elementor-element elementor-element-f520bdb e-con-full e-flex e-con e-child\" data-id=\"f520bdb\" data-element_type=\"container\" data-e-type=\"container\">\n\t\t<div class=\"elementor-element elementor-element-2ee7f77 e-con-full e-flex e-con e-child\" data-id=\"2ee7f77\" data-element_type=\"container\" data-e-type=\"container\">\n\t\t\t\t<div class=\"elementor-element elementor-element-1d93eb8 elementor-widget elementor-widget-spacer\" data-id=\"1d93eb8\" data-element_type=\"widget\" data-e-type=\"widget\" data-widget_type=\"spacer.default\">\n\t\t\t\t<div class=\"elementor-widget-container\">\n\t\t\t\t\t\t\t<div class=\"elementor-spacer\">\n\t\t\t<div class=\"elementor-spacer-inner\"><\/div>\n\t\t<\/div>\n\t\t\t\t\t\t<\/div>\n\t\t\t\t<\/div>\n\t\t<div class=\"elementor-element elementor-element-3c84c89 e-con-full e-flex e-con e-child\" data-id=\"3c84c89\" data-element_type=\"container\" data-e-type=\"container\" data-settings=\"{&quot;background_background&quot;:&quot;gradient&quot;}\">\n\t\t\t\t<div class=\"elementor-element elementor-element-273e697 elementor-widget elementor-widget-icon-box\" data-id=\"273e697\" data-element_type=\"widget\" data-e-type=\"widget\" data-widget_type=\"icon-box.default\">\n\t\t\t\t<div class=\"elementor-widget-container\">\n\t\t\t\t\t\t\t<div class=\"elementor-icon-box-wrapper\">\n\n\t\t\t\n\t\t\t\t\t\t<div class=\"elementor-icon-box-content\">\n\n\t\t\t\t\t\t\t\t\t<h5 class=\"elementor-icon-box-title\">\n\t\t\t\t\t\t<span  >\n\t\t\t\t\t\t\tINTELIGENTNA U\u010cIONICA ZA U\u010cENIKE OSNOVNE \u0160KOLE \u201cMB\u201d\u2013 \u0160KOLE ZA 21. VEK\t\t\t\t\t\t<\/span>\n\t\t\t\t\t<\/h5>\n\t\t\t\t\n\t\t\t\t\n\t\t\t<\/div>\n\t\t\t\n\t\t<\/div>\n\t\t\t\t\t\t<\/div>\n\t\t\t\t<\/div>\n\t\t\t\t<div class=\"elementor-element elementor-element-398a5d7 elementor-widget elementor-widget-text-editor\" data-id=\"398a5d7\" data-element_type=\"widget\" data-e-type=\"widget\" data-widget_type=\"text-editor.default\">\n\t\t\t\t<div class=\"elementor-widget-container\">\n\t\t\t\t\t\t\t\t\t<p>U\u010dionice u Osnovnoj \u0161koli \u201cMB\u201d su opremljene tako da podr\u017eavaju moderne na\u010dine u\u010denja i da odgovaraju potrebama u\u010denika 21. veka kao \u0161to su: primena novih tehnologija, interneta i razli\u010ditih softvera u u\u010denju, multimedijalni izvori znanja, udobno okru\u017eenje koje sve manje podse\u0107a na klasi\u010dne u\u010dionice, razvoj kriti\u010dkog i problemskog mi\u0161ljenja, kao i interaktivno, kreativno i u\u010denje kroz igru i realizaciju projekata, oslobo\u0111eno prostornih i vremenskih ograni\u010denja.<\/p><p><img fetchpriority=\"high\" decoding=\"async\" class=\"aligncenter wp-image-3064\" src=\"https:\/\/mbosnovnaskola.mbuniverzitet.edu.rs\/wp-content\/uploads\/2024\/04\/OS-MB-SLika-28.jpg\" alt=\"\" width=\"600\" height=\"399\" srcset=\"https:\/\/mbosnovnaskola.mbuniverzitet.edu.rs\/wp-content\/uploads\/2024\/04\/OS-MB-SLika-28.jpg 800w, https:\/\/mbosnovnaskola.mbuniverzitet.edu.rs\/wp-content\/uploads\/2024\/04\/OS-MB-SLika-28-300x200.jpg 300w, https:\/\/mbosnovnaskola.mbuniverzitet.edu.rs\/wp-content\/uploads\/2024\/04\/OS-MB-SLika-28-768x511.jpg 768w\" sizes=\"(max-width: 600px) 100vw, 600px\" \/><\/p><p>Dana\u0161nje generacije u\u010denika u Osnovnoj \u0161koli \u201cMB\u201d odrastaju uz digitalne tehnologije, za njih je digitalni jezik \u201ematernji\u201d i koriste ga svakodnevno, te su im tradicionalni modeli preno\u0161enja znanja i u\u010dionice bez novih tehnologija odbojne i nezanimljive.<\/p>\t\t\t\t\t\t\t\t<\/div>\n\t\t\t\t<\/div>\n\t\t\t\t<\/div>\n\t\t\t\t<div class=\"elementor-element elementor-element-45c411c elementor-widget elementor-widget-spacer\" data-id=\"45c411c\" data-element_type=\"widget\" data-e-type=\"widget\" data-widget_type=\"spacer.default\">\n\t\t\t\t<div class=\"elementor-widget-container\">\n\t\t\t\t\t\t\t<div class=\"elementor-spacer\">\n\t\t\t<div class=\"elementor-spacer-inner\"><\/div>\n\t\t<\/div>\n\t\t\t\t\t\t<\/div>\n\t\t\t\t<\/div>\n\t\t<div class=\"elementor-element elementor-element-ed3c100 e-con-full e-flex e-con e-child\" data-id=\"ed3c100\" data-element_type=\"container\" data-e-type=\"container\" data-settings=\"{&quot;background_background&quot;:&quot;gradient&quot;}\">\n\t\t\t\t<div class=\"elementor-element elementor-element-422ba06 elementor-widget elementor-widget-icon-box\" data-id=\"422ba06\" data-element_type=\"widget\" data-e-type=\"widget\" data-widget_type=\"icon-box.default\">\n\t\t\t\t<div class=\"elementor-widget-container\">\n\t\t\t\t\t\t\t<div class=\"elementor-icon-box-wrapper\">\n\n\t\t\t\n\t\t\t\t\t\t<div class=\"elementor-icon-box-content\">\n\n\t\t\t\t\t\t\t\t\t<h5 class=\"elementor-icon-box-title\">\n\t\t\t\t\t\t<span  >\n\t\t\t\t\t\t\tMODERNA NASTAVA U OSNOVNOJ \u0160KOLI \u201cMB\u201d OBOGA\u0106ENA TEHNOLOGIJOM\t\t\t\t\t\t<\/span>\n\t\t\t\t\t<\/h5>\n\t\t\t\t\n\t\t\t\t\n\t\t\t<\/div>\n\t\t\t\n\t\t<\/div>\n\t\t\t\t\t\t<\/div>\n\t\t\t\t<\/div>\n\t\t\t\t<div class=\"elementor-element elementor-element-dfb662e elementor-widget elementor-widget-text-editor\" data-id=\"dfb662e\" data-element_type=\"widget\" data-e-type=\"widget\" data-widget_type=\"text-editor.default\">\n\t\t\t\t<div class=\"elementor-widget-container\">\n\t\t\t\t\t\t\t\t\t<p>Pravi odgovor na ove zahteve i o\u010dekivanja u Osnovnoj \u0161koli \u201cMB\u201d \u00a0je Intelligent Classroom (IC), odnosno pametna u\u010dionica (Smart Classroom), u\u010dionica koja je tehnolo\u0161ki unapre\u0111ena i opremljena najnovijim obrazovnim tehnologijama, kako bi doprinela kvalitetnijem i efektivnijem u\u010denju. Ona predstavlja spoj modernog i udobnog prostora i napredne tehnologije. Ona omogu\u0107ava novo iskustvo u\u010denja.<\/p><p><img decoding=\"async\" class=\"aligncenter wp-image-3065\" src=\"https:\/\/mbosnovnaskola.mbuniverzitet.edu.rs\/wp-content\/uploads\/2024\/04\/OS-MB-SLika-29.jpg\" alt=\"\" width=\"600\" height=\"401\" srcset=\"https:\/\/mbosnovnaskola.mbuniverzitet.edu.rs\/wp-content\/uploads\/2024\/04\/OS-MB-SLika-29.jpg 800w, https:\/\/mbosnovnaskola.mbuniverzitet.edu.rs\/wp-content\/uploads\/2024\/04\/OS-MB-SLika-29-300x200.jpg 300w, https:\/\/mbosnovnaskola.mbuniverzitet.edu.rs\/wp-content\/uploads\/2024\/04\/OS-MB-SLika-29-768x513.jpg 768w\" sizes=\"(max-width: 600px) 100vw, 600px\" \/><\/p><p>Osnovna \u0161kola \u201cMB\u201d je primer \u0161kole 21. veka u kojoj je nastavni proces uskla\u0111en sa trendovima u obrazovanju i gde se primenjuju najnovije tehnologije. U njoj postoje Intelligent Classrooms \u2013 pametne u\u010dionice.<\/p>\t\t\t\t\t\t\t\t<\/div>\n\t\t\t\t<\/div>\n\t\t\t\t<\/div>\n\t\t\t\t<div class=\"elementor-element elementor-element-e763bd8 elementor-widget elementor-widget-spacer\" data-id=\"e763bd8\" data-element_type=\"widget\" data-e-type=\"widget\" data-widget_type=\"spacer.default\">\n\t\t\t\t<div class=\"elementor-widget-container\">\n\t\t\t\t\t\t\t<div class=\"elementor-spacer\">\n\t\t\t<div class=\"elementor-spacer-inner\"><\/div>\n\t\t<\/div>\n\t\t\t\t\t\t<\/div>\n\t\t\t\t<\/div>\n\t\t<div class=\"elementor-element elementor-element-7a4ac55 e-con-full e-flex e-con e-child\" data-id=\"7a4ac55\" data-element_type=\"container\" data-e-type=\"container\" data-settings=\"{&quot;background_background&quot;:&quot;gradient&quot;}\">\n\t\t\t\t<div class=\"elementor-element elementor-element-8d9d72e elementor-widget elementor-widget-icon-box\" data-id=\"8d9d72e\" data-element_type=\"widget\" data-e-type=\"widget\" data-widget_type=\"icon-box.default\">\n\t\t\t\t<div class=\"elementor-widget-container\">\n\t\t\t\t\t\t\t<div class=\"elementor-icon-box-wrapper\">\n\n\t\t\t\n\t\t\t\t\t\t<div class=\"elementor-icon-box-content\">\n\n\t\t\t\t\t\t\t\t\t<h5 class=\"elementor-icon-box-title\">\n\t\t\t\t\t\t<span  >\n\t\t\t\t\t\t\tREVOLUCIONARNO SHVATANJE OBRAZOVANJA U OSNOVNOJ \u0160KOLI \u201cMB\u201d\t\t\t\t\t\t<\/span>\n\t\t\t\t\t<\/h5>\n\t\t\t\t\n\t\t\t\t\n\t\t\t<\/div>\n\t\t\t\n\t\t<\/div>\n\t\t\t\t\t\t<\/div>\n\t\t\t\t<\/div>\n\t\t\t\t<div class=\"elementor-element elementor-element-d65d2a4 elementor-widget elementor-widget-text-editor\" data-id=\"d65d2a4\" data-element_type=\"widget\" data-e-type=\"widget\" data-widget_type=\"text-editor.default\">\n\t\t\t\t<div class=\"elementor-widget-container\">\n\t\t\t\t\t\t\t\t\t<ul><li>U\u010denje zasnovano na projektu(Project Based Learning)<\/li><li>U\u010denje zasnovano na relevantnosti(Relevance Oriented Learning)<\/li><li>Kombinacija u\u010denja i zabave(Edutainment)<\/li><li>Mobilno u\u010denje(Mobile Learning)<\/li><li>U\u010denje zasnovano na problemu(Problem Based Learning)<\/li><li>U\u010denje zasnovano na igri(Game Based Learning and Gamification)<\/li><li>Adaptivno u\u010denje(Adaptive Learning)<\/li><li>Personalizovano u\u010denje<\/li><\/ul>\t\t\t\t\t\t\t\t<\/div>\n\t\t\t\t<\/div>\n\t\t\t\t<\/div>\n\t\t\t\t<\/div>\n\t\t\t\t<\/div>\n\t\t\t\t<\/div>\n\t\t\t\t\t<\/div>\n\t\t\t\t<\/div>\n\t\t\t\t<\/div>","protected":false},"excerpt":{"rendered":"<p>INTELIGENTNA U\u010cIONICA ZA U\u010cENIKE OSNOVNE \u0160KOLE \u201cMB\u201d\u2013 \u0160KOLE ZA 21. VEK U\u010dionice u Osnovnoj \u0161koli \u201cMB\u201d su opremljene tako da podr\u017eavaju moderne na\u010dine u\u010denja i da odgovaraju potrebama u\u010denika 21. veka kao \u0161to su: primena novih tehnologija, interneta i razli\u010ditih softvera u u\u010denju, multimedijalni izvori znanja, udobno okru\u017eenje koje sve manje podse\u0107a na klasi\u010dne u\u010dionice, [&hellip;]<\/p>\n","protected":false},"author":1,"featured_media":0,"parent":0,"menu_order":0,"comment_status":"closed","ping_status":"closed","template":"","meta":{"site-sidebar-layout":"no-sidebar","site-content-layout":"page-builder","ast-site-content-layout":"full-width-container","site-content-style":"unboxed","site-sidebar-style":"unboxed","ast-global-header-display":"","ast-banner-title-visibility":"","ast-main-header-display":"","ast-hfb-above-header-display":"","ast-hfb-below-header-display":"","ast-hfb-mobile-header-display":"","site-post-title":"disabled","ast-breadcrumbs-content":"","ast-featured-img":"disabled","footer-sml-layout":"","ast-disable-related-posts":"","theme-transparent-header-meta":"enabled","adv-header-id-meta":"","stick-header-meta":"","header-above-stick-meta":"","header-main-stick-meta":"","header-below-stick-meta":"","astra-migrate-meta-layouts":"set","ast-page-background-enabled":"default","ast-page-background-meta":{"desktop":{"background-color":"var(--ast-global-color-4)","background-image":"","background-repeat":"repeat","background-position":"center center","background-size":"auto","background-attachment":"scroll","background-type":"","background-media":"","overlay-type":"","overlay-color":"","overlay-opacity":"","overlay-gradient":""},"tablet":{"background-color":"","background-image":"","background-repeat":"repeat","background-position":"center center","background-size":"auto","background-attachment":"scroll","background-type":"","background-media":"","overlay-type":"","overlay-color":"","overlay-opacity":"","overlay-gradient":""},"mobile":{"background-color":"","background-image":"","background-repeat":"repeat","background-position":"center center","background-size":"auto","background-attachment":"scroll","background-type":"","background-media":"","overlay-type":"","overlay-color":"","overlay-opacity":"","overlay-gradient":""}},"ast-content-background-meta":{"desktop":{"background-color":"var(--ast-global-color-5)","background-image":"","background-repeat":"repeat","background-position":"center center","background-size":"auto","background-attachment":"scroll","background-type":"","background-media":"","overlay-type":"","overlay-color":"","overlay-opacity":"","overlay-gradient":""},"tablet":{"background-color":"var(--ast-global-color-5)","background-image":"","background-repeat":"repeat","background-position":"center center","background-size":"auto","background-attachment":"scroll","background-type":"","background-media":"","overlay-type":"","overlay-color":"","overlay-opacity":"","overlay-gradient":""},"mobile":{"background-color":"var(--ast-global-color-5)","background-image":"","background-repeat":"repeat","background-position":"center center","background-size":"auto","background-attachment":"scroll","background-type":"","background-media":"","overlay-type":"","overlay-color":"","overlay-opacity":"","overlay-gradient":""}},"footnotes":""},"class_list":["post-3062","page","type-page","status-publish","hentry"],"yoast_head":"<!-- This site is optimized with the Yoast SEO plugin v27.5 - https:\/\/yoast.com\/product\/yoast-seo-wordpress\/ -->\n<title>Raspored realizacije slobodnih nastavnih aktivnosti - Osnovna \u0161kola &quot;MB&quot;<\/title>\n<meta name=\"robots\" content=\"index, follow, max-snippet:-1, max-image-preview:large, max-video-preview:-1\" \/>\n<link rel=\"canonical\" href=\"https:\/\/mbosnovnaskola.mbuniverzitet.edu.rs\/en\/raspored-realizacije-slobodnih-nastavnih-aktivnosti\/\" \/>\n<meta property=\"og:locale\" content=\"en_GB\" \/>\n<meta property=\"og:type\" content=\"article\" \/>\n<meta property=\"og:title\" content=\"Raspored realizacije slobodnih nastavnih aktivnosti - Osnovna \u0161kola &quot;MB&quot;\" \/>\n<meta property=\"og:description\" content=\"INTELIGENTNA U\u010cIONICA ZA U\u010cENIKE OSNOVNE \u0160KOLE \u201cMB\u201d\u2013 \u0160KOLE ZA 21. VEK U\u010dionice u Osnovnoj \u0161koli \u201cMB\u201d su opremljene tako da podr\u017eavaju moderne na\u010dine u\u010denja i da odgovaraju potrebama u\u010denika 21. veka kao \u0161to su: primena novih tehnologija, interneta i razli\u010ditih softvera u u\u010denju, multimedijalni izvori znanja, udobno okru\u017eenje koje sve manje podse\u0107a na klasi\u010dne u\u010dionice, [&hellip;]\" \/>\n<meta property=\"og:url\" content=\"https:\/\/mbosnovnaskola.mbuniverzitet.edu.rs\/en\/raspored-realizacije-slobodnih-nastavnih-aktivnosti\/\" \/>\n<meta property=\"og:site_name\" content=\"Osnovna \u0161kola &quot;MB&quot;\" \/>\n<meta property=\"article:modified_time\" content=\"2025-09-18T09:44:18+00:00\" \/>\n<meta property=\"og:image\" content=\"https:\/\/mbosnovnaskola.mbuniverzitet.edu.rs\/wp-content\/uploads\/2024\/04\/OS-MB-SLika-28.jpg\" \/>\n\t<meta property=\"og:image:width\" content=\"800\" \/>\n\t<meta property=\"og:image:height\" content=\"532\" \/>\n\t<meta property=\"og:image:type\" content=\"image\/jpeg\" \/>\n<meta name=\"twitter:card\" content=\"summary_large_image\" \/>\n<meta name=\"twitter:label1\" content=\"Estimated reading time\" \/>\n\t<meta name=\"twitter:data1\" content=\"2 minutes\" \/>\n<script type=\"application\/ld+json\" class=\"yoast-schema-graph\">{\"@context\":\"https:\\\/\\\/schema.org\",\"@graph\":[{\"@type\":\"WebPage\",\"@id\":\"https:\\\/\\\/mbosnovnaskola.mbuniverzitet.edu.rs\\\/raspored-realizacije-slobodnih-nastavnih-aktivnosti\\\/\",\"url\":\"https:\\\/\\\/mbosnovnaskola.mbuniverzitet.edu.rs\\\/raspored-realizacije-slobodnih-nastavnih-aktivnosti\\\/\",\"name\":\"Raspored realizacije slobodnih nastavnih aktivnosti - Osnovna \u0161kola &quot;MB&quot;\",\"isPartOf\":{\"@id\":\"https:\\\/\\\/mbosnovnaskola.mbuniverzitet.edu.rs\\\/#website\"},\"primaryImageOfPage\":{\"@id\":\"https:\\\/\\\/mbosnovnaskola.mbuniverzitet.edu.rs\\\/raspored-realizacije-slobodnih-nastavnih-aktivnosti\\\/#primaryimage\"},\"image\":{\"@id\":\"https:\\\/\\\/mbosnovnaskola.mbuniverzitet.edu.rs\\\/raspored-realizacije-slobodnih-nastavnih-aktivnosti\\\/#primaryimage\"},\"thumbnailUrl\":\"https:\\\/\\\/mbosnovnaskola.mbuniverzitet.edu.rs\\\/wp-content\\\/uploads\\\/2024\\\/04\\\/OS-MB-SLika-28.jpg\",\"datePublished\":\"2024-04-19T11:06:25+00:00\",\"dateModified\":\"2025-09-18T09:44:18+00:00\",\"breadcrumb\":{\"@id\":\"https:\\\/\\\/mbosnovnaskola.mbuniverzitet.edu.rs\\\/raspored-realizacije-slobodnih-nastavnih-aktivnosti\\\/#breadcrumb\"},\"inLanguage\":\"en-GB\",\"potentialAction\":[{\"@type\":\"ReadAction\",\"target\":[\"https:\\\/\\\/mbosnovnaskola.mbuniverzitet.edu.rs\\\/raspored-realizacije-slobodnih-nastavnih-aktivnosti\\\/\"]}]},{\"@type\":\"ImageObject\",\"inLanguage\":\"en-GB\",\"@id\":\"https:\\\/\\\/mbosnovnaskola.mbuniverzitet.edu.rs\\\/raspored-realizacije-slobodnih-nastavnih-aktivnosti\\\/#primaryimage\",\"url\":\"https:\\\/\\\/mbosnovnaskola.mbuniverzitet.edu.rs\\\/wp-content\\\/uploads\\\/2024\\\/04\\\/OS-MB-SLika-28.jpg\",\"contentUrl\":\"https:\\\/\\\/mbosnovnaskola.mbuniverzitet.edu.rs\\\/wp-content\\\/uploads\\\/2024\\\/04\\\/OS-MB-SLika-28.jpg\"},{\"@type\":\"BreadcrumbList\",\"@id\":\"https:\\\/\\\/mbosnovnaskola.mbuniverzitet.edu.rs\\\/raspored-realizacije-slobodnih-nastavnih-aktivnosti\\\/#breadcrumb\",\"itemListElement\":[{\"@type\":\"ListItem\",\"position\":1,\"name\":\"Home\",\"item\":\"https:\\\/\\\/mbosnovnaskola.mbuniverzitet.edu.rs\\\/\"},{\"@type\":\"ListItem\",\"position\":2,\"name\":\"Raspored realizacije slobodnih nastavnih aktivnosti\"}]},{\"@type\":\"WebSite\",\"@id\":\"https:\\\/\\\/mbosnovnaskola.mbuniverzitet.edu.rs\\\/#website\",\"url\":\"https:\\\/\\\/mbosnovnaskola.mbuniverzitet.edu.rs\\\/\",\"name\":\"mbosnovnaskola.mbuniverzitet.edu.rs\",\"description\":\"\",\"publisher\":{\"@id\":\"https:\\\/\\\/mbosnovnaskola.mbuniverzitet.edu.rs\\\/#organization\"},\"potentialAction\":[{\"@type\":\"SearchAction\",\"target\":{\"@type\":\"EntryPoint\",\"urlTemplate\":\"https:\\\/\\\/mbosnovnaskola.mbuniverzitet.edu.rs\\\/?s={search_term_string}\"},\"query-input\":{\"@type\":\"PropertyValueSpecification\",\"valueRequired\":true,\"valueName\":\"search_term_string\"}}],\"inLanguage\":\"en-GB\"},{\"@type\":\"Organization\",\"@id\":\"https:\\\/\\\/mbosnovnaskola.mbuniverzitet.edu.rs\\\/#organization\",\"name\":\"Osnovna \u0161kola \\\"MB\\\"\",\"url\":\"https:\\\/\\\/mbosnovnaskola.mbuniverzitet.edu.rs\\\/\",\"logo\":{\"@type\":\"ImageObject\",\"inLanguage\":\"en-GB\",\"@id\":\"https:\\\/\\\/mbosnovnaskola.mbuniverzitet.edu.rs\\\/#\\\/schema\\\/logo\\\/image\\\/\",\"url\":\"https:\\\/\\\/mbosnovnaskola.mbuniverzitet.edu.rs\\\/wp-content\\\/uploads\\\/2024\\\/10\\\/OS-MB-logo.png\",\"contentUrl\":\"https:\\\/\\\/mbosnovnaskola.mbuniverzitet.edu.rs\\\/wp-content\\\/uploads\\\/2024\\\/10\\\/OS-MB-logo.png\",\"width\":200,\"height\":134,\"caption\":\"Osnovna \u0161kola \\\"MB\\\"\"},\"image\":{\"@id\":\"https:\\\/\\\/mbosnovnaskola.mbuniverzitet.edu.rs\\\/#\\\/schema\\\/logo\\\/image\\\/\"}}]}<\/script>\n<!-- \/ Yoast SEO plugin. -->","yoast_head_json":{"title":"Raspored realizacije slobodnih nastavnih aktivnosti - Osnovna \u0161kola &quot;MB&quot;","robots":{"index":"index","follow":"follow","max-snippet":"max-snippet:-1","max-image-preview":"max-image-preview:large","max-video-preview":"max-video-preview:-1"},"canonical":"https:\/\/mbosnovnaskola.mbuniverzitet.edu.rs\/en\/raspored-realizacije-slobodnih-nastavnih-aktivnosti\/","og_locale":"en_GB","og_type":"article","og_title":"Raspored realizacije slobodnih nastavnih aktivnosti - Osnovna \u0161kola &quot;MB&quot;","og_description":"INTELIGENTNA U\u010cIONICA ZA U\u010cENIKE OSNOVNE \u0160KOLE \u201cMB\u201d\u2013 \u0160KOLE ZA 21. VEK U\u010dionice u Osnovnoj \u0161koli \u201cMB\u201d su opremljene tako da podr\u017eavaju moderne na\u010dine u\u010denja i da odgovaraju potrebama u\u010denika 21. veka kao \u0161to su: primena novih tehnologija, interneta i razli\u010ditih softvera u u\u010denju, multimedijalni izvori znanja, udobno okru\u017eenje koje sve manje podse\u0107a na klasi\u010dne u\u010dionice, [&hellip;]","og_url":"https:\/\/mbosnovnaskola.mbuniverzitet.edu.rs\/en\/raspored-realizacije-slobodnih-nastavnih-aktivnosti\/","og_site_name":"Osnovna \u0161kola &quot;MB&quot;","article_modified_time":"2025-09-18T09:44:18+00:00","og_image":[{"width":800,"height":532,"url":"https:\/\/mbosnovnaskola.mbuniverzitet.edu.rs\/wp-content\/uploads\/2024\/04\/OS-MB-SLika-28.jpg","type":"image\/jpeg"}],"twitter_card":"summary_large_image","twitter_misc":{"Estimated reading time":"2 minutes"},"schema":{"@context":"https:\/\/schema.org","@graph":[{"@type":"WebPage","@id":"https:\/\/mbosnovnaskola.mbuniverzitet.edu.rs\/raspored-realizacije-slobodnih-nastavnih-aktivnosti\/","url":"https:\/\/mbosnovnaskola.mbuniverzitet.edu.rs\/raspored-realizacije-slobodnih-nastavnih-aktivnosti\/","name":"Raspored realizacije slobodnih nastavnih aktivnosti - Osnovna \u0161kola &quot;MB&quot;","isPartOf":{"@id":"https:\/\/mbosnovnaskola.mbuniverzitet.edu.rs\/#website"},"primaryImageOfPage":{"@id":"https:\/\/mbosnovnaskola.mbuniverzitet.edu.rs\/raspored-realizacije-slobodnih-nastavnih-aktivnosti\/#primaryimage"},"image":{"@id":"https:\/\/mbosnovnaskola.mbuniverzitet.edu.rs\/raspored-realizacije-slobodnih-nastavnih-aktivnosti\/#primaryimage"},"thumbnailUrl":"https:\/\/mbosnovnaskola.mbuniverzitet.edu.rs\/wp-content\/uploads\/2024\/04\/OS-MB-SLika-28.jpg","datePublished":"2024-04-19T11:06:25+00:00","dateModified":"2025-09-18T09:44:18+00:00","breadcrumb":{"@id":"https:\/\/mbosnovnaskola.mbuniverzitet.edu.rs\/raspored-realizacije-slobodnih-nastavnih-aktivnosti\/#breadcrumb"},"inLanguage":"en-GB","potentialAction":[{"@type":"ReadAction","target":["https:\/\/mbosnovnaskola.mbuniverzitet.edu.rs\/raspored-realizacije-slobodnih-nastavnih-aktivnosti\/"]}]},{"@type":"ImageObject","inLanguage":"en-GB","@id":"https:\/\/mbosnovnaskola.mbuniverzitet.edu.rs\/raspored-realizacije-slobodnih-nastavnih-aktivnosti\/#primaryimage","url":"https:\/\/mbosnovnaskola.mbuniverzitet.edu.rs\/wp-content\/uploads\/2024\/04\/OS-MB-SLika-28.jpg","contentUrl":"https:\/\/mbosnovnaskola.mbuniverzitet.edu.rs\/wp-content\/uploads\/2024\/04\/OS-MB-SLika-28.jpg"},{"@type":"BreadcrumbList","@id":"https:\/\/mbosnovnaskola.mbuniverzitet.edu.rs\/raspored-realizacije-slobodnih-nastavnih-aktivnosti\/#breadcrumb","itemListElement":[{"@type":"ListItem","position":1,"name":"Home","item":"https:\/\/mbosnovnaskola.mbuniverzitet.edu.rs\/"},{"@type":"ListItem","position":2,"name":"Raspored realizacije slobodnih nastavnih aktivnosti"}]},{"@type":"WebSite","@id":"https:\/\/mbosnovnaskola.mbuniverzitet.edu.rs\/#website","url":"https:\/\/mbosnovnaskola.mbuniverzitet.edu.rs\/","name":"mbosnovnaskola.mbuniverzitet.edu.rs","description":"","publisher":{"@id":"https:\/\/mbosnovnaskola.mbuniverzitet.edu.rs\/#organization"},"potentialAction":[{"@type":"SearchAction","target":{"@type":"EntryPoint","urlTemplate":"https:\/\/mbosnovnaskola.mbuniverzitet.edu.rs\/?s={search_term_string}"},"query-input":{"@type":"PropertyValueSpecification","valueRequired":true,"valueName":"search_term_string"}}],"inLanguage":"en-GB"},{"@type":"Organization","@id":"https:\/\/mbosnovnaskola.mbuniverzitet.edu.rs\/#organization","name":"Osnovna \u0161kola \"MB\"","url":"https:\/\/mbosnovnaskola.mbuniverzitet.edu.rs\/","logo":{"@type":"ImageObject","inLanguage":"en-GB","@id":"https:\/\/mbosnovnaskola.mbuniverzitet.edu.rs\/#\/schema\/logo\/image\/","url":"https:\/\/mbosnovnaskola.mbuniverzitet.edu.rs\/wp-content\/uploads\/2024\/10\/OS-MB-logo.png","contentUrl":"https:\/\/mbosnovnaskola.mbuniverzitet.edu.rs\/wp-content\/uploads\/2024\/10\/OS-MB-logo.png","width":200,"height":134,"caption":"Osnovna \u0161kola \"MB\""},"image":{"@id":"https:\/\/mbosnovnaskola.mbuniverzitet.edu.rs\/#\/schema\/logo\/image\/"}}]}},"_links":{"self":[{"href":"https:\/\/mbosnovnaskola.mbuniverzitet.edu.rs\/en\/wp-json\/wp\/v2\/pages\/3062","targetHints":{"allow":["GET"]}}],"collection":[{"href":"https:\/\/mbosnovnaskola.mbuniverzitet.edu.rs\/en\/wp-json\/wp\/v2\/pages"}],"about":[{"href":"https:\/\/mbosnovnaskola.mbuniverzitet.edu.rs\/en\/wp-json\/wp\/v2\/types\/page"}],"author":[{"embeddable":true,"href":"https:\/\/mbosnovnaskola.mbuniverzitet.edu.rs\/en\/wp-json\/wp\/v2\/users\/1"}],"replies":[{"embeddable":true,"href":"https:\/\/mbosnovnaskola.mbuniverzitet.edu.rs\/en\/wp-json\/wp\/v2\/comments?post=3062"}],"version-history":[{"count":0,"href":"https:\/\/mbosnovnaskola.mbuniverzitet.edu.rs\/en\/wp-json\/wp\/v2\/pages\/3062\/revisions"}],"wp:attachment":[{"href":"https:\/\/mbosnovnaskola.mbuniverzitet.edu.rs\/en\/wp-json\/wp\/v2\/media?parent=3062"}],"curies":[{"name":"wp","href":"https:\/\/api.w.org\/{rel}","templated":true}]}}