{"id":3878,"date":"2025-09-22T13:20:49","date_gmt":"2025-09-22T11:20:49","guid":{"rendered":"https:\/\/mbosnovnaskola.mbuniverzitet.edu.rs\/?page_id=3878"},"modified":"2025-09-26T10:12:40","modified_gmt":"2025-09-26T08:12:40","slug":"strateski-okvir-za-savremeni-rad","status":"publish","type":"page","link":"https:\/\/mbosnovnaskola.mbuniverzitet.edu.rs\/en\/strateski-okvir-za-savremeni-rad\/","title":{"rendered":"Strate\u0161ki okvir za savremeni rad"},"content":{"rendered":"<div data-elementor-type=\"wp-page\" data-elementor-id=\"3878\" class=\"elementor elementor-3878\">\n\t\t\t\t<div class=\"elementor-element elementor-element-4874ec7 e-flex e-con-boxed e-con e-parent\" data-id=\"4874ec7\" data-element_type=\"container\" data-e-type=\"container\" data-settings=\"{&quot;background_background&quot;:&quot;classic&quot;}\">\n\t\t\t\t\t<div class=\"e-con-inner\">\n\t\t<div class=\"elementor-element elementor-element-64980f5 e-con-full e-flex e-con e-child\" data-id=\"64980f5\" data-element_type=\"container\" data-e-type=\"container\">\n\t\t<div class=\"elementor-element elementor-element-f520bdb e-con-full e-flex e-con e-child\" data-id=\"f520bdb\" data-element_type=\"container\" data-e-type=\"container\">\n\t\t<div class=\"elementor-element elementor-element-2ee7f77 e-con-full e-flex e-con e-child\" data-id=\"2ee7f77\" data-element_type=\"container\" data-e-type=\"container\">\n\t\t\t\t<div class=\"elementor-element elementor-element-1d93eb8 elementor-widget elementor-widget-spacer\" data-id=\"1d93eb8\" data-element_type=\"widget\" data-e-type=\"widget\" data-widget_type=\"spacer.default\">\n\t\t\t\t<div class=\"elementor-widget-container\">\n\t\t\t\t\t\t\t<div class=\"elementor-spacer\">\n\t\t\t<div class=\"elementor-spacer-inner\"><\/div>\n\t\t<\/div>\n\t\t\t\t\t\t<\/div>\n\t\t\t\t<\/div>\n\t\t<div class=\"elementor-element elementor-element-3c84c89 e-con-full e-flex e-con e-child\" data-id=\"3c84c89\" data-element_type=\"container\" data-e-type=\"container\" data-settings=\"{&quot;background_background&quot;:&quot;gradient&quot;}\">\n\t\t\t\t<div class=\"elementor-element elementor-element-273e697 elementor-widget elementor-widget-icon-box\" data-id=\"273e697\" data-element_type=\"widget\" data-e-type=\"widget\" data-widget_type=\"icon-box.default\">\n\t\t\t\t<div class=\"elementor-widget-container\">\n\t\t\t\t\t\t\t<div class=\"elementor-icon-box-wrapper\">\n\n\t\t\t\n\t\t\t\t\t\t<div class=\"elementor-icon-box-content\">\n\n\t\t\t\t\t\t\t\t\t<h5 class=\"elementor-icon-box-title\">\n\t\t\t\t\t\t<span  >\n\t\t\t\t\t\t\tSTRATE\u0160KI OKVIR ZA SAVREMENI RAD\t\t\t\t\t\t<\/span>\n\t\t\t\t\t<\/h5>\n\t\t\t\t\n\t\t\t\t\n\t\t\t<\/div>\n\t\t\t\n\t\t<\/div>\n\t\t\t\t\t\t<\/div>\n\t\t\t\t<\/div>\n\t\t\t\t<div class=\"elementor-element elementor-element-51e623b elementor-widget elementor-widget-icon-box\" data-id=\"51e623b\" data-element_type=\"widget\" data-e-type=\"widget\" data-widget_type=\"icon-box.default\">\n\t\t\t\t<div class=\"elementor-widget-container\">\n\t\t\t\t\t\t\t<div class=\"elementor-icon-box-wrapper\">\n\n\t\t\t\n\t\t\t\t\t\t<div class=\"elementor-icon-box-content\">\n\n\t\t\t\t\t\t\t\t\t<h5 class=\"elementor-icon-box-title\">\n\t\t\t\t\t\t<span  >\n\t\t\t\t\t\t\tINOVATIVAN PRISTUP U SLU\u017dBI CELOVITOG \u0160KOLSKOG ISKUSTVA\t\t\t\t\t\t<\/span>\n\t\t\t\t\t<\/h5>\n\t\t\t\t\n\t\t\t\t\n\t\t\t<\/div>\n\t\t\t\n\t\t<\/div>\n\t\t\t\t\t\t<\/div>\n\t\t\t\t<\/div>\n\t\t\t\t<div class=\"elementor-element elementor-element-398a5d7 elementor-widget elementor-widget-text-editor\" data-id=\"398a5d7\" data-element_type=\"widget\" data-e-type=\"widget\" data-widget_type=\"text-editor.default\">\n\t\t\t\t<div class=\"elementor-widget-container\">\n\t\t\t\t\t\t\t\t\t<p>U Osnovnoj \u0161koli \u201eMB\u201c neguje se poseban model rada koji pru\u017ea kompletnu dimenziju \u0161kolovanja \u2013 za u\u010denike, roditelje i nastavnike. Nastavni plan i program realizuje se na kreativan i inovativan na\u010din, \u0161to svakom \u010dasu daje dodatnu vrednost: on postaje sadr\u017eajniji, kvalitetniji i privla\u010dniji u\u010denicima.<\/p>\t\t\t\t\t\t\t\t<\/div>\n\t\t\t\t<\/div>\n\t\t\t\t<\/div>\n\t\t\t\t<\/div>\n\t\t\t\t<\/div>\n\t\t\t\t<\/div>\n\t\t\t\t\t<\/div>\n\t\t\t\t<\/div>\n\t\t<div class=\"elementor-element elementor-element-0033e46 e-flex e-con-boxed e-con e-parent\" data-id=\"0033e46\" data-element_type=\"container\" data-e-type=\"container\" data-settings=\"{&quot;background_background&quot;:&quot;classic&quot;}\">\n\t\t\t\t\t<div class=\"e-con-inner\">\n\t\t<div class=\"elementor-element elementor-element-4a23daa e-con-full e-flex e-con e-child\" data-id=\"4a23daa\" data-element_type=\"container\" data-e-type=\"container\">\n\t\t<div class=\"elementor-element elementor-element-4536081 e-con-full e-flex e-con e-child\" data-id=\"4536081\" data-element_type=\"container\" data-e-type=\"container\">\n\t\t<div class=\"elementor-element elementor-element-3ccb566 e-con-full e-flex e-con e-child\" data-id=\"3ccb566\" data-element_type=\"container\" data-e-type=\"container\">\n\t\t<div class=\"elementor-element elementor-element-b293c4b e-con-full e-flex e-con e-child\" data-id=\"b293c4b\" data-element_type=\"container\" data-e-type=\"container\" data-settings=\"{&quot;background_background&quot;:&quot;gradient&quot;}\">\n\t\t\t\t<div class=\"elementor-element elementor-element-09d1ded elementor-widget elementor-widget-heading\" data-id=\"09d1ded\" data-element_type=\"widget\" data-e-type=\"widget\" data-widget_type=\"heading.default\">\n\t\t\t\t<div class=\"elementor-widget-container\">\n\t\t\t\t\t<h2 class=\"elementor-heading-title elementor-size-default\">PERSONALIZOVANE I INSPIRATIVNE LEKCIJE I SISTEMATSKO PREPOZNAVANJE TALENATA<\/h2>\t\t\t\t<\/div>\n\t\t\t\t<\/div>\n\t\t\t\t<div class=\"elementor-element elementor-element-1e04760 elementor-widget elementor-widget-text-editor\" data-id=\"1e04760\" data-element_type=\"widget\" data-e-type=\"widget\" data-widget_type=\"text-editor.default\">\n\t\t\t\t<div class=\"elementor-widget-container\">\n\t\t\t\t\t\t\t\t\t<p>Svaka nastavna jedinica mo\u017ee se oblikovati na razli\u010dite na\u010dine. Od nastavnika zavisi da li \u0107e ona biti predstavljena formalno i suvo \u2013 ili na interaktivan, kreativan i podsticajan na\u010din. Cilj je da u\u010denici ne samo usvoje znanje, ve\u0107 da ga razumeju, primene i pove\u017eu sa stvarnim \u017eivotom.<\/p><p>U Osnovnoj \u0161koli \u201eMB\u201c svaki u\u010denik dobija pa\u017enju u skladu sa svojim individualnim sposobnostima i obrazovnim potrebama. U\u010ditelji su obu\u010deni da ve\u0107 u okviru redovne nastave prepoznaju talente i posebne ve\u0161tine u\u010denika. Kada se talenat identifikuje, uklju\u010duju se roditelji i kolege, kako bi zajedno oblikovali program daljeg razvoja. Posebna pa\u017enja posve\u0107uje se razli\u010ditim oblicima darovitosti \u2013 bilo da je re\u010d o umetnosti, sportu, muzici, glumi, matematici ili drugim oblastima.<\/p>\t\t\t\t\t\t\t\t<\/div>\n\t\t\t\t<\/div>\n\t\t\t\t<\/div>\n\t\t\t\t<\/div>\n\t\t\t\t<\/div>\n\t\t\t\t<\/div>\n\t\t\t\t\t<\/div>\n\t\t\t\t<\/div>\n\t\t<div class=\"elementor-element elementor-element-a2f779f e-flex e-con-boxed e-con e-parent\" data-id=\"a2f779f\" data-element_type=\"container\" data-e-type=\"container\" data-settings=\"{&quot;background_background&quot;:&quot;classic&quot;}\">\n\t\t\t\t\t<div class=\"e-con-inner\">\n\t\t<div class=\"elementor-element elementor-element-4227bfd e-con-full e-flex e-con e-child\" data-id=\"4227bfd\" data-element_type=\"container\" data-e-type=\"container\">\n\t\t<div class=\"elementor-element elementor-element-8c5a2ad e-con-full e-flex e-con e-child\" data-id=\"8c5a2ad\" data-element_type=\"container\" data-e-type=\"container\">\n\t\t<div class=\"elementor-element elementor-element-6eb2714 e-con-full e-flex e-con e-child\" data-id=\"6eb2714\" data-element_type=\"container\" data-e-type=\"container\">\n\t\t<div class=\"elementor-element elementor-element-84a2c6c e-con-full e-flex e-con e-child\" data-id=\"84a2c6c\" data-element_type=\"container\" data-e-type=\"container\" data-settings=\"{&quot;background_background&quot;:&quot;gradient&quot;}\">\n\t\t\t\t<div class=\"elementor-element elementor-element-ed265c0 elementor-widget elementor-widget-heading\" data-id=\"ed265c0\" data-element_type=\"widget\" data-e-type=\"widget\" data-widget_type=\"heading.default\">\n\t\t\t\t<div class=\"elementor-widget-container\">\n\t\t\t\t\t<h2 class=\"elementor-heading-title elementor-size-default\">KULTURA POVRATNIH INFORMACIJA KAO OSNOV UNAPRE\u0110ENJA<\/h2>\t\t\t\t<\/div>\n\t\t\t\t<\/div>\n\t\t\t\t<div class=\"elementor-element elementor-element-0d8a9e1 elementor-widget elementor-widget-text-editor\" data-id=\"0d8a9e1\" data-element_type=\"widget\" data-e-type=\"widget\" data-widget_type=\"text-editor.default\">\n\t\t\t\t<div class=\"elementor-widget-container\">\n\t\t\t\t\t\t\t\t\t<p>U\u010ditelji u Osnovnoj \u0161koli \u201eMB\u201c aktivno sara\u0111uju, razmenjuju predloge i zajedni\u010dki osmi\u0161ljavaju interaktivne \u010dasove. Time se obezbe\u0111uje da nastava bude optimalna \u2013 informativna, zanimljiva i prilago\u0111ena u\u010denicima. Roditelji su tako\u0111e uklju\u010deni kroz davanje sugestija, \u0161to doprinosi da se deca tokom \u010dasova ose\u0107aju sre\u0107no i motivisano.<\/p>\t\t\t\t\t\t\t\t<\/div>\n\t\t\t\t<\/div>\n\t\t\t\t<\/div>\n\t\t\t\t<\/div>\n\t\t\t\t<\/div>\n\t\t\t\t<\/div>\n\t\t\t\t\t<\/div>\n\t\t\t\t<\/div>\n\t\t<div class=\"elementor-element elementor-element-716f79f e-flex e-con-boxed e-con e-parent\" data-id=\"716f79f\" data-element_type=\"container\" data-e-type=\"container\" data-settings=\"{&quot;background_background&quot;:&quot;classic&quot;}\">\n\t\t\t\t\t<div class=\"e-con-inner\">\n\t\t<div class=\"elementor-element elementor-element-64f0d34 e-con-full e-flex e-con e-child\" data-id=\"64f0d34\" data-element_type=\"container\" data-e-type=\"container\">\n\t\t<div class=\"elementor-element elementor-element-1b64661 e-con-full e-flex e-con e-child\" data-id=\"1b64661\" data-element_type=\"container\" data-e-type=\"container\">\n\t\t<div class=\"elementor-element elementor-element-b026e39 e-con-full e-flex e-con e-child\" data-id=\"b026e39\" data-element_type=\"container\" data-e-type=\"container\">\n\t\t<div class=\"elementor-element elementor-element-d3dae0f e-con-full e-flex e-con e-child\" data-id=\"d3dae0f\" data-element_type=\"container\" data-e-type=\"container\" data-settings=\"{&quot;background_background&quot;:&quot;gradient&quot;}\">\n\t\t\t\t<div class=\"elementor-element elementor-element-50771e6 elementor-widget elementor-widget-heading\" data-id=\"50771e6\" data-element_type=\"widget\" data-e-type=\"widget\" data-widget_type=\"heading.default\">\n\t\t\t\t<div class=\"elementor-widget-container\">\n\t\t\t\t\t<h2 class=\"elementor-heading-title elementor-size-default\">TEHNOLOGIJA U SLU\u017dBI ZNANJA I INTERAKCIJE<\/h2>\t\t\t\t<\/div>\n\t\t\t\t<\/div>\n\t\t\t\t<div class=\"elementor-element elementor-element-4d93959 elementor-widget elementor-widget-text-editor\" data-id=\"4d93959\" data-element_type=\"widget\" data-e-type=\"widget\" data-widget_type=\"text-editor.default\">\n\t\t\t\t<div class=\"elementor-widget-container\">\n\t\t\t\t\t\t\t\t\t<p>\u0160kola raspola\u017ee svim savremenim tehnolo\u0161kim alatima neophodnim za obrazovanje 21. veka. Digitalni ure\u0111aji i obrazovne aplikacije koriste se kako bi se gradivo bolje razumelo, a nastavnici dobili vi\u0161e prostora da neposredno rade sa decom. Tehnologija je ovde podr\u0161ka, a ne zamena \u2013 njen cilj je da obogati iskustvo u\u010denja.<\/p>\t\t\t\t\t\t\t\t<\/div>\n\t\t\t\t<\/div>\n\t\t\t\t<\/div>\n\t\t\t\t<\/div>\n\t\t\t\t<\/div>\n\t\t\t\t<\/div>\n\t\t\t\t\t<\/div>\n\t\t\t\t<\/div>\n\t\t<div class=\"elementor-element elementor-element-b3ba412 e-flex e-con-boxed e-con e-parent\" data-id=\"b3ba412\" data-element_type=\"container\" data-e-type=\"container\">\n\t\t\t\t\t<div class=\"e-con-inner\">\n\t\t\t\t<div class=\"elementor-element elementor-element-95fba85 elementor-widget__width-initial elementor-widget elementor-widget-text-editor\" data-id=\"95fba85\" data-element_type=\"widget\" data-e-type=\"widget\" data-widget_type=\"text-editor.default\">\n\t\t\t\t<div class=\"elementor-widget-container\">\n\t\t\t\t\t\t\t\t\t<h3><strong>Enrollment for the 2025\/26 generation. is open!<\/strong><\/h3><h5><a href=\"https:\/\/mbosnovnaskola.mbuniverzitet.edu.rs\/en\/prijavite-se\/\"><strong>Kliknite na ovaj link da se prijavite \u00bb<\/strong><\/a><\/h5>\t\t\t\t\t\t\t\t<\/div>\n\t\t\t\t<\/div>\n\t\t\t\t\t<\/div>\n\t\t\t\t<\/div>\n\t\t\t\t<\/div>","protected":false},"excerpt":{"rendered":"<p>STRATE\u0160KI OKVIR ZA SAVREMENI RAD INOVATIVAN PRISTUP U SLU\u017dBI CELOVITOG \u0160KOLSKOG ISKUSTVA U Osnovnoj \u0161koli \u201eMB\u201c neguje se poseban model rada koji pru\u017ea kompletnu dimenziju \u0161kolovanja \u2013 za u\u010denike, roditelje i nastavnike. Nastavni plan i program realizuje se na kreativan i inovativan na\u010din, \u0161to svakom \u010dasu daje dodatnu vrednost: on postaje sadr\u017eajniji, kvalitetniji i privla\u010dniji [&hellip;]<\/p>\n","protected":false},"author":1,"featured_media":0,"parent":0,"menu_order":0,"comment_status":"closed","ping_status":"closed","template":"","meta":{"site-sidebar-layout":"no-sidebar","site-content-layout":"page-builder","ast-site-content-layout":"full-width-container","site-content-style":"unboxed","site-sidebar-style":"unboxed","ast-global-header-display":"","ast-banner-title-visibility":"","ast-main-header-display":"","ast-hfb-above-header-display":"","ast-hfb-below-header-display":"","ast-hfb-mobile-header-display":"","site-post-title":"disabled","ast-breadcrumbs-content":"","ast-featured-img":"disabled","footer-sml-layout":"","ast-disable-related-posts":"","theme-transparent-header-meta":"enabled","adv-header-id-meta":"","stick-header-meta":"","header-above-stick-meta":"","header-main-stick-meta":"","header-below-stick-meta":"","astra-migrate-meta-layouts":"set","ast-page-background-enabled":"default","ast-page-background-meta":{"desktop":{"background-color":"var(--ast-global-color-4)","background-image":"","background-repeat":"repeat","background-position":"center center","background-size":"auto","background-attachment":"scroll","background-type":"","background-media":"","overlay-type":"","overlay-color":"","overlay-opacity":"","overlay-gradient":""},"tablet":{"background-color":"","background-image":"","background-repeat":"repeat","background-position":"center center","background-size":"auto","background-attachment":"scroll","background-type":"","background-media":"","overlay-type":"","overlay-color":"","overlay-opacity":"","overlay-gradient":""},"mobile":{"background-color":"","background-image":"","background-repeat":"repeat","background-position":"center center","background-size":"auto","background-attachment":"scroll","background-type":"","background-media":"","overlay-type":"","overlay-color":"","overlay-opacity":"","overlay-gradient":""}},"ast-content-background-meta":{"desktop":{"background-color":"var(--ast-global-color-5)","background-image":"","background-repeat":"repeat","background-position":"center center","background-size":"auto","background-attachment":"scroll","background-type":"","background-media":"","overlay-type":"","overlay-color":"","overlay-opacity":"","overlay-gradient":""},"tablet":{"background-color":"var(--ast-global-color-5)","background-image":"","background-repeat":"repeat","background-position":"center center","background-size":"auto","background-attachment":"scroll","background-type":"","background-media":"","overlay-type":"","overlay-color":"","overlay-opacity":"","overlay-gradient":""},"mobile":{"background-color":"var(--ast-global-color-5)","background-image":"","background-repeat":"repeat","background-position":"center center","background-size":"auto","background-attachment":"scroll","background-type":"","background-media":"","overlay-type":"","overlay-color":"","overlay-opacity":"","overlay-gradient":""}},"footnotes":""},"class_list":["post-3878","page","type-page","status-publish","hentry"],"yoast_head":"<!-- This site is optimized with the Yoast SEO plugin v27.4 - https:\/\/yoast.com\/product\/yoast-seo-wordpress\/ -->\n<title>Strate\u0161ki okvir za savremeni rad - Osnovna \u0161kola &quot;MB&quot;<\/title>\n<meta name=\"robots\" content=\"index, follow, max-snippet:-1, max-image-preview:large, max-video-preview:-1\" \/>\n<link rel=\"canonical\" href=\"https:\/\/mbosnovnaskola.mbuniverzitet.edu.rs\/en\/strateski-okvir-za-savremeni-rad\/\" \/>\n<meta property=\"og:locale\" content=\"en_GB\" \/>\n<meta property=\"og:type\" content=\"article\" \/>\n<meta property=\"og:title\" content=\"Strate\u0161ki okvir za savremeni rad - Osnovna \u0161kola &quot;MB&quot;\" \/>\n<meta property=\"og:description\" content=\"STRATE\u0160KI OKVIR ZA SAVREMENI RAD INOVATIVAN PRISTUP U SLU\u017dBI CELOVITOG \u0160KOLSKOG ISKUSTVA U Osnovnoj \u0161koli \u201eMB\u201c neguje se poseban model rada koji pru\u017ea kompletnu dimenziju \u0161kolovanja \u2013 za u\u010denike, roditelje i nastavnike. Nastavni plan i program realizuje se na kreativan i inovativan na\u010din, \u0161to svakom \u010dasu daje dodatnu vrednost: on postaje sadr\u017eajniji, kvalitetniji i privla\u010dniji [&hellip;]\" \/>\n<meta property=\"og:url\" content=\"https:\/\/mbosnovnaskola.mbuniverzitet.edu.rs\/en\/strateski-okvir-za-savremeni-rad\/\" \/>\n<meta property=\"og:site_name\" content=\"Osnovna \u0161kola &quot;MB&quot;\" \/>\n<meta property=\"article:modified_time\" content=\"2025-09-26T08:12:40+00:00\" \/>\n<meta name=\"twitter:card\" content=\"summary_large_image\" \/>\n<meta name=\"twitter:label1\" content=\"Estimated reading time\" \/>\n\t<meta name=\"twitter:data1\" content=\"2 minutes\" \/>\n<script type=\"application\/ld+json\" class=\"yoast-schema-graph\">{\"@context\":\"https:\\\/\\\/schema.org\",\"@graph\":[{\"@type\":\"WebPage\",\"@id\":\"https:\\\/\\\/mbosnovnaskola.mbuniverzitet.edu.rs\\\/strateski-okvir-za-savremeni-rad\\\/\",\"url\":\"https:\\\/\\\/mbosnovnaskola.mbuniverzitet.edu.rs\\\/strateski-okvir-za-savremeni-rad\\\/\",\"name\":\"Strate\u0161ki okvir za savremeni rad - Osnovna \u0161kola &quot;MB&quot;\",\"isPartOf\":{\"@id\":\"https:\\\/\\\/mbosnovnaskola.mbuniverzitet.edu.rs\\\/#website\"},\"datePublished\":\"2025-09-22T11:20:49+00:00\",\"dateModified\":\"2025-09-26T08:12:40+00:00\",\"breadcrumb\":{\"@id\":\"https:\\\/\\\/mbosnovnaskola.mbuniverzitet.edu.rs\\\/strateski-okvir-za-savremeni-rad\\\/#breadcrumb\"},\"inLanguage\":\"en-GB\",\"potentialAction\":[{\"@type\":\"ReadAction\",\"target\":[\"https:\\\/\\\/mbosnovnaskola.mbuniverzitet.edu.rs\\\/strateski-okvir-za-savremeni-rad\\\/\"]}]},{\"@type\":\"BreadcrumbList\",\"@id\":\"https:\\\/\\\/mbosnovnaskola.mbuniverzitet.edu.rs\\\/strateski-okvir-za-savremeni-rad\\\/#breadcrumb\",\"itemListElement\":[{\"@type\":\"ListItem\",\"position\":1,\"name\":\"Home\",\"item\":\"https:\\\/\\\/mbosnovnaskola.mbuniverzitet.edu.rs\\\/\"},{\"@type\":\"ListItem\",\"position\":2,\"name\":\"Strate\u0161ki okvir za savremeni rad\"}]},{\"@type\":\"WebSite\",\"@id\":\"https:\\\/\\\/mbosnovnaskola.mbuniverzitet.edu.rs\\\/#website\",\"url\":\"https:\\\/\\\/mbosnovnaskola.mbuniverzitet.edu.rs\\\/\",\"name\":\"mbosnovnaskola.mbuniverzitet.edu.rs\",\"description\":\"\",\"publisher\":{\"@id\":\"https:\\\/\\\/mbosnovnaskola.mbuniverzitet.edu.rs\\\/#organization\"},\"potentialAction\":[{\"@type\":\"SearchAction\",\"target\":{\"@type\":\"EntryPoint\",\"urlTemplate\":\"https:\\\/\\\/mbosnovnaskola.mbuniverzitet.edu.rs\\\/?s={search_term_string}\"},\"query-input\":{\"@type\":\"PropertyValueSpecification\",\"valueRequired\":true,\"valueName\":\"search_term_string\"}}],\"inLanguage\":\"en-GB\"},{\"@type\":\"Organization\",\"@id\":\"https:\\\/\\\/mbosnovnaskola.mbuniverzitet.edu.rs\\\/#organization\",\"name\":\"Osnovna \u0161kola \\\"MB\\\"\",\"url\":\"https:\\\/\\\/mbosnovnaskola.mbuniverzitet.edu.rs\\\/\",\"logo\":{\"@type\":\"ImageObject\",\"inLanguage\":\"en-GB\",\"@id\":\"https:\\\/\\\/mbosnovnaskola.mbuniverzitet.edu.rs\\\/#\\\/schema\\\/logo\\\/image\\\/\",\"url\":\"https:\\\/\\\/mbosnovnaskola.mbuniverzitet.edu.rs\\\/wp-content\\\/uploads\\\/2024\\\/10\\\/OS-MB-logo.png\",\"contentUrl\":\"https:\\\/\\\/mbosnovnaskola.mbuniverzitet.edu.rs\\\/wp-content\\\/uploads\\\/2024\\\/10\\\/OS-MB-logo.png\",\"width\":200,\"height\":134,\"caption\":\"Osnovna \u0161kola \\\"MB\\\"\"},\"image\":{\"@id\":\"https:\\\/\\\/mbosnovnaskola.mbuniverzitet.edu.rs\\\/#\\\/schema\\\/logo\\\/image\\\/\"}}]}<\/script>\n<!-- \/ Yoast SEO plugin. -->","yoast_head_json":{"title":"Strate\u0161ki okvir za savremeni rad - Osnovna \u0161kola &quot;MB&quot;","robots":{"index":"index","follow":"follow","max-snippet":"max-snippet:-1","max-image-preview":"max-image-preview:large","max-video-preview":"max-video-preview:-1"},"canonical":"https:\/\/mbosnovnaskola.mbuniverzitet.edu.rs\/en\/strateski-okvir-za-savremeni-rad\/","og_locale":"en_GB","og_type":"article","og_title":"Strate\u0161ki okvir za savremeni rad - Osnovna \u0161kola &quot;MB&quot;","og_description":"STRATE\u0160KI OKVIR ZA SAVREMENI RAD INOVATIVAN PRISTUP U SLU\u017dBI CELOVITOG \u0160KOLSKOG ISKUSTVA U Osnovnoj \u0161koli \u201eMB\u201c neguje se poseban model rada koji pru\u017ea kompletnu dimenziju \u0161kolovanja \u2013 za u\u010denike, roditelje i nastavnike. Nastavni plan i program realizuje se na kreativan i inovativan na\u010din, \u0161to svakom \u010dasu daje dodatnu vrednost: on postaje sadr\u017eajniji, kvalitetniji i privla\u010dniji [&hellip;]","og_url":"https:\/\/mbosnovnaskola.mbuniverzitet.edu.rs\/en\/strateski-okvir-za-savremeni-rad\/","og_site_name":"Osnovna \u0161kola &quot;MB&quot;","article_modified_time":"2025-09-26T08:12:40+00:00","twitter_card":"summary_large_image","twitter_misc":{"Estimated reading time":"2 minutes"},"schema":{"@context":"https:\/\/schema.org","@graph":[{"@type":"WebPage","@id":"https:\/\/mbosnovnaskola.mbuniverzitet.edu.rs\/strateski-okvir-za-savremeni-rad\/","url":"https:\/\/mbosnovnaskola.mbuniverzitet.edu.rs\/strateski-okvir-za-savremeni-rad\/","name":"Strate\u0161ki okvir za savremeni rad - Osnovna \u0161kola &quot;MB&quot;","isPartOf":{"@id":"https:\/\/mbosnovnaskola.mbuniverzitet.edu.rs\/#website"},"datePublished":"2025-09-22T11:20:49+00:00","dateModified":"2025-09-26T08:12:40+00:00","breadcrumb":{"@id":"https:\/\/mbosnovnaskola.mbuniverzitet.edu.rs\/strateski-okvir-za-savremeni-rad\/#breadcrumb"},"inLanguage":"en-GB","potentialAction":[{"@type":"ReadAction","target":["https:\/\/mbosnovnaskola.mbuniverzitet.edu.rs\/strateski-okvir-za-savremeni-rad\/"]}]},{"@type":"BreadcrumbList","@id":"https:\/\/mbosnovnaskola.mbuniverzitet.edu.rs\/strateski-okvir-za-savremeni-rad\/#breadcrumb","itemListElement":[{"@type":"ListItem","position":1,"name":"Home","item":"https:\/\/mbosnovnaskola.mbuniverzitet.edu.rs\/"},{"@type":"ListItem","position":2,"name":"Strate\u0161ki okvir za savremeni rad"}]},{"@type":"WebSite","@id":"https:\/\/mbosnovnaskola.mbuniverzitet.edu.rs\/#website","url":"https:\/\/mbosnovnaskola.mbuniverzitet.edu.rs\/","name":"mbosnovnaskola.mbuniverzitet.edu.rs","description":"","publisher":{"@id":"https:\/\/mbosnovnaskola.mbuniverzitet.edu.rs\/#organization"},"potentialAction":[{"@type":"SearchAction","target":{"@type":"EntryPoint","urlTemplate":"https:\/\/mbosnovnaskola.mbuniverzitet.edu.rs\/?s={search_term_string}"},"query-input":{"@type":"PropertyValueSpecification","valueRequired":true,"valueName":"search_term_string"}}],"inLanguage":"en-GB"},{"@type":"Organization","@id":"https:\/\/mbosnovnaskola.mbuniverzitet.edu.rs\/#organization","name":"Osnovna \u0161kola \"MB\"","url":"https:\/\/mbosnovnaskola.mbuniverzitet.edu.rs\/","logo":{"@type":"ImageObject","inLanguage":"en-GB","@id":"https:\/\/mbosnovnaskola.mbuniverzitet.edu.rs\/#\/schema\/logo\/image\/","url":"https:\/\/mbosnovnaskola.mbuniverzitet.edu.rs\/wp-content\/uploads\/2024\/10\/OS-MB-logo.png","contentUrl":"https:\/\/mbosnovnaskola.mbuniverzitet.edu.rs\/wp-content\/uploads\/2024\/10\/OS-MB-logo.png","width":200,"height":134,"caption":"Osnovna \u0161kola \"MB\""},"image":{"@id":"https:\/\/mbosnovnaskola.mbuniverzitet.edu.rs\/#\/schema\/logo\/image\/"}}]}},"_links":{"self":[{"href":"https:\/\/mbosnovnaskola.mbuniverzitet.edu.rs\/en\/wp-json\/wp\/v2\/pages\/3878","targetHints":{"allow":["GET"]}}],"collection":[{"href":"https:\/\/mbosnovnaskola.mbuniverzitet.edu.rs\/en\/wp-json\/wp\/v2\/pages"}],"about":[{"href":"https:\/\/mbosnovnaskola.mbuniverzitet.edu.rs\/en\/wp-json\/wp\/v2\/types\/page"}],"author":[{"embeddable":true,"href":"https:\/\/mbosnovnaskola.mbuniverzitet.edu.rs\/en\/wp-json\/wp\/v2\/users\/1"}],"replies":[{"embeddable":true,"href":"https:\/\/mbosnovnaskola.mbuniverzitet.edu.rs\/en\/wp-json\/wp\/v2\/comments?post=3878"}],"version-history":[{"count":0,"href":"https:\/\/mbosnovnaskola.mbuniverzitet.edu.rs\/en\/wp-json\/wp\/v2\/pages\/3878\/revisions"}],"wp:attachment":[{"href":"https:\/\/mbosnovnaskola.mbuniverzitet.edu.rs\/en\/wp-json\/wp\/v2\/media?parent=3878"}],"curies":[{"name":"wp","href":"https:\/\/api.w.org\/{rel}","templated":true}]}}